{"id":7915,"date":"2025-07-15T06:57:26","date_gmt":"2025-07-15T06:57:26","guid":{"rendered":"https:\/\/belloterra.es\/producto\/salchichon-de-solomillo-iberico-con-trufa\/"},"modified":"2025-08-26T08:02:46","modified_gmt":"2025-08-26T08:02:46","slug":"salchichon-de-solomillo-iberico-con-trufa","status":"publish","type":"product","link":"https:\/\/belloterra.es\/it\/producto\/salchichon-de-solomillo-iberico-con-trufa\/","title":{"rendered":"Salame di Filetto Iberico al Tartufo"},"content":{"rendered":"","protected":false},"excerpt":{"rendered":"<p data-start=\"86\" data-end=\"398\">Salume di maiale iberico realizzato con uno dei tagli pi\u00f9 pregiati, il filetto. \u00c8 100% naturale e nella sua produzione non vengono utilizzati coloranti n\u00e9 conservanti, rendendo questo salame un prodotto privo di allergeni. Un salume sano, a basso contenuto calorico e innovativo nel settore del maiale iberico.<\/p>\n<p data-start=\"400\" data-end=\"411\" data-is-last-node=\"\" data-is-only-node=\"\"><strong data-start=\"400\" data-end=\"409\">400 g<\/strong><\/p>\n","protected":false},"featured_media":5246,"template":"","meta":[],"product_brand":[],"product_cat":[186,170],"product_tag":[],"class_list":{"0":"post-7915","1":"product","2":"type-product","3":"status-publish","4":"has-post-thumbnail","6":"product_cat-embutidos-it","7":"product_cat-premium-it","9":"first","10":"instock","11":"taxable","12":"shipping-taxable","13":"purchasable","14":"product-type-simple"},"_links":{"self":[{"href":"https:\/\/belloterra.es\/it\/wp-json\/wp\/v2\/product\/7915","targetHints":{"allow":["GET"]}}],"collection":[{"href":"https:\/\/belloterra.es\/it\/wp-json\/wp\/v2\/product"}],"about":[{"href":"https:\/\/belloterra.es\/it\/wp-json\/wp\/v2\/types\/product"}],"wp:featuredmedia":[{"embeddable":true,"href":"https:\/\/belloterra.es\/it\/wp-json\/wp\/v2\/media\/5246"}],"wp:attachment":[{"href":"https:\/\/belloterra.es\/it\/wp-json\/wp\/v2\/media?parent=7915"}],"wp:term":[{"taxonomy":"product_brand","embeddable":true,"href":"https:\/\/belloterra.es\/it\/wp-json\/wp\/v2\/product_brand?post=7915"},{"taxonomy":"product_cat","embeddable":true,"href":"https:\/\/belloterra.es\/it\/wp-json\/wp\/v2\/product_cat?post=7915"},{"taxonomy":"product_tag","embeddable":true,"href":"https:\/\/belloterra.es\/it\/wp-json\/wp\/v2\/product_tag?post=7915"}],"curies":[{"name":"wp","href":"https:\/\/api.w.org\/{rel}","templated":true}]}}