{"id":5265,"date":"2024-07-02T11:47:34","date_gmt":"2024-07-02T11:47:34","guid":{"rendered":"https:\/\/belloterra.es\/\/producto\/chorizo-cular-de-bellota-iberico\/"},"modified":"2025-07-09T05:29:51","modified_gmt":"2025-07-09T05:29:51","slug":"chorizo-cular-de-bellota-iberico","status":"publish","type":"product","link":"https:\/\/belloterra.es\/it\/producto\/chorizo-cular-de-bellota-iberico\/","title":{"rendered":"Chorizo Ib\u00e9rico de Bellota"},"content":{"rendered":"<h2>Caratteristiche del chorizo iberico di bellota<\/h2>\n<p>Questo chorizo iberico di bellota cular \u00e8 insaccato in budello naturale ed \u00e8 preparato con carne magra di prima qualit\u00e0, piment\u00f3n de la Vera e spezie selezionate. La sua stagionatura lenta in cantine tradizionali gli conferisce una consistenza compatta, un aroma avvolgente e un sapore profondo e persistente.<\/p>\n","protected":false},"excerpt":{"rendered":"<p>Il chorizo iberico di bellota cular \u00e8 preparato con carne selezionata di maiali iberici allevati allo stato brado e alimentati con ghiande. Il suo condimento tradizionale e la lenta stagionatura esaltano un sapore intenso, equilibrato e ricco di sfumature.<\/p>\n","protected":false},"featured_media":8725,"template":"","meta":[],"product_brand":[],"product_cat":[186],"product_tag":[],"class_list":{"0":"post-5265","1":"product","2":"type-product","3":"status-publish","4":"has-post-thumbnail","6":"product_cat-embutidos-it","8":"first","9":"instock","10":"taxable","11":"shipping-taxable","12":"purchasable","13":"product-type-simple"},"_links":{"self":[{"href":"https:\/\/belloterra.es\/it\/wp-json\/wp\/v2\/product\/5265","targetHints":{"allow":["GET"]}}],"collection":[{"href":"https:\/\/belloterra.es\/it\/wp-json\/wp\/v2\/product"}],"about":[{"href":"https:\/\/belloterra.es\/it\/wp-json\/wp\/v2\/types\/product"}],"wp:featuredmedia":[{"embeddable":true,"href":"https:\/\/belloterra.es\/it\/wp-json\/wp\/v2\/media\/8725"}],"wp:attachment":[{"href":"https:\/\/belloterra.es\/it\/wp-json\/wp\/v2\/media?parent=5265"}],"wp:term":[{"taxonomy":"product_brand","embeddable":true,"href":"https:\/\/belloterra.es\/it\/wp-json\/wp\/v2\/product_brand?post=5265"},{"taxonomy":"product_cat","embeddable":true,"href":"https:\/\/belloterra.es\/it\/wp-json\/wp\/v2\/product_cat?post=5265"},{"taxonomy":"product_tag","embeddable":true,"href":"https:\/\/belloterra.es\/it\/wp-json\/wp\/v2\/product_tag?post=5265"}],"curies":[{"name":"wp","href":"https:\/\/api.w.org\/{rel}","templated":true}]}}