{"id":5241,"date":"2024-07-02T11:47:35","date_gmt":"2024-07-02T11:47:35","guid":{"rendered":"https:\/\/belloterra.es\/\/producto\/chorizo-de-bellota-iberico-5-bandeja-redonda\/"},"modified":"2025-07-09T09:55:14","modified_gmt":"2025-07-09T09:55:14","slug":"chorizo-de-bellota-iberico-5-bandeja-redonda","status":"publish","type":"product","link":"https:\/\/belloterra.es\/it\/producto\/chorizo-de-bellota-iberico-5-bandeja-redonda\/","title":{"rendered":"Chorizo Ib\u00e9rico de Bellota &#8211; 5 x Vassoio rotondo"},"content":{"rendered":"<p>Il modo pi\u00f9 comodo per gustare il Chorizo de Bellota Ib\u00e9rico, senza perdere nessuna delle sue qualit\u00e0. Presentato in un semplice formato sottovuoto, pronto da aprire e consumare. Si tratta di un vassoio rotondo, pronto per essere posato su un piatto e servito direttamente a tavola.<\/p>\n","protected":false},"excerpt":{"rendered":"<p>5 unit\u00e0 da 80 g ciascuna<\/p>\n","protected":false},"featured_media":8761,"template":"","meta":[],"product_brand":[],"product_cat":[180],"product_tag":[],"class_list":{"0":"post-5241","1":"product","2":"type-product","3":"status-publish","4":"has-post-thumbnail","6":"product_cat-loncheados-it","8":"first","9":"instock","10":"taxable","11":"shipping-taxable","12":"purchasable","13":"product-type-simple"},"_links":{"self":[{"href":"https:\/\/belloterra.es\/it\/wp-json\/wp\/v2\/product\/5241","targetHints":{"allow":["GET"]}}],"collection":[{"href":"https:\/\/belloterra.es\/it\/wp-json\/wp\/v2\/product"}],"about":[{"href":"https:\/\/belloterra.es\/it\/wp-json\/wp\/v2\/types\/product"}],"wp:featuredmedia":[{"embeddable":true,"href":"https:\/\/belloterra.es\/it\/wp-json\/wp\/v2\/media\/8761"}],"wp:attachment":[{"href":"https:\/\/belloterra.es\/it\/wp-json\/wp\/v2\/media?parent=5241"}],"wp:term":[{"taxonomy":"product_brand","embeddable":true,"href":"https:\/\/belloterra.es\/it\/wp-json\/wp\/v2\/product_brand?post=5241"},{"taxonomy":"product_cat","embeddable":true,"href":"https:\/\/belloterra.es\/it\/wp-json\/wp\/v2\/product_cat?post=5241"},{"taxonomy":"product_tag","embeddable":true,"href":"https:\/\/belloterra.es\/it\/wp-json\/wp\/v2\/product_tag?post=5241"}],"curies":[{"name":"wp","href":"https:\/\/api.w.org\/{rel}","templated":true}]}}