{"id":5237,"date":"2024-07-02T11:47:35","date_gmt":"2024-07-02T11:47:35","guid":{"rendered":"https:\/\/belloterra.es\/\/producto\/salchichon-de-bellota-iberico-5-bandeja-redonda\/"},"modified":"2025-07-09T11:17:43","modified_gmt":"2025-07-09T11:17:43","slug":"salchichon-de-bellota-iberico-5-bandeja-redonda","status":"publish","type":"product","link":"https:\/\/belloterra.es\/it\/producto\/salchichon-de-bellota-iberico-5-bandeja-redonda\/","title":{"rendered":"Salchich\u00f3n Ib\u00e9rico de Bellota &#8211; 5 x Vassoio rotondo"},"content":{"rendered":"<p>Il modo pi\u00f9 comodo per gustare il Salchich\u00f3n di Bellota Ib\u00e9rico, senza perdere nessuna delle sue qualit\u00e0. Presentato in un pratico formato sottovuoto, pronto da aprire e consumare. Si tratta di un vassoio rotondo pensato per essere posizionato direttamente su un piatto e servito in tavola.<\/p>\n<h2 data-start=\"0\" data-end=\"53\"><strong data-start=\"0\" data-end=\"53\">Caratteristiche del salchich\u00f3n iberico de bellota<\/strong><\/h2>\n<p data-start=\"55\" data-end=\"350\" data-is-last-node=\"\" data-is-only-node=\"\">Questo salchich\u00f3n cular iberico de bellota \u00e8 preparato con carne magra selezionata di suini iberici allevati allo stato brado e alimentati con ghiande. La stagionatura tradizionale, unita a una miscela equilibrata di pepe ed erbe naturali, esalta il suo profumo intenso e il suo sapore delicato.<\/p>\n","protected":false},"excerpt":{"rendered":"<p>5 unit\u00e0 x 80 g<\/p>\n","protected":false},"featured_media":8757,"template":"","meta":[],"product_brand":[],"product_cat":[180],"product_tag":[],"class_list":{"0":"post-5237","1":"product","2":"type-product","3":"status-publish","4":"has-post-thumbnail","6":"product_cat-loncheados-it","8":"first","9":"instock","10":"taxable","11":"shipping-taxable","12":"purchasable","13":"product-type-simple"},"_links":{"self":[{"href":"https:\/\/belloterra.es\/it\/wp-json\/wp\/v2\/product\/5237","targetHints":{"allow":["GET"]}}],"collection":[{"href":"https:\/\/belloterra.es\/it\/wp-json\/wp\/v2\/product"}],"about":[{"href":"https:\/\/belloterra.es\/it\/wp-json\/wp\/v2\/types\/product"}],"wp:featuredmedia":[{"embeddable":true,"href":"https:\/\/belloterra.es\/it\/wp-json\/wp\/v2\/media\/8757"}],"wp:attachment":[{"href":"https:\/\/belloterra.es\/it\/wp-json\/wp\/v2\/media?parent=5237"}],"wp:term":[{"taxonomy":"product_brand","embeddable":true,"href":"https:\/\/belloterra.es\/it\/wp-json\/wp\/v2\/product_brand?post=5237"},{"taxonomy":"product_cat","embeddable":true,"href":"https:\/\/belloterra.es\/it\/wp-json\/wp\/v2\/product_cat?post=5237"},{"taxonomy":"product_tag","embeddable":true,"href":"https:\/\/belloterra.es\/it\/wp-json\/wp\/v2\/product_tag?post=5237"}],"curies":[{"name":"wp","href":"https:\/\/api.w.org\/{rel}","templated":true}]}}