{"id":5233,"date":"2024-07-02T11:47:35","date_gmt":"2024-07-02T11:47:35","guid":{"rendered":"https:\/\/belloterra.es\/\/producto\/paleta-de-cebo-de-campo-iberica-50-r-i-5-bandeja-redonda\/"},"modified":"2025-07-09T05:25:09","modified_gmt":"2025-07-09T05:25:09","slug":"paleta-de-cebo-de-campo-iberica-50-r-i-5-bandeja-redonda","status":"publish","type":"product","link":"https:\/\/belloterra.es\/it\/producto\/paleta-de-cebo-de-campo-iberica-50-r-i-5-bandeja-redonda\/","title":{"rendered":"Spalla allevato a terra 50% razza iberica affettata &#8211; 5 x Vassoio rotondo"},"content":{"rendered":"<h2>Caratteristiche della paleta ib\u00e9rica 50% di cebo de campo affettata<\/h2>\n<p>Questa paleta proviene da maiali con almeno un genitore di razza iberica, allevati in libert\u00e0 e nutriti con cereali. La sua infiltrazione di grasso e la stagionatura artigianale esaltano il suo sapore, offrendo un morso tenero, con sfumature delicate e un tocco affumicato.<\/p>\n","protected":false},"excerpt":{"rendered":"<p>La paleta ib\u00e9rica 50% di cebo de campo affettata combina il sapore tradizionale con la comodit\u00e0 di un formato pronto per essere gustato. Il suo equilibrio tra succosit\u00e0 e intensit\u00e0 la rende un must per ogni momento gourmet.<\/p>\n","protected":false},"featured_media":8773,"template":"","meta":[],"product_brand":[],"product_cat":[180],"product_tag":[],"class_list":{"0":"post-5233","1":"product","2":"type-product","3":"status-publish","4":"has-post-thumbnail","6":"product_cat-loncheados-it","8":"first","9":"instock","10":"taxable","11":"shipping-taxable","12":"purchasable","13":"product-type-simple"},"_links":{"self":[{"href":"https:\/\/belloterra.es\/it\/wp-json\/wp\/v2\/product\/5233","targetHints":{"allow":["GET"]}}],"collection":[{"href":"https:\/\/belloterra.es\/it\/wp-json\/wp\/v2\/product"}],"about":[{"href":"https:\/\/belloterra.es\/it\/wp-json\/wp\/v2\/types\/product"}],"wp:featuredmedia":[{"embeddable":true,"href":"https:\/\/belloterra.es\/it\/wp-json\/wp\/v2\/media\/8773"}],"wp:attachment":[{"href":"https:\/\/belloterra.es\/it\/wp-json\/wp\/v2\/media?parent=5233"}],"wp:term":[{"taxonomy":"product_brand","embeddable":true,"href":"https:\/\/belloterra.es\/it\/wp-json\/wp\/v2\/product_brand?post=5233"},{"taxonomy":"product_cat","embeddable":true,"href":"https:\/\/belloterra.es\/it\/wp-json\/wp\/v2\/product_cat?post=5233"},{"taxonomy":"product_tag","embeddable":true,"href":"https:\/\/belloterra.es\/it\/wp-json\/wp\/v2\/product_tag?post=5233"}],"curies":[{"name":"wp","href":"https:\/\/api.w.org\/{rel}","templated":true}]}}