{"id":5213,"date":"2024-07-02T11:47:36","date_gmt":"2024-07-02T11:47:36","guid":{"rendered":"https:\/\/belloterra.es\/\/producto\/jamon-de-bellota-100-iberico-d-o-cortado-a-mano-5-estuche-premium\/"},"modified":"2025-08-26T08:47:06","modified_gmt":"2025-08-26T08:47:06","slug":"jamon-de-bellota-100-iberico-d-o-cortado-a-mano-5-estuche-premium","status":"publish","type":"product","link":"https:\/\/belloterra.es\/it\/producto\/jamon-de-bellota-100-iberico-d-o-cortado-a-mano-5-estuche-premium\/","title":{"rendered":"Prosciutto 100% Ib\u00e9rico de Bellota D.O. &#8211; Affettato"},"content":{"rendered":"<h2>Caratteristiche del Prosciutto di Bellota 100% Ib\u00e9rico Sottovuoto<\/h2>\n<p>Questo prosciutto proviene da maiali 100% iberici allevati in libert\u00e0 nella dehesa e alimentati con ghiande. Tagliato a mano e confezionato sottovuoto per preservare le sue propriet\u00e0, garantisce la stessa qualit\u00e0 e esperienza di un pezzo intero, con la comodit\u00e0 di poterlo servire immediatamente.<\/p>\n","protected":false},"excerpt":{"rendered":"<p>Autentico sapore iberico, pronto per essere gustato. Il prosciutto di bellota sottovuoto, tagliato a mano, conserva tutto il suo aroma e la sua consistenza, facilitando il suo consumo in qualsiasi momento. Ogni fetta \u00e8 un&#8217;opera d&#8217;arte.<\/p>\n","protected":false},"featured_media":5214,"template":"","meta":[],"product_brand":[],"product_cat":[180,178,170],"product_tag":[],"class_list":{"0":"post-5213","1":"product","2":"type-product","3":"status-publish","4":"has-post-thumbnail","6":"product_cat-loncheados-it","7":"product_cat-migliori-venditori","8":"product_cat-premium-it","10":"first","11":"instock","12":"taxable","13":"shipping-taxable","14":"purchasable","15":"product-type-simple"},"_links":{"self":[{"href":"https:\/\/belloterra.es\/it\/wp-json\/wp\/v2\/product\/5213","targetHints":{"allow":["GET"]}}],"collection":[{"href":"https:\/\/belloterra.es\/it\/wp-json\/wp\/v2\/product"}],"about":[{"href":"https:\/\/belloterra.es\/it\/wp-json\/wp\/v2\/types\/product"}],"wp:featuredmedia":[{"embeddable":true,"href":"https:\/\/belloterra.es\/it\/wp-json\/wp\/v2\/media\/5214"}],"wp:attachment":[{"href":"https:\/\/belloterra.es\/it\/wp-json\/wp\/v2\/media?parent=5213"}],"wp:term":[{"taxonomy":"product_brand","embeddable":true,"href":"https:\/\/belloterra.es\/it\/wp-json\/wp\/v2\/product_brand?post=5213"},{"taxonomy":"product_cat","embeddable":true,"href":"https:\/\/belloterra.es\/it\/wp-json\/wp\/v2\/product_cat?post=5213"},{"taxonomy":"product_tag","embeddable":true,"href":"https:\/\/belloterra.es\/it\/wp-json\/wp\/v2\/product_tag?post=5213"}],"curies":[{"name":"wp","href":"https:\/\/api.w.org\/{rel}","templated":true}]}}