{"id":5194,"date":"2024-07-02T11:48:02","date_gmt":"2024-07-02T11:48:02","guid":{"rendered":"https:\/\/belloterra.es\/\/producto\/jamon-de-cebo-de-campo-iberico-50-r-i\/"},"modified":"2025-07-09T07:28:42","modified_gmt":"2025-07-09T07:28:42","slug":"jamon-de-cebo-de-campo-iberico-50-r-i","status":"publish","type":"product","link":"https:\/\/belloterra.es\/it\/producto\/jamon-de-cebo-de-campo-iberico-50-r-i\/","title":{"rendered":"Prosciutto Iberico allevato a terra 50% razza iberica"},"content":{"rendered":"<h2>Caratteristiche del prosciutto iberico di cebo di campo<\/h2>\n<p>Questo prosciutto iberico 50% razza iberica proviene da un genitore iberico e uno di razza Duroc. La sua alimentazione a base di cereali e leguminose, unita alla crescita e all&#8217;esercizio all&#8217;aperto, contribuisce a una carne tenera con un equilibrio perfetto di marmorizzatura.<\/p>\n<h2>Prosciutto iberico con bracciale verde<\/h2>\n<p>Il prosciutto iberico con bracciale verde garantisce che il maiale abbia una certa percentuale di razza iberica e sia stato allevato in libert\u00e0, approfittando delle risorse naturali della dehesa. Il suo processo di stagionatura artigianale conferisce un aroma delicato e un sapore morbido con sfumature sottili.<\/p>\n","protected":false},"excerpt":{"rendered":"<p>Prosciutto Iberico allevato a terra 50% razza iberica \u00e8 un perfetto equilibrio tra sapore, tradizione e artigianato. Cresciuto in libert\u00e0 e alimentato con pascoli e cereali naturali, ogni pezzo sviluppa una succosit\u00e0 eccezionale con un tocco morbido e persistente al palato.<\/p>\n","protected":false},"featured_media":5195,"template":"","meta":[],"product_brand":[],"product_cat":[185],"product_tag":[],"class_list":{"0":"post-5194","1":"product","2":"type-product","3":"status-publish","4":"has-post-thumbnail","6":"product_cat-jamones-it","8":"first","9":"instock","10":"taxable","11":"shipping-taxable","12":"purchasable","13":"product-type-variable"},"_links":{"self":[{"href":"https:\/\/belloterra.es\/it\/wp-json\/wp\/v2\/product\/5194","targetHints":{"allow":["GET"]}}],"collection":[{"href":"https:\/\/belloterra.es\/it\/wp-json\/wp\/v2\/product"}],"about":[{"href":"https:\/\/belloterra.es\/it\/wp-json\/wp\/v2\/types\/product"}],"wp:featuredmedia":[{"embeddable":true,"href":"https:\/\/belloterra.es\/it\/wp-json\/wp\/v2\/media\/5195"}],"wp:attachment":[{"href":"https:\/\/belloterra.es\/it\/wp-json\/wp\/v2\/media?parent=5194"}],"wp:term":[{"taxonomy":"product_brand","embeddable":true,"href":"https:\/\/belloterra.es\/it\/wp-json\/wp\/v2\/product_brand?post=5194"},{"taxonomy":"product_cat","embeddable":true,"href":"https:\/\/belloterra.es\/it\/wp-json\/wp\/v2\/product_cat?post=5194"},{"taxonomy":"product_tag","embeddable":true,"href":"https:\/\/belloterra.es\/it\/wp-json\/wp\/v2\/product_tag?post=5194"}],"curies":[{"name":"wp","href":"https:\/\/api.w.org\/{rel}","templated":true}]}}