{"id":5131,"date":"2024-07-02T11:48:03","date_gmt":"2024-07-02T11:48:03","guid":{"rendered":"https:\/\/belloterra.es\/\/producto\/jamon-de-bellota-100-iberico-d-o-los-pedroches\/"},"modified":"2026-03-09T17:36:32","modified_gmt":"2026-03-09T17:36:32","slug":"jamon-de-bellota-100-iberico-d-o-los-pedroches","status":"publish","type":"product","link":"https:\/\/belloterra.es\/it\/producto\/jamon-de-bellota-100-iberico-d-o-los-pedroches\/","title":{"rendered":"Prosciutto 100% Ib\u00e9rico de Bellota D.O. Los Pedroches"},"content":{"rendered":"<h2>Caratteristiche del jam\u00f3n iberico 100% bellota Los Pedroches<\/h2>\n<p>Questo jam\u00f3n iberico DOP Los Pedroches proviene da maiali 100% iberici allevati in libert\u00e0 e alimentati con ghiande. La Denominazione di Origine Protetta Los Pedroches garantisce la sua autenticit\u00e0 e qualit\u00e0, certificando un processo di produzione artigianale che esalta le sue note dolci e i suoi intensi sapori.<\/p>\n<h2>Jam\u00f3n iberico etichetta nera<\/h2>\n<p>L&#8217;etichetta nera \u00e8 il sigillo di purezza del vero jam\u00f3n iberico etichetta nera. Solo i maiali 100% iberici allevati nella montanera (al pascolo libero) ricevono questa distinzione. La sua lenta stagionatura in cantina sotterranea sviluppa una consistenza vellutata e un sapore profondo, prolungato e indimenticabile.<\/p>\n<h2>Scopri il nostro jam\u00f3n iberico del Valle de Los Pedroches<\/h2>\n<p>Nel cuore di C\u00f3rdoba, la Valle de Los Pedroches \u00e8 un paradiso naturale dove i maiali iberici crescono in totale armonia con la dehesa. La ricchezza delle sue querce e il clima ideale creano le condizioni perfette per un jam\u00f3n iberico etichetta nera incomparabile.<\/p>\n","protected":false},"excerpt":{"rendered":"<p>Il jam\u00f3n iberico DOP Los Pedroches \u00e8 un capolavoro della gastronomia iberica. Cresciuto nella dehesa pi\u00f9 pura e stagionato con pazienza, ogni fetta \u00e8 un omaggio alla tradizione. Il suo aroma, la sua consistenza e il suo sapore riflettono l&#8217;eccellenza assoluta.<\/p>\n","protected":false},"featured_media":5132,"template":"","meta":[],"product_brand":[],"product_cat":[178,170,185],"product_tag":[],"class_list":{"0":"post-5131","1":"product","2":"type-product","3":"status-publish","4":"has-post-thumbnail","6":"product_cat-migliori-venditori","7":"product_cat-premium-it","8":"product_cat-jamones-it","10":"first","11":"instock","12":"sale","13":"taxable","14":"shipping-taxable","15":"purchasable","16":"product-type-variable"},"_links":{"self":[{"href":"https:\/\/belloterra.es\/it\/wp-json\/wp\/v2\/product\/5131","targetHints":{"allow":["GET"]}}],"collection":[{"href":"https:\/\/belloterra.es\/it\/wp-json\/wp\/v2\/product"}],"about":[{"href":"https:\/\/belloterra.es\/it\/wp-json\/wp\/v2\/types\/product"}],"wp:featuredmedia":[{"embeddable":true,"href":"https:\/\/belloterra.es\/it\/wp-json\/wp\/v2\/media\/5132"}],"wp:attachment":[{"href":"https:\/\/belloterra.es\/it\/wp-json\/wp\/v2\/media?parent=5131"}],"wp:term":[{"taxonomy":"product_brand","embeddable":true,"href":"https:\/\/belloterra.es\/it\/wp-json\/wp\/v2\/product_brand?post=5131"},{"taxonomy":"product_cat","embeddable":true,"href":"https:\/\/belloterra.es\/it\/wp-json\/wp\/v2\/product_cat?post=5131"},{"taxonomy":"product_tag","embeddable":true,"href":"https:\/\/belloterra.es\/it\/wp-json\/wp\/v2\/product_tag?post=5131"}],"curies":[{"name":"wp","href":"https:\/\/api.w.org\/{rel}","templated":true}]}}