{"id":5407,"date":"2025-05-07T08:50:05","date_gmt":"2025-05-07T08:50:05","guid":{"rendered":"https:\/\/belloterra.es\/\/premios-y-certificaciones\/"},"modified":"2025-08-04T09:02:30","modified_gmt":"2025-08-04T09:02:30","slug":"premios-y-certificaciones","status":"publish","type":"page","link":"https:\/\/belloterra.es\/it\/premios-y-certificaciones\/","title":{"rendered":"Premi e Certificazioni di Qualit\u00e0"},"content":{"rendered":"<section class=\" container-xl block-simple-text type1 \">\n            <div class=\"before_title\"><p>Great taste awards<\/p><\/div>\n                <div class=\"title\"><p>Premio internazionale conferito dalla Guild of Fine Food.<\/p><\/div>\n                <div class=\"description\"><p>I Great Taste Awards sono considerati uno dei pi\u00f9 grandi e affidabili sistemi di accreditamento per alimenti e bevande a livello globale. Per i produttori, ricevere un Great Taste Award significa una convalida della dedizione e dell&#8217;artigianato dei nostri prodotti iberici.<\/p><\/div>\n    <\/section>\n\n<section class=\"block-image-and-years\">\n    <div class=\"container-xl\">\n                    <figure class=\" izq premio\">\n        <img decoding=\"async\" width=\"512\" height=\"499\" src=\"https:\/\/belloterra.es\/wp-content\/uploads\/2025\/08\/premio_great_taste2025.webp\" class=\"premio\" alt=\"\" srcset=\"https:\/\/belloterra.es\/wp-content\/uploads\/2025\/08\/premio_great_taste2025.webp 512w, https:\/\/belloterra.es\/wp-content\/uploads\/2025\/08\/premio_great_taste2025-300x292.webp 300w\" sizes=\"(max-width: 512px) 100vw, 512px\" \/>\n    <\/figure>\n        \n                    <ul class=\"years-list\">\n                                                            <li class=\"year-item \">\n                            2014\n                        <\/li>\n                                                                                <li class=\"year-item \">\n                            2015\n                        <\/li>\n                                                                                <li class=\"year-item \">\n                            2016\n                        <\/li>\n                                                                                <li class=\"year-item \">\n                            2018\n                        <\/li>\n                                                                                <li class=\"year-item \">\n                            2020\n                        <\/li>\n                                                                                <li class=\"year-item \">\n                            2022\n                        <\/li>\n                                                                                <li class=\"year-item \">\n                            2024\n                        <\/li>\n                                                <\/ul>\n            <\/div>\n<\/section>\n\n\n<section class=\" container-xl block-simple-text type1 \">\n                <div class=\"title\"><p>I giudici hanno valutato:<\/p><\/div>\n                <div class=\"description\"><p data-start=\"902\" data-end=\"1185\">Un prosciutto di un bel colore rosso scuro con una buona proporzione di grasso e carne. La carne \u00e8 meravigliosamente succosa e ha un delicato aroma di maiale con un forte e dolce sapore di noce proveniente dalle ghiande. Il grasso era deliziosamente cremoso e si scioglieva in bocca.<\/p>\n<p data-start=\"1187\" data-end=\"1464\">Fettine di prosciutto invitanti con uno strato di grasso burroso. L\u2019aroma \u00e8 seducente, con note di maiale dolce, e il sapore \u00e8 profondo, morbido, con una dolcezza e note erbacee che mantengono il gusto naturale del maiale stagionato. Un delizioso esempio di prosciutto iberico.<\/p>\n<p data-start=\"1466\" data-end=\"1688\">Un prosciutto lucente, finemente marezzato, con una consistenza morbida e succosa che fa venire l&#8217;acquolina in bocca. Il sapore \u00e8 salato, ma anche dolce, con una profondit\u00e0 carnosa. Un prosciutto eccellentemente preparato.<\/p><\/div>\n    <\/section>\n\n<section class=\" container-xl block-simple-text type1  first-block award \">\n            <div class=\"before_title\"><p>Encina d&#8217;Oro<\/p><\/div>\n                <div class=\"title\"><p>Miglior prosciutto iberico di bellota della Valle de los Pedroches<\/p><\/div>\n                <div class=\"description\"><p>L&#8217;Encina d&#8217;Oro \u00e8 un prestigioso riconoscimento assegnato al miglior prosciutto iberico 100% bellota della Denominazione di Origine Protetta (DOP) Los Pedroches. Il nostro prosciutto iberico di bellota \u00e8 stato premiato per il suo sapore ineguagliabile, il suo aroma intenso e la sua texture perfetta.<\/p><\/div>\n    <\/section>\n\n<section class=\"block-image-and-years\">\n    <div class=\"container-xl\">\n                    <figure class=\" izq premio\">\n        <img decoding=\"async\" width=\"634\" height=\"634\" src=\"https:\/\/belloterra.es\/wp-content\/uploads\/2025\/06\/logo-encina-de-oro-6-premios_op.png\" class=\"premio\" alt=\"\" srcset=\"https:\/\/belloterra.es\/wp-content\/uploads\/2025\/06\/logo-encina-de-oro-6-premios_op.png 634w, https:\/\/belloterra.es\/wp-content\/uploads\/2025\/06\/logo-encina-de-oro-6-premios_op-300x300.png 300w, https:\/\/belloterra.es\/wp-content\/uploads\/2025\/06\/logo-encina-de-oro-6-premios_op-150x150.png 150w, https:\/\/belloterra.es\/wp-content\/uploads\/2025\/06\/logo-encina-de-oro-6-premios_op-600x600.png 600w, https:\/\/belloterra.es\/wp-content\/uploads\/2025\/06\/logo-encina-de-oro-6-premios_op-100x100.png 100w\" sizes=\"(max-width: 634px) 100vw, 634px\" \/>\n    <\/figure>\n        \n                    <ul class=\"years-list\">\n                                                            <li class=\"year-item \">\n                            2008\n                        <\/li>\n                                                                                <li class=\"year-item \">\n                            2009\n                        <\/li>\n                                                                                <li class=\"year-item \">\n                            2010\n                        <\/li>\n                                                                                <li class=\"year-item \">\n                            2010\n                        <\/li>\n                                                                                <li class=\"year-item \">\n                            2012\n                        <\/li>\n                                                                                <li class=\"year-item \">\n                            2015\n                        <\/li>\n                                                                                <li class=\"year-item \">\n                            2017\n                        <\/li>\n                                                <\/ul>\n            <\/div>\n<\/section>\n\n\n<section class=\"block-grid-featured-products woocommerce\">\n    <div class=\"container-xl\">\n                    <div class=\"block-header\">\n                                    <div class=\"block-title\">\n                        <p>Lista dei prodotti<\/p>\n                    <\/div>\n                \n                            <\/div>\n        \n                            <div class=\"product-grid\" id=\"swiperFeaturedProducts\">\n                                    <ul class=\"products swiper-wrapper\">\n                                                    \n                                                            <div class=\"swiper-slide\">\n                                    <li class=\"product type-product \">\n        <a href=\"https:\/\/belloterra.es\/producto\/jamon-de-bellota-100-iberico\/\" class=\"woocommerce-loop-product__link \">\n            <figure class=\"attachment-woocommerce_thumbnail\">\n                <img decoding=\"async\" class=\"image-product\" src=\"https:\/\/belloterra.es\/wp-content\/uploads\/2024\/07\/Jamon-de-Bellota-100-Iberico.jpg\" alt=\"Jam\u00f3n de Bellota 100% ib\u00e9rico\">\n                <div class=\"award\">\n                    \n                                    <\/div>\n                <div class=\"bttn bttn-primary\">Scoprire<\/div>\n            <\/figure>\n            <div class=\"wrap\">\n                <div class=\"woocommerce-loop-product__title\">\n                    <div class=\"product-box-title\">\n                        Jam\u00f3n de Bellota 100% ib\u00e9rico\n                    <\/div>\n                <\/div>\n\n                                    <div class=\"product-box-description\">\n                                                 \n                                                    Razza 100% Ib\u00e9rica  \n                                                <div class=\"weight\">7\/8kg<\/div>\n                    <\/div>\n                            <\/div>\n        <\/a>\n    <\/li>\n                                <\/div>\n                                                                                \n                                                            <div class=\"swiper-slide\">\n                                    <li class=\"product type-product \">\n        <a href=\"https:\/\/belloterra.es\/producto\/jamon-de-bellota-100-iberico-d-o-los-pedroches\/\" class=\"woocommerce-loop-product__link \">\n            <figure class=\"attachment-woocommerce_thumbnail\">\n                <img decoding=\"async\" class=\"image-product\" src=\"https:\/\/belloterra.es\/wp-content\/uploads\/2024\/07\/Jamon-de-Bellota-100-Iberico-D.O.-Los-Pedroches-.jpg\" alt=\"Jam\u00f3n de Bellota 100% Ib\u00e9rico D.O. Los Pedroches\">\n                <div class=\"award\">\n                    \n                                                                        <figure class=\"  mb-0 logo-award\">\n        <img decoding=\"async\" width=\"69\" height=\"67\" src=\"https:\/\/belloterra.es\/wp-content\/uploads\/2025\/08\/Logo-Great-Taste-2025_sf.png\" class=\"mb-0 logo-award\" alt=\"\" \/>\n    <\/figure>\n                                                    <figure class=\"  mb-0 logo-award\">\n        <img decoding=\"async\" width=\"67\" height=\"67\" src=\"https:\/\/belloterra.es\/wp-content\/uploads\/2025\/06\/logo-encina-de-oro-black.png\" class=\"mb-0 logo-award\" alt=\"\" \/>\n    <\/figure>\n                                                            <\/div>\n                <div class=\"bttn bttn-primary\">Scoprire<\/div>\n            <\/figure>\n            <div class=\"wrap\">\n                <div class=\"woocommerce-loop-product__title\">\n                    <div class=\"product-box-title\">\n                        Jam\u00f3n de Bellota 100% Ib\u00e9rico D.O. Los Pedroches\n                    <\/div>\n                <\/div>\n\n                                    <div class=\"product-box-description\">\n                                                 \n                                                    Razza 100% Ib\u00e9rica  \n                                                <div class=\"weight\">7\/8kg<\/div>\n                    <\/div>\n                            <\/div>\n        <\/a>\n    <\/li>\n                                <\/div>\n                                                                                \n                                                            <div class=\"swiper-slide\">\n                                    <li class=\"product type-product \">\n        <a href=\"https:\/\/belloterra.es\/producto\/jamon-de-bellota-iberico-50-r-i\/\" class=\"woocommerce-loop-product__link \">\n            <figure class=\"attachment-woocommerce_thumbnail\">\n                <img decoding=\"async\" class=\"image-product\" src=\"https:\/\/belloterra.es\/wp-content\/uploads\/2024\/07\/Jamon-de-Bellota-Iberico-50-R.I.jpg\" alt=\"Jam\u00f3n de Bellota 50% R.I.\">\n                <div class=\"award\">\n                    \n                                    <\/div>\n                <div class=\"bttn bttn-primary\">Scoprire<\/div>\n            <\/figure>\n            <div class=\"wrap\">\n                <div class=\"woocommerce-loop-product__title\">\n                    <div class=\"product-box-title\">\n                        Jam\u00f3n de Bellota 50% R.I.\n                    <\/div>\n                <\/div>\n\n                                    <div class=\"product-box-description\">\n                                                 \n                                                    Maiali cresciuti in libert\u00e0  \n                                                <div class=\"weight\">7\/8kg<\/div>\n                    <\/div>\n                            <\/div>\n        <\/a>\n    <\/li>\n                                <\/div>\n                                                                        <\/ul>\n                            <\/div>\n        \n                               \n                                    <a href=\"https:\/\/belloterra.es\/categoria-producto\/jamones\/ \"\n                        class=\"bttn bttn-tertiary\">Tutti i prodotti iberici<\/a>\n                                        <\/div>\n<\/section>\n\n\n<section class=\"container-xl block-certifications\">\n\n            <div class=\"wrap-text\">\n                            <div class=\"title\"><p>Le nostre certificazioni di qualit\u00e0<\/p><\/div>\n                                        <div class=\"description\"><p>Produciamo ogni nostro prodotto seguendo i pi\u00f9 rigidi standard di qualit\u00e0 e con certificazioni che garantiscono la loro origine e il processo produttivo. Dalla crescita in libert\u00e0 alla stagionatura, ogni fase \u00e8 monitorata per garantire il miglior sapore.<\/p><\/div>\n                    <\/div>\n    \n            <div id=\"swiperCertifications\">\n            <div class=\"wrap-certifications swiper-wrapper\">\n                                    <div class=\"certification swiper-slide\">\n                        <figure class=\"  mb-0 logo-certification\">\n        <img decoding=\"async\" width=\"240\" height=\"211\" src=\"https:\/\/belloterra.es\/wp-content\/uploads\/2025\/07\/cert_brc.webp\" class=\"mb-0 logo-certification\" alt=\"\" \/>\n    <\/figure>\n                    <\/div>\n                                    <div class=\"certification swiper-slide\">\n                        <figure class=\"  mb-0 logo-certification\">\n        <img decoding=\"async\" width=\"240\" height=\"211\" src=\"https:\/\/belloterra.es\/wp-content\/uploads\/2025\/07\/cert_ifs-1.webp\" class=\"mb-0 logo-certification\" alt=\"\" \/>\n    <\/figure>\n                    <\/div>\n                                    <div class=\"certification swiper-slide\">\n                        <figure class=\"  mb-0 logo-certification\">\n        <img decoding=\"async\" width=\"240\" height=\"211\" src=\"https:\/\/belloterra.es\/wp-content\/uploads\/2025\/07\/cert_do-1.webp\" class=\"mb-0 logo-certification\" alt=\"\" \/>\n    <\/figure>\n                    <\/div>\n                            <\/div>\n            <div class=\"swiper-pagination\"><\/div>\n        <\/div>\n    <\/section>\n\n\n<section class=\"block-newsletter\">\n    <div class=\"container-xl\">\n                    <figure class=\" left bg\">\n        <img decoding=\"async\" width=\"527\" height=\"309\" src=\"https:\/\/belloterra.es\/wp-content\/uploads\/2025\/07\/bg_newsletter_new.webp\" class=\"bg\" alt=\"\" srcset=\"https:\/\/belloterra.es\/wp-content\/uploads\/2025\/07\/bg_newsletter_new.webp 527w, https:\/\/belloterra.es\/wp-content\/uploads\/2025\/07\/bg_newsletter_new-300x176.webp 300w\" sizes=\"(max-width: 527px) 100vw, 527px\" \/>\n    <\/figure>\n        \n        <div class=\"content\">\n                            <div class=\"title\"><p>Iscriviti alla nostra newsletter<\/p>\n<\/div>\n            \n                            <div class=\"description\">Rimani aggiornato sulle ultime novit\u00e0 dal mondo dei prodotti iberici.<\/div>\n            \n                            <div class=\"form\">\n                    <div class=\"forminator-ui forminator-custom-form forminator-custom-form-5364 forminator-design--default  forminator_ajax\" data-forminator-render=\"0\" data-form=\"forminator-module-5364\" data-uid=\"69eb9388c4420\"><br\/><\/div><form\n\t\t\t\tid=\"forminator-module-5364\"\n\t\t\t\tclass=\"forminator-ui forminator-custom-form forminator-custom-form-5364 forminator-design--default  forminator_ajax\"\n\t\t\t\tmethod=\"post\"\n\t\t\t\tdata-forminator-render=\"0\"\n\t\t\t\tdata-form-id=\"5364\"\n\t\t\t\t data-color-option=\"theme\" data-design=\"default\" data-grid=\"open\" style=\"display: none;\"\n\t\t\t\tdata-uid=\"69eb9388c4420\"\n\t\t\t><div role=\"alert\" aria-live=\"polite\" class=\"forminator-response-message forminator-error\" aria-hidden=\"true\"><\/div><div class=\"forminator-row\"><div id=\"email-1\" class=\"forminator-field-email forminator-col forminator-col-12 \"><div class=\"forminator-field\"><input type=\"email\" name=\"email-1\" value=\"\" placeholder=\"Inserire l&#039;indirizzo e-mail\" id=\"forminator-field-email-1_69eb9388c4420\" class=\"forminator-input forminator-email--field\" data-required=\"true\" aria-required=\"true\" autocomplete=\"email\" \/><\/div><\/div><\/div><div class=\"forminator-row\" style=\"margin: 0;\"><div id=\"captcha-1\" class=\"forminator-field-captcha  forminator-col-12 \"><div class=\"forminator-captcha-left forminator-g-recaptcha recaptcha-invisible\" data-theme=\"light\" data-badge=\"bottomright\" data-sitekey=\"6LdDl4MrAAAAAJKLOiKZnxSv9Li0WuTLQj5lIPPl\" data-size=\"invisible\"><\/div> <\/div><\/div><div class=\"forminator-row\"><div id=\"consent-1\" class=\"forminator-field-consent forminator-col forminator-col-12 \"><div class=\"forminator-field\"><div class=\"forminator-checkbox__wrapper\"><label id=\"forminator-field-consent-1_69eb9388c4420__label\" class=\"forminator-checkbox forminator-consent\"><input type=\"checkbox\" name=\"consent-1\" id=\"forminator-field-consent-1_69eb9388c4420\" value=\"checked\" aria-labelledby=\"forminator-field-consent-1_69eb9388c4420-label\" aria-describedby=\"forminator-field-consent-1_69eb9388c4420__description\" data-required=\"true\" aria-required=\"true\" \/><span class=\"forminator-checkbox-box\" aria-hidden=\"true\"><\/span><\/label><div id=\"forminator-field-consent-1_69eb9388c4420__description\" class=\"forminator-checkbox__label forminator-consent__label\"><p>Ho letto e accetto l&#8217;Informativa <a href=\"\/it\/politica-sulla-riservatezza\/\">sulla privacy.<\/a><\/p><\/div><\/div><\/div><\/div><\/div><input type=\"hidden\" name=\"referer_url\" value=\"\" \/><div class=\"forminator-row forminator-row-last\"><div class=\"forminator-col\"><div class=\"forminator-field\"><button class=\"forminator-button forminator-button-submit\">Abbonarsi<\/button><\/div><\/div><\/div><input type=\"hidden\" id=\"forminator_nonce\" name=\"forminator_nonce\" value=\"4e7ea610ec\" \/><input type=\"hidden\" name=\"_wp_http_referer\" value=\"\/it\/wp-json\/wp\/v2\/pages\/5407\" \/><input type=\"hidden\" name=\"form_id\" value=\"5364\"><input type=\"hidden\" name=\"page_id\" value=\"5407\"><input type=\"hidden\" name=\"form_type\" value=\"default\"><input type=\"hidden\" name=\"current_url\" value=\"https:\/\/belloterra.es\/it\/premios-y-certificaciones\/\"><input type=\"hidden\" name=\"render_id\" value=\"0\"><input type=\"hidden\" name=\"action\" value=\"forminator_submit_form_custom-forms\"><label for=\"input_3\" class=\"forminator-hidden\" aria-hidden=\"true\">Please do not fill in this field. <input id=\"input_3\" type=\"text\" name=\"input_3\" value=\"\" autocomplete=\"off\"><\/label><\/form>\n                <\/div>\n                    <\/div>\n    <\/div>\n<\/section>\n","protected":false},"excerpt":{"rendered":"","protected":false},"author":1,"featured_media":0,"parent":0,"menu_order":0,"comment_status":"closed","ping_status":"closed","template":"","meta":{"footnotes":""},"class_list":["post-5407","page","type-page","status-publish","hentry"],"_links":{"self":[{"href":"https:\/\/belloterra.es\/it\/wp-json\/wp\/v2\/pages\/5407","targetHints":{"allow":["GET"]}}],"collection":[{"href":"https:\/\/belloterra.es\/it\/wp-json\/wp\/v2\/pages"}],"about":[{"href":"https:\/\/belloterra.es\/it\/wp-json\/wp\/v2\/types\/page"}],"author":[{"embeddable":true,"href":"https:\/\/belloterra.es\/it\/wp-json\/wp\/v2\/users\/1"}],"replies":[{"embeddable":true,"href":"https:\/\/belloterra.es\/it\/wp-json\/wp\/v2\/comments?post=5407"}],"version-history":[{"count":4,"href":"https:\/\/belloterra.es\/it\/wp-json\/wp\/v2\/pages\/5407\/revisions"}],"predecessor-version":[{"id":7888,"href":"https:\/\/belloterra.es\/it\/wp-json\/wp\/v2\/pages\/5407\/revisions\/7888"}],"wp:attachment":[{"href":"https:\/\/belloterra.es\/it\/wp-json\/wp\/v2\/media?parent=5407"}],"curies":[{"name":"wp","href":"https:\/\/api.w.org\/{rel}","templated":true}]}}