{"id":5394,"date":"2025-05-07T08:47:55","date_gmt":"2025-05-07T08:47:55","guid":{"rendered":"https:\/\/belloterra.es\/\/historia\/"},"modified":"2025-07-16T08:59:32","modified_gmt":"2025-07-16T08:59:32","slug":"storia","status":"publish","type":"page","link":"https:\/\/belloterra.es\/it\/storia\/","title":{"rendered":"Storia"},"content":{"rendered":"<section class=\"block-media-text-standar\">\n    <div class=\"container-xl\">\n\n                    <div class=\"wrap-text \">\n                \n                                    <div class=\"content-accordion loaded closed\">\n                                                    <div class=\"title\"><p>20 anni di tradizione<\/p><\/div>\n                        \n                                                    <div class=\"seo-content show description-text\"><p>Belloterra celebra oltre 20 anni di elevazione del prosciutto iberico al rango di arte. Fin dai nostri primi passi nel cuore della regione di Los Pedroches, abbiamo fuso tradizione e creativit\u00e0, trasformando il processo di produzione in un capolavoro. Un amore per il prosciutto e per la cultura trasformato in un prodotto dal sapore unico.<\/p><\/div>\n                                                                    <\/div>\n                            <\/div>\n                <div class=\"image-and-text \">\n                            <div class=\"background-image\">\n                    <figure class=\"  bg-img\">\n        <img decoding=\"async\" width=\"2560\" height=\"1704\" src=\"https:\/\/belloterra.es\/wp-content\/uploads\/2025\/07\/Img_322-scaled.webp\" class=\"bg-img\" alt=\"\" srcset=\"https:\/\/belloterra.es\/wp-content\/uploads\/2025\/07\/Img_322-scaled.webp 2560w, https:\/\/belloterra.es\/wp-content\/uploads\/2025\/07\/Img_322-300x200.webp 300w, https:\/\/belloterra.es\/wp-content\/uploads\/2025\/07\/Img_322-1024x682.webp 1024w, https:\/\/belloterra.es\/wp-content\/uploads\/2025\/07\/Img_322-768x511.webp 768w, https:\/\/belloterra.es\/wp-content\/uploads\/2025\/07\/Img_322-1536x1022.webp 1536w, https:\/\/belloterra.es\/wp-content\/uploads\/2025\/07\/Img_322-2048x1363.webp 2048w, https:\/\/belloterra.es\/wp-content\/uploads\/2025\/07\/Img_322-600x399.webp 600w\" sizes=\"(max-width: 2560px) 100vw, 2560px\" \/>\n    <\/figure>\n                <\/div>\n                    <\/div>\n    <\/div>\n<\/section>\n\n<section class=\" container-xl block-simple-text type1 \">\n                <div class=\"title\"><p>Ci\u00f2 che ci rende straordinari<\/p><\/div>\n                <div class=\"description\"><p>Trattiamo ogni fase della produzione come un processo creativo, simile a quello di un pittore che cura ogni pennellata della sua opera. Dalla crescita dei nostri maiali fino al confezionamento finale, ogni passaggio \u00e8 pensato per garantire un prodotto straordinario per i palati pi\u00f9 esigenti.<\/p><\/div>\n    <\/section>\n\n<section class=\"block-media-and-text-bto \">\n    <div class=\"container-xl\">\n\n                    <figure class=\" cover left\">\n        <img decoding=\"async\" width=\"2560\" height=\"1714\" src=\"https:\/\/belloterra.es\/wp-content\/uploads\/2025\/07\/Img_Cerdos-y-dehesa-scaled.webp\" class=\"left\" alt=\"\" srcset=\"https:\/\/belloterra.es\/wp-content\/uploads\/2025\/07\/Img_Cerdos-y-dehesa-scaled.webp 2560w, https:\/\/belloterra.es\/wp-content\/uploads\/2025\/07\/Img_Cerdos-y-dehesa-300x201.webp 300w, https:\/\/belloterra.es\/wp-content\/uploads\/2025\/07\/Img_Cerdos-y-dehesa-1024x685.webp 1024w, https:\/\/belloterra.es\/wp-content\/uploads\/2025\/07\/Img_Cerdos-y-dehesa-768x514.webp 768w, https:\/\/belloterra.es\/wp-content\/uploads\/2025\/07\/Img_Cerdos-y-dehesa-1536x1028.webp 1536w, https:\/\/belloterra.es\/wp-content\/uploads\/2025\/07\/Img_Cerdos-y-dehesa-2048x1371.webp 2048w, https:\/\/belloterra.es\/wp-content\/uploads\/2025\/07\/Img_Cerdos-y-dehesa-600x402.webp 600w\" sizes=\"(max-width: 2560px) 100vw, 2560px\" \/>\n    <\/figure>\n        \n        <div class=\"content left\">\n                            <div class=\"title\"><p>La dehesa<\/p><\/div>\n            \n                            <div class=\"description\"><p>La nostra dehesa, situata nel cuore della regione di Los Pedroches, offre un ecosistema unico che permette ai nostri maiali iberici di vivere liberi, nutrendosi della miglior materia prima: la ghianda di quercia. Questo ambiente naturale, con i suoi vasti pascoli e la sua biodiversit\u00e0, \u00e8 essenziale per un allevamento che preserva la tradizione di un prodotto di alta qualit\u00e0.<\/p><\/div>\n            \n                                                <a href=\"https:\/\/belloterra.es\/dehesa\/\" class=\"bttn bttn-primary\">\n                        Scopri di pi\u00f9\n                    <\/a>\n                                    <\/div>\n\n    <\/div>\n<\/section>\n\n\n<section class=\"block-media-text-standar\">\n    <div class=\"container-xl\">\n\n                    <div class=\"wrap-text right\">\n                \n                                    <div class=\"content-accordion loaded closed\">\n                                                    <div class=\"title\"><p>La passione<\/p><\/div>\n                        \n                                                    <div class=\"seo-content show description-text\"><p>La passione per quello che facciamo \u00e8 al centro di Belloterra. Non produciamo solo prosciutto iberico, ma lo facciamo con un profondo rispetto per la tradizione, il processo artigianale e l&#8217;ambiente che ci circonda. Ogni pezzo che creiamo porta con s\u00e9 l&#8217;impegno e l&#8217;amore per l&#8217;autentico. Questa passione, tramandata di generazione in generazione, si riflette nei nostri prodotti e nell&#8217;attenzione che mettiamo in ogni dettaglio.<\/p><\/div>\n                                                                    <\/div>\n                            <\/div>\n                <div class=\"image-and-text right\">\n                            <div class=\"background-image\">\n                    <figure class=\" right bg-img\">\n        <img decoding=\"async\" width=\"1127\" height=\"664\" src=\"https:\/\/belloterra.es\/wp-content\/uploads\/2025\/05\/belloterra_ganaderia.webp\" class=\"bg-img\" alt=\"\" srcset=\"https:\/\/belloterra.es\/wp-content\/uploads\/2025\/05\/belloterra_ganaderia.webp 1127w, https:\/\/belloterra.es\/wp-content\/uploads\/2025\/05\/belloterra_ganaderia-300x177.webp 300w, https:\/\/belloterra.es\/wp-content\/uploads\/2025\/05\/belloterra_ganaderia-1024x603.webp 1024w, https:\/\/belloterra.es\/wp-content\/uploads\/2025\/05\/belloterra_ganaderia-768x452.webp 768w, https:\/\/belloterra.es\/wp-content\/uploads\/2025\/05\/belloterra_ganaderia-600x354.webp 600w\" sizes=\"(max-width: 1127px) 100vw, 1127px\" \/>\n    <\/figure>\n                <\/div>\n                    <\/div>\n    <\/div>\n<\/section>\n\n<section class=\"block-media-and-text-bto \">\n    <div class=\"container-xl\">\n\n                    <figure class=\" cover left\">\n        <img decoding=\"async\" width=\"2116\" height=\"1417\" src=\"https:\/\/belloterra.es\/wp-content\/uploads\/2025\/07\/rsr-1729-6981-L.webp\" class=\"left\" alt=\"\" srcset=\"https:\/\/belloterra.es\/wp-content\/uploads\/2025\/07\/rsr-1729-6981-L.webp 2116w, https:\/\/belloterra.es\/wp-content\/uploads\/2025\/07\/rsr-1729-6981-L-300x201.webp 300w, https:\/\/belloterra.es\/wp-content\/uploads\/2025\/07\/rsr-1729-6981-L-1024x686.webp 1024w, https:\/\/belloterra.es\/wp-content\/uploads\/2025\/07\/rsr-1729-6981-L-768x514.webp 768w, https:\/\/belloterra.es\/wp-content\/uploads\/2025\/07\/rsr-1729-6981-L-1536x1029.webp 1536w, https:\/\/belloterra.es\/wp-content\/uploads\/2025\/07\/rsr-1729-6981-L-2048x1371.webp 2048w, https:\/\/belloterra.es\/wp-content\/uploads\/2025\/07\/rsr-1729-6981-L-600x402.webp 600w\" sizes=\"(max-width: 2116px) 100vw, 2116px\" \/>\n    <\/figure>\n        \n        <div class=\"content left\">\n                            <div class=\"title\"><p>Il nostro bestiame<\/p><\/div>\n            \n                            <div class=\"description\"><p>La gestione del bestiame \u00e8 una delle nostre grandi forze, permettendoci di avere un controllo totale sul processo produttivo, dalla crescita alla trasformazione finale del prodotto. In Belloterra abbiamo un bestiame proprio, allevato sotto rigorose condizioni che assicurano il benessere degli animali. Questo ci garantisce una tracciabilit\u00e0 completa del processo per essere sempre all&#8217;altezza delle aspettative dei nostri clienti.<\/p><\/div>\n            \n                                                <a href=\"https:\/\/belloterra.es\/ganaderia-propia\/\" class=\"bttn bttn-primary\">\n                        Scopri di pi\u00f9\n                    <\/a>\n                                    <\/div>\n\n    <\/div>\n<\/section>\n\n\n<section class=\"container-xl block-special-selection\">\n\n    <div class=\"content\">\n        \n        <div class=\"wrap-text\">\n                            <div class=\"title\"><p>Assapora tradizione, essenza e maestria<\/p>\n<\/div>\n            \n            \n                            \n                                            <a href=\"https:\/\/belloterra.es\/categoria-producto\/jamones\/\"\n                            class=\"bttn bttn-primary\">\n                            Scopri i nostri prosciutti\n                        <\/a>\n                                                        <\/div>\n                    <figure class=\" right image-banner\">\n        <img decoding=\"async\" width=\"1080\" height=\"1080\" src=\"https:\/\/belloterra.es\/wp-content\/uploads\/2025\/07\/Diseno-sin-titulo-21.png\" class=\"image-banner\" alt=\"\" srcset=\"https:\/\/belloterra.es\/wp-content\/uploads\/2025\/07\/Diseno-sin-titulo-21.png 1080w, https:\/\/belloterra.es\/wp-content\/uploads\/2025\/07\/Diseno-sin-titulo-21-300x300.png 300w, https:\/\/belloterra.es\/wp-content\/uploads\/2025\/07\/Diseno-sin-titulo-21-1024x1024.png 1024w, https:\/\/belloterra.es\/wp-content\/uploads\/2025\/07\/Diseno-sin-titulo-21-150x150.png 150w, https:\/\/belloterra.es\/wp-content\/uploads\/2025\/07\/Diseno-sin-titulo-21-768x768.png 768w, https:\/\/belloterra.es\/wp-content\/uploads\/2025\/07\/Diseno-sin-titulo-21-600x600.png 600w, https:\/\/belloterra.es\/wp-content\/uploads\/2025\/07\/Diseno-sin-titulo-21-100x100.png 100w\" sizes=\"(max-width: 1080px) 100vw, 1080px\" \/>\n    <\/figure>\n                <\/div>\n<\/section>\n\n\n<section class=\"block-newsletter\">\n    <div class=\"container-xl\">\n                    <figure class=\" left bg\">\n        <img decoding=\"async\" width=\"527\" height=\"309\" src=\"https:\/\/belloterra.es\/wp-content\/uploads\/2025\/07\/bg_newsletter_new.webp\" class=\"bg\" alt=\"\" srcset=\"https:\/\/belloterra.es\/wp-content\/uploads\/2025\/07\/bg_newsletter_new.webp 527w, https:\/\/belloterra.es\/wp-content\/uploads\/2025\/07\/bg_newsletter_new-300x176.webp 300w\" sizes=\"(max-width: 527px) 100vw, 527px\" \/>\n    <\/figure>\n        \n        <div class=\"content\">\n                            <div class=\"title\"><p>Iscriviti alla nostra newsletter<\/p>\n<\/div>\n            \n                            <div class=\"description\">Rimani aggiornato sulle ultime novit\u00e0 dal mondo dei prodotti iberici.<\/div>\n            \n                            <div class=\"form\">\n                    <div class=\"forminator-ui forminator-custom-form forminator-custom-form-5364 forminator-design--default  forminator_ajax\" data-forminator-render=\"0\" data-form=\"forminator-module-5364\" data-uid=\"69eb937cb149b\"><br\/><\/div><form\n\t\t\t\tid=\"forminator-module-5364\"\n\t\t\t\tclass=\"forminator-ui forminator-custom-form forminator-custom-form-5364 forminator-design--default  forminator_ajax\"\n\t\t\t\tmethod=\"post\"\n\t\t\t\tdata-forminator-render=\"0\"\n\t\t\t\tdata-form-id=\"5364\"\n\t\t\t\t data-color-option=\"theme\" data-design=\"default\" data-grid=\"open\" style=\"display: none;\"\n\t\t\t\tdata-uid=\"69eb937cb149b\"\n\t\t\t><div role=\"alert\" aria-live=\"polite\" class=\"forminator-response-message forminator-error\" aria-hidden=\"true\"><\/div><div class=\"forminator-row\"><div id=\"email-1\" class=\"forminator-field-email forminator-col forminator-col-12 \"><div class=\"forminator-field\"><input type=\"email\" name=\"email-1\" value=\"\" placeholder=\"Inserire l&#039;indirizzo e-mail\" id=\"forminator-field-email-1_69eb937cb149b\" class=\"forminator-input forminator-email--field\" data-required=\"true\" aria-required=\"true\" autocomplete=\"email\" \/><\/div><\/div><\/div><div class=\"forminator-row\" style=\"margin: 0;\"><div id=\"captcha-1\" class=\"forminator-field-captcha  forminator-col-12 \"><div class=\"forminator-captcha-left forminator-g-recaptcha recaptcha-invisible\" data-theme=\"light\" data-badge=\"bottomright\" data-sitekey=\"6LdDl4MrAAAAAJKLOiKZnxSv9Li0WuTLQj5lIPPl\" data-size=\"invisible\"><\/div> <\/div><\/div><div class=\"forminator-row\"><div id=\"consent-1\" class=\"forminator-field-consent forminator-col forminator-col-12 \"><div class=\"forminator-field\"><div class=\"forminator-checkbox__wrapper\"><label id=\"forminator-field-consent-1_69eb937cb149b__label\" class=\"forminator-checkbox forminator-consent\"><input type=\"checkbox\" name=\"consent-1\" id=\"forminator-field-consent-1_69eb937cb149b\" value=\"checked\" aria-labelledby=\"forminator-field-consent-1_69eb937cb149b-label\" aria-describedby=\"forminator-field-consent-1_69eb937cb149b__description\" data-required=\"true\" aria-required=\"true\" \/><span class=\"forminator-checkbox-box\" aria-hidden=\"true\"><\/span><\/label><div id=\"forminator-field-consent-1_69eb937cb149b__description\" class=\"forminator-checkbox__label forminator-consent__label\"><p>Ho letto e accetto l&#8217;Informativa <a href=\"\/it\/politica-sulla-riservatezza\/\">sulla privacy.<\/a><\/p><\/div><\/div><\/div><\/div><\/div><input type=\"hidden\" name=\"referer_url\" value=\"\" \/><div class=\"forminator-row forminator-row-last\"><div class=\"forminator-col\"><div class=\"forminator-field\"><button class=\"forminator-button forminator-button-submit\">Abbonarsi<\/button><\/div><\/div><\/div><input type=\"hidden\" id=\"forminator_nonce\" name=\"forminator_nonce\" value=\"4e7ea610ec\" \/><input type=\"hidden\" name=\"_wp_http_referer\" value=\"\/it\/wp-json\/wp\/v2\/pages\/5394\" \/><input type=\"hidden\" name=\"form_id\" value=\"5364\"><input type=\"hidden\" name=\"page_id\" value=\"5394\"><input type=\"hidden\" name=\"form_type\" value=\"default\"><input type=\"hidden\" name=\"current_url\" value=\"https:\/\/belloterra.es\/it\/storia\/\"><input type=\"hidden\" name=\"render_id\" value=\"0\"><input type=\"hidden\" name=\"action\" value=\"forminator_submit_form_custom-forms\"><label for=\"input_3\" class=\"forminator-hidden\" aria-hidden=\"true\">Please do not fill in this field. <input id=\"input_3\" type=\"text\" name=\"input_3\" value=\"\" autocomplete=\"off\"><\/label><\/form>\n                <\/div>\n                    <\/div>\n    <\/div>\n<\/section>\n","protected":false},"excerpt":{"rendered":"","protected":false},"author":1,"featured_media":0,"parent":0,"menu_order":0,"comment_status":"closed","ping_status":"closed","template":"","meta":{"footnotes":""},"class_list":["post-5394","page","type-page","status-publish","hentry"],"_links":{"self":[{"href":"https:\/\/belloterra.es\/it\/wp-json\/wp\/v2\/pages\/5394","targetHints":{"allow":["GET"]}}],"collection":[{"href":"https:\/\/belloterra.es\/it\/wp-json\/wp\/v2\/pages"}],"about":[{"href":"https:\/\/belloterra.es\/it\/wp-json\/wp\/v2\/types\/page"}],"author":[{"embeddable":true,"href":"https:\/\/belloterra.es\/it\/wp-json\/wp\/v2\/users\/1"}],"replies":[{"embeddable":true,"href":"https:\/\/belloterra.es\/it\/wp-json\/wp\/v2\/comments?post=5394"}],"version-history":[{"count":8,"href":"https:\/\/belloterra.es\/it\/wp-json\/wp\/v2\/pages\/5394\/revisions"}],"predecessor-version":[{"id":7626,"href":"https:\/\/belloterra.es\/it\/wp-json\/wp\/v2\/pages\/5394\/revisions\/7626"}],"wp:attachment":[{"href":"https:\/\/belloterra.es\/it\/wp-json\/wp\/v2\/media?parent=5394"}],"curies":[{"name":"wp","href":"https:\/\/api.w.org\/{rel}","templated":true}]}}