{"id":7914,"date":"2025-07-15T06:57:26","date_gmt":"2025-07-15T06:57:26","guid":{"rendered":"https:\/\/belloterra.es\/producto\/salchichon-de-solomillo-iberico-con-trufa\/"},"modified":"2025-08-26T08:05:52","modified_gmt":"2025-08-26T08:05:52","slug":"salchichon-de-solomillo-iberico-con-trufa","status":"publish","type":"product","link":"https:\/\/belloterra.es\/fr\/produit\/salchichon-de-solomillo-iberico-con-trufa\/","title":{"rendered":"Saucisson de Filet Ib\u00e9rique \u00e0 la Truffe"},"content":{"rendered":"","protected":false},"excerpt":{"rendered":"<p data-start=\"88\" data-end=\"371\">Charcuterie \u00e9labor\u00e9e \u00e0 partir de l\u2019une des viandes les plus nobles du porc ib\u00e9rique \u2014 le filet. 100 % naturel, sans colorants ni conservateurs, ce saucisson est un produit exempt d\u2019allerg\u00e8nes. Une charcuterie saine, faible en calories et innovante dans le secteur du porc ib\u00e9rique.<\/p>\n<p data-start=\"373\" data-end=\"384\" data-is-last-node=\"\" data-is-only-node=\"\"><strong data-start=\"373\" data-end=\"382\">400 g<\/strong><\/p>\n","protected":false},"featured_media":4003,"template":"","meta":[],"product_brand":[],"product_cat":[187,169],"product_tag":[],"class_list":{"0":"post-7914","1":"product","2":"type-product","3":"status-publish","4":"has-post-thumbnail","6":"product_cat-embutidos-fr","7":"product_cat-premium-fr","9":"first","10":"instock","11":"taxable","12":"shipping-taxable","13":"purchasable","14":"product-type-simple"},"_links":{"self":[{"href":"https:\/\/belloterra.es\/fr\/wp-json\/wp\/v2\/product\/7914","targetHints":{"allow":["GET"]}}],"collection":[{"href":"https:\/\/belloterra.es\/fr\/wp-json\/wp\/v2\/product"}],"about":[{"href":"https:\/\/belloterra.es\/fr\/wp-json\/wp\/v2\/types\/product"}],"wp:featuredmedia":[{"embeddable":true,"href":"https:\/\/belloterra.es\/fr\/wp-json\/wp\/v2\/media\/4003"}],"wp:attachment":[{"href":"https:\/\/belloterra.es\/fr\/wp-json\/wp\/v2\/media?parent=7914"}],"wp:term":[{"taxonomy":"product_brand","embeddable":true,"href":"https:\/\/belloterra.es\/fr\/wp-json\/wp\/v2\/product_brand?post=7914"},{"taxonomy":"product_cat","embeddable":true,"href":"https:\/\/belloterra.es\/fr\/wp-json\/wp\/v2\/product_cat?post=7914"},{"taxonomy":"product_tag","embeddable":true,"href":"https:\/\/belloterra.es\/fr\/wp-json\/wp\/v2\/product_tag?post=7914"}],"curies":[{"name":"wp","href":"https:\/\/api.w.org\/{rel}","templated":true}]}}