{"id":7737,"date":"2025-07-24T10:35:18","date_gmt":"2025-07-24T10:35:18","guid":{"rendered":"https:\/\/belloterra.es\/producto\/pack-combinado\/"},"modified":"2025-07-24T10:48:42","modified_gmt":"2025-07-24T10:48:42","slug":"pack-combinado","status":"publish","type":"product","link":"https:\/\/belloterra.es\/fr\/produit\/pack-combinado\/","title":{"rendered":"Coffret Assorti"},"content":{"rendered":"<p>Ce coffret gourmet exclusif r\u00e9unit une s\u00e9lection soign\u00e9e de charcuteries ib\u00e9riques et de fromage artisanal, con\u00e7u pour les amateurs de saveurs d\u2019exception. Il contient 10 sachets de 80 g de jambon de Bellota 100 % ib\u00e9rique tranch\u00e9 \u00e0 la main, une pi\u00e8ce de lomo de Bellota 100 % ib\u00e9rique (500 g), du salchich\u00f3n et du chorizo de Bellota ib\u00e9riques (500 g chacun), ainsi qu\u2019un authentique fromage de brebis au lait cru (1 kg). Id\u00e9al pour les grandes occasions, les cadeaux ou tout simplement pour se faire plaisir.<\/p>\n","protected":false},"excerpt":{"rendered":"<p>10 sachets de 80 grammes de Jambon Ib\u00e9rique de Bellota 100 % tranch\u00e9 \u00e0 la main, 500 g de Lomo Ib\u00e9rique de Bellota 100 %, 500 g de Salchich\u00f3n Ib\u00e9rique de Bellota, 500 g de Chorizo Ib\u00e9rique de Bellota et 1 kg de v\u00e9ritable fromage pur brebis au lait cru.<\/p>\n","protected":false},"featured_media":7734,"template":"","meta":[],"product_brand":[],"product_cat":[169],"product_tag":[],"class_list":{"0":"post-7737","1":"product","2":"type-product","3":"status-publish","4":"has-post-thumbnail","6":"product_cat-premium-fr","8":"first","9":"instock","10":"taxable","11":"shipping-taxable","12":"purchasable","13":"product-type-simple"},"_links":{"self":[{"href":"https:\/\/belloterra.es\/fr\/wp-json\/wp\/v2\/product\/7737","targetHints":{"allow":["GET"]}}],"collection":[{"href":"https:\/\/belloterra.es\/fr\/wp-json\/wp\/v2\/product"}],"about":[{"href":"https:\/\/belloterra.es\/fr\/wp-json\/wp\/v2\/types\/product"}],"wp:featuredmedia":[{"embeddable":true,"href":"https:\/\/belloterra.es\/fr\/wp-json\/wp\/v2\/media\/7734"}],"wp:attachment":[{"href":"https:\/\/belloterra.es\/fr\/wp-json\/wp\/v2\/media?parent=7737"}],"wp:term":[{"taxonomy":"product_brand","embeddable":true,"href":"https:\/\/belloterra.es\/fr\/wp-json\/wp\/v2\/product_brand?post=7737"},{"taxonomy":"product_cat","embeddable":true,"href":"https:\/\/belloterra.es\/fr\/wp-json\/wp\/v2\/product_cat?post=7737"},{"taxonomy":"product_tag","embeddable":true,"href":"https:\/\/belloterra.es\/fr\/wp-json\/wp\/v2\/product_tag?post=7737"}],"curies":[{"name":"wp","href":"https:\/\/api.w.org\/{rel}","templated":true}]}}