{"id":7716,"date":"2025-07-24T09:17:57","date_gmt":"2025-07-24T09:17:57","guid":{"rendered":"https:\/\/belloterra.es\/producto\/pack-loncheado-jamon\/"},"modified":"2025-08-26T08:22:56","modified_gmt":"2025-08-26T08:22:56","slug":"pack-loncheado-jamon","status":"publish","type":"product","link":"https:\/\/belloterra.es\/fr\/produit\/pack-loncheado-jamon\/","title":{"rendered":"Pack de Jambon Tranch\u00e9"},"content":{"rendered":"<p>Chaque pi\u00e8ce de jambon 100 % ib\u00e9rique de Bellota est soigneusement tranch\u00e9e \u00e0 la main afin de pr\u00e9server sa texture et sa saveur exceptionnelles, puis emball\u00e9e sous vide en 30 sachets individuels de 80 grammes. Ce format garantit une fra\u00eecheur optimale et une grande praticit\u00e9, id\u00e9al pour en profiter \u00e0 tout moment sans perdre les qualit\u00e9s du jambon. Le tout est pr\u00e9sent\u00e9 dans une \u00e9l\u00e9gante bo\u00eete premium, parfaite pour offrir ou pour se faire plaisir.<\/p>\n","protected":false},"excerpt":{"rendered":"<p>Jambon de Bellota 100 % ib\u00e9rique, tranch\u00e9 \u00e0 la main et emball\u00e9 sous vide en 30 sachets de 80 grammes, pr\u00e9sent\u00e9 dans une bo\u00eete premium.<\/p>\n","protected":false},"featured_media":7713,"template":"","meta":[],"product_brand":[],"product_cat":[169],"product_tag":[],"class_list":{"0":"post-7716","1":"product","2":"type-product","3":"status-publish","4":"has-post-thumbnail","6":"product_cat-premium-fr","8":"first","9":"instock","10":"taxable","11":"shipping-taxable","12":"purchasable","13":"product-type-simple"},"_links":{"self":[{"href":"https:\/\/belloterra.es\/fr\/wp-json\/wp\/v2\/product\/7716","targetHints":{"allow":["GET"]}}],"collection":[{"href":"https:\/\/belloterra.es\/fr\/wp-json\/wp\/v2\/product"}],"about":[{"href":"https:\/\/belloterra.es\/fr\/wp-json\/wp\/v2\/types\/product"}],"wp:featuredmedia":[{"embeddable":true,"href":"https:\/\/belloterra.es\/fr\/wp-json\/wp\/v2\/media\/7713"}],"wp:attachment":[{"href":"https:\/\/belloterra.es\/fr\/wp-json\/wp\/v2\/media?parent=7716"}],"wp:term":[{"taxonomy":"product_brand","embeddable":true,"href":"https:\/\/belloterra.es\/fr\/wp-json\/wp\/v2\/product_brand?post=7716"},{"taxonomy":"product_cat","embeddable":true,"href":"https:\/\/belloterra.es\/fr\/wp-json\/wp\/v2\/product_cat?post=7716"},{"taxonomy":"product_tag","embeddable":true,"href":"https:\/\/belloterra.es\/fr\/wp-json\/wp\/v2\/product_tag?post=7716"}],"curies":[{"name":"wp","href":"https:\/\/api.w.org\/{rel}","templated":true}]}}