{"id":7708,"date":"2025-07-24T08:51:45","date_gmt":"2025-07-24T08:51:45","guid":{"rendered":"https:\/\/belloterra.es\/producto\/pack-embutidos-premium\/"},"modified":"2025-08-26T09:48:56","modified_gmt":"2025-08-26T09:48:56","slug":"pack-embutidos-premium","status":"publish","type":"product","link":"https:\/\/belloterra.es\/fr\/produit\/pack-embutidos-premium\/","title":{"rendered":"Coffret de Charcuterie Premium"},"content":{"rendered":"<p>Un coffret exclusif qui allie l\u2019intensit\u00e9 du meilleur ib\u00e9rique \u00e0 une touche de sophistication. Cette s\u00e9lection soign\u00e9e comprend deux pi\u00e8ces uniques : le saucisson de filet ib\u00e9rique \u00e0 la truffe, \u00e0 la texture d\u00e9licate et au parfum enveloppant, et le chorizo de longe ib\u00e9rique naturel, \u00e9labor\u00e9 avec des morceaux nobles et des \u00e9pices traditionnelles.<\/p>\n","protected":false},"excerpt":{"rendered":"<p>Comprend: Saucisson de filet ib\u00e9rique \u00e0 la truffe et chorizo de longe ib\u00e9rique naturel.<\/p>\n<p>600 g par pi\u00e8ce<\/p>\n","protected":false},"featured_media":8737,"template":"","meta":[],"product_brand":[],"product_cat":[169,187],"product_tag":[],"class_list":{"0":"post-7708","1":"product","2":"type-product","3":"status-publish","4":"has-post-thumbnail","6":"product_cat-premium-fr","7":"product_cat-embutidos-fr","9":"first","10":"instock","11":"taxable","12":"shipping-taxable","13":"purchasable","14":"product-type-simple"},"_links":{"self":[{"href":"https:\/\/belloterra.es\/fr\/wp-json\/wp\/v2\/product\/7708","targetHints":{"allow":["GET"]}}],"collection":[{"href":"https:\/\/belloterra.es\/fr\/wp-json\/wp\/v2\/product"}],"about":[{"href":"https:\/\/belloterra.es\/fr\/wp-json\/wp\/v2\/types\/product"}],"wp:featuredmedia":[{"embeddable":true,"href":"https:\/\/belloterra.es\/fr\/wp-json\/wp\/v2\/media\/8737"}],"wp:attachment":[{"href":"https:\/\/belloterra.es\/fr\/wp-json\/wp\/v2\/media?parent=7708"}],"wp:term":[{"taxonomy":"product_brand","embeddable":true,"href":"https:\/\/belloterra.es\/fr\/wp-json\/wp\/v2\/product_brand?post=7708"},{"taxonomy":"product_cat","embeddable":true,"href":"https:\/\/belloterra.es\/fr\/wp-json\/wp\/v2\/product_cat?post=7708"},{"taxonomy":"product_tag","embeddable":true,"href":"https:\/\/belloterra.es\/fr\/wp-json\/wp\/v2\/product_tag?post=7708"}],"curies":[{"name":"wp","href":"https:\/\/api.w.org\/{rel}","templated":true}]}}