{"id":5285,"date":"2024-07-02T11:47:33","date_gmt":"2024-07-02T11:47:33","guid":{"rendered":"https:\/\/belloterra.es\/\/producto\/estuche-surtido-cremas-ibericas-jamon-lomo-y-queso\/"},"modified":"2025-07-11T07:00:23","modified_gmt":"2025-07-11T07:00:23","slug":"estuche-surtido-cremas-ibericas-jamon-lomo-y-queso","status":"publish","type":"product","link":"https:\/\/belloterra.es\/fr\/produit\/estuche-surtido-cremas-ibericas-jamon-lomo-y-queso\/","title":{"rendered":"Coffret assortiment Cr\u00e8mes Ib\u00e9riques (Jambon, Longe et Fromage)"},"content":{"rendered":"<p>Fabriqu\u00e9es \u00e0 partir de nos propres produits ib\u00e9riques et des meilleurs fromages affin\u00e9s. Les porcs ib\u00e9riques de la vall\u00e9e de Los Pedroches conf\u00e8rent \u00e0 ces cr\u00e8mes une saveur in\u00e9gal\u00e9e et offrent une mani\u00e8re innovante de d\u00e9guster les produits d\u00e9riv\u00e9s de cet animal. Elles offrent une infinit\u00e9 de possibilit\u00e9s en cuisine, que ce soit en ap\u00e9ritif, en accompagnement ou en sauces\u2026 Chaque cr\u00e8me a sa propre personnalit\u00e9, s\u2019adaptant aux go\u00fbts de chacun.<\/p>\n","protected":false},"excerpt":{"rendered":"<p>Pack 3 x 180 g<\/p>\n","protected":false},"featured_media":4043,"template":"","meta":[],"product_brand":[],"product_cat":[191],"product_tag":[],"class_list":{"0":"post-5285","1":"product","2":"type-product","3":"status-publish","4":"has-post-thumbnail","6":"product_cat-cremas-fr","8":"first","9":"instock","10":"taxable","11":"shipping-taxable","12":"purchasable","13":"product-type-simple"},"_links":{"self":[{"href":"https:\/\/belloterra.es\/fr\/wp-json\/wp\/v2\/product\/5285","targetHints":{"allow":["GET"]}}],"collection":[{"href":"https:\/\/belloterra.es\/fr\/wp-json\/wp\/v2\/product"}],"about":[{"href":"https:\/\/belloterra.es\/fr\/wp-json\/wp\/v2\/types\/product"}],"wp:featuredmedia":[{"embeddable":true,"href":"https:\/\/belloterra.es\/fr\/wp-json\/wp\/v2\/media\/4043"}],"wp:attachment":[{"href":"https:\/\/belloterra.es\/fr\/wp-json\/wp\/v2\/media?parent=5285"}],"wp:term":[{"taxonomy":"product_brand","embeddable":true,"href":"https:\/\/belloterra.es\/fr\/wp-json\/wp\/v2\/product_brand?post=5285"},{"taxonomy":"product_cat","embeddable":true,"href":"https:\/\/belloterra.es\/fr\/wp-json\/wp\/v2\/product_cat?post=5285"},{"taxonomy":"product_tag","embeddable":true,"href":"https:\/\/belloterra.es\/fr\/wp-json\/wp\/v2\/product_tag?post=5285"}],"curies":[{"name":"wp","href":"https:\/\/api.w.org\/{rel}","templated":true}]}}