{"id":5277,"date":"2024-07-02T11:47:33","date_gmt":"2024-07-02T11:47:33","guid":{"rendered":"https:\/\/belloterra.es\/\/producto\/crema-de-jamon-iberico-3-pack\/"},"modified":"2025-06-27T11:55:39","modified_gmt":"2025-06-27T11:55:39","slug":"crema-de-jamon-iberico-3-pack","status":"publish","type":"product","link":"https:\/\/belloterra.es\/fr\/produit\/crema-de-jamon-iberico-3-pack\/","title":{"rendered":"Cr\u00e8me de jambon ib\u00e9rique"},"content":{"rendered":"<h2>Caract\u00e9ristiques de la cr\u00e8me de jambon ib\u00e9rique<\/h2>\n<p>R\u00e9alis\u00e9e avec du jambon ib\u00e9rique de premi\u00e8re qualit\u00e9, cette cr\u00e8me concentre tous ses ar\u00f4mes et ses nuances dans une version d\u00e9licieuse et polyvalente. Sa texture fine et onctueuse la rend id\u00e9ale pour tartiner sur du pain croustillant, l\u2019accompagner de fromages ou ajouter une touche gourmande \u00e0 vos plats.<\/p>\n","protected":false},"excerpt":{"rendered":"<p>Le v\u00e9ritable go\u00fbt de l\u2019ib\u00e9rique dans une texture onctueuse et d\u00e9licate. La cr\u00e8me de jambon ib\u00e9rique offre une exp\u00e9rience gastronomique unique, avec l&rsquo;intensit\u00e9 du meilleur jambon et une texture douce qui en fait l&rsquo;accompagnement parfait pour toutes les occasions.<\/p>\n","protected":false},"featured_media":4031,"template":"","meta":[],"product_brand":[],"product_cat":[191,169],"product_tag":[],"class_list":{"0":"post-5277","1":"product","2":"type-product","3":"status-publish","4":"has-post-thumbnail","6":"product_cat-cremas-fr","7":"product_cat-premium-fr","9":"first","10":"instock","11":"taxable","12":"shipping-taxable","13":"purchasable","14":"product-type-simple"},"_links":{"self":[{"href":"https:\/\/belloterra.es\/fr\/wp-json\/wp\/v2\/product\/5277","targetHints":{"allow":["GET"]}}],"collection":[{"href":"https:\/\/belloterra.es\/fr\/wp-json\/wp\/v2\/product"}],"about":[{"href":"https:\/\/belloterra.es\/fr\/wp-json\/wp\/v2\/types\/product"}],"wp:featuredmedia":[{"embeddable":true,"href":"https:\/\/belloterra.es\/fr\/wp-json\/wp\/v2\/media\/4031"}],"wp:attachment":[{"href":"https:\/\/belloterra.es\/fr\/wp-json\/wp\/v2\/media?parent=5277"}],"wp:term":[{"taxonomy":"product_brand","embeddable":true,"href":"https:\/\/belloterra.es\/fr\/wp-json\/wp\/v2\/product_brand?post=5277"},{"taxonomy":"product_cat","embeddable":true,"href":"https:\/\/belloterra.es\/fr\/wp-json\/wp\/v2\/product_cat?post=5277"},{"taxonomy":"product_tag","embeddable":true,"href":"https:\/\/belloterra.es\/fr\/wp-json\/wp\/v2\/product_tag?post=5277"}],"curies":[{"name":"wp","href":"https:\/\/api.w.org\/{rel}","templated":true}]}}