{"id":5264,"date":"2024-07-02T11:47:34","date_gmt":"2024-07-02T11:47:34","guid":{"rendered":"https:\/\/belloterra.es\/\/producto\/chorizo-cular-de-bellota-iberico\/"},"modified":"2025-08-26T10:06:21","modified_gmt":"2025-08-26T10:06:21","slug":"chorizo-cular-de-bellota-iberico","status":"publish","type":"product","link":"https:\/\/belloterra.es\/fr\/produit\/chorizo-cular-de-bellota-iberico\/","title":{"rendered":"Chorizo ib\u00e9rique de bellota"},"content":{"rendered":"<h2>Caract\u00e9ristiques du chorizo ib\u00e9rique de bellota<\/h2>\n<p>Ce chorizo ib\u00e9rique de bellota cular est embouti dans un boyau naturel et fabriqu\u00e9 \u00e0 partir de viande maigre de premi\u00e8re qualit\u00e9, de piment\u00f3n de la Vera et d&rsquo;\u00e9pices s\u00e9lectionn\u00e9es. Sa maturation lente dans des caves traditionnelles lui conf\u00e8re une texture ferme, un ar\u00f4me envo\u00fbtant et une saveur profonde et persistante.<\/p>\n","protected":false},"excerpt":{"rendered":"<p>Le chorizo ib\u00e9rique de bellota cular est fabriqu\u00e9 \u00e0 partir de viande s\u00e9lectionn\u00e9e de porcs ib\u00e9riques \u00e9lev\u00e9s en libert\u00e9 et nourris aux glands. Son assaisonnement traditionnel et sa maturation lente r\u00e9v\u00e8lent une saveur intense, \u00e9quilibr\u00e9e et pleine de nuances.<\/p>\n<p>600 g<\/p>\n","protected":false},"featured_media":8724,"template":"","meta":[],"product_brand":[],"product_cat":[187],"product_tag":[],"class_list":{"0":"post-5264","1":"product","2":"type-product","3":"status-publish","4":"has-post-thumbnail","6":"product_cat-embutidos-fr","8":"first","9":"instock","10":"taxable","11":"shipping-taxable","12":"purchasable","13":"product-type-simple"},"_links":{"self":[{"href":"https:\/\/belloterra.es\/fr\/wp-json\/wp\/v2\/product\/5264","targetHints":{"allow":["GET"]}}],"collection":[{"href":"https:\/\/belloterra.es\/fr\/wp-json\/wp\/v2\/product"}],"about":[{"href":"https:\/\/belloterra.es\/fr\/wp-json\/wp\/v2\/types\/product"}],"wp:featuredmedia":[{"embeddable":true,"href":"https:\/\/belloterra.es\/fr\/wp-json\/wp\/v2\/media\/8724"}],"wp:attachment":[{"href":"https:\/\/belloterra.es\/fr\/wp-json\/wp\/v2\/media?parent=5264"}],"wp:term":[{"taxonomy":"product_brand","embeddable":true,"href":"https:\/\/belloterra.es\/fr\/wp-json\/wp\/v2\/product_brand?post=5264"},{"taxonomy":"product_cat","embeddable":true,"href":"https:\/\/belloterra.es\/fr\/wp-json\/wp\/v2\/product_cat?post=5264"},{"taxonomy":"product_tag","embeddable":true,"href":"https:\/\/belloterra.es\/fr\/wp-json\/wp\/v2\/product_tag?post=5264"}],"curies":[{"name":"wp","href":"https:\/\/api.w.org\/{rel}","templated":true}]}}