{"id":5260,"date":"2024-07-02T11:47:34","date_gmt":"2024-07-02T11:47:34","guid":{"rendered":"https:\/\/belloterra.es\/\/producto\/salchichon-cular-de-bellota-iberico\/"},"modified":"2025-08-26T10:12:47","modified_gmt":"2025-08-26T10:12:47","slug":"salchichon-cular-de-bellota-iberico","status":"publish","type":"product","link":"https:\/\/belloterra.es\/fr\/produit\/salchichon-cular-de-bellota-iberico\/","title":{"rendered":"Saucisson ib\u00e9rique de bellota"},"content":{"rendered":"<h2>Caract\u00e9ristiques du saucisson ib\u00e9rique de bellota<\/h2>\n<p>Ce saucisson cular ib\u00e9rique de bellota est fabriqu\u00e9 \u00e0 partir de viande maigre s\u00e9lectionn\u00e9e de cochons ib\u00e9riques \u00e9lev\u00e9s en libert\u00e9 et nourris aux glands. Sa maturation traditionnelle, associ\u00e9e \u00e0 un m\u00e9lange \u00e9quilibr\u00e9 de poivre et d&rsquo;\u00e9pices naturelles, rehausse son ar\u00f4me profond et sa saveur d\u00e9licate.<\/p>\n","protected":false},"excerpt":{"rendered":"<p>\u00c9labor\u00e9 avec patience et passion, le saucisson ib\u00e9rique de bellota est une d\u00e9licatesse qui refl\u00e8te l&rsquo;\u00e2me de l&rsquo;ib\u00e9rique. Sa viande maigre, lentement affin\u00e9e dans des caves naturelles, d\u00e9veloppe une texture soyeuse et une saveur intense.<\/p>\n<p>600 g<\/p>\n","protected":false},"featured_media":8720,"template":"","meta":[],"product_brand":[],"product_cat":[187],"product_tag":[],"class_list":{"0":"post-5260","1":"product","2":"type-product","3":"status-publish","4":"has-post-thumbnail","6":"product_cat-embutidos-fr","8":"first","9":"instock","10":"taxable","11":"shipping-taxable","12":"purchasable","13":"product-type-simple"},"_links":{"self":[{"href":"https:\/\/belloterra.es\/fr\/wp-json\/wp\/v2\/product\/5260","targetHints":{"allow":["GET"]}}],"collection":[{"href":"https:\/\/belloterra.es\/fr\/wp-json\/wp\/v2\/product"}],"about":[{"href":"https:\/\/belloterra.es\/fr\/wp-json\/wp\/v2\/types\/product"}],"wp:featuredmedia":[{"embeddable":true,"href":"https:\/\/belloterra.es\/fr\/wp-json\/wp\/v2\/media\/8720"}],"wp:attachment":[{"href":"https:\/\/belloterra.es\/fr\/wp-json\/wp\/v2\/media?parent=5260"}],"wp:term":[{"taxonomy":"product_brand","embeddable":true,"href":"https:\/\/belloterra.es\/fr\/wp-json\/wp\/v2\/product_brand?post=5260"},{"taxonomy":"product_cat","embeddable":true,"href":"https:\/\/belloterra.es\/fr\/wp-json\/wp\/v2\/product_cat?post=5260"},{"taxonomy":"product_tag","embeddable":true,"href":"https:\/\/belloterra.es\/fr\/wp-json\/wp\/v2\/product_tag?post=5260"}],"curies":[{"name":"wp","href":"https:\/\/api.w.org\/{rel}","templated":true}]}}