{"id":5252,"date":"2024-07-02T11:47:34","date_gmt":"2024-07-02T11:47:34","guid":{"rendered":"https:\/\/belloterra.es\/\/producto\/lomo-de-bellota-100-iberico\/"},"modified":"2025-08-26T10:19:13","modified_gmt":"2025-08-26T10:19:13","slug":"lomo-de-bellota-100-iberico","status":"publish","type":"product","link":"https:\/\/belloterra.es\/fr\/produit\/lomo-de-bellota-100-iberico\/","title":{"rendered":"Longe 100% Ib\u00e9rico de bellota"},"content":{"rendered":"<h2>H2. Caract\u00e9ristiques du lompe ib\u00e9rique de bellota 100%<\/h2>\n<p>Pr\u00e9par\u00e9 \u00e0 partir de lompes s\u00e9lectionn\u00e9s de cochons ib\u00e9riques \u00e9lev\u00e9s en libert\u00e9 et nourris aux glands, ce lompe de bellota 100% ib\u00e9rique se distingue par son caract\u00e8re. Son assaisonnement doux avec du paprika et des \u00e9pices rehausse sa saveur, tandis que sa maturation lente lui conf\u00e8re une jutosit\u00e9 incomparable.<\/p>\n<p>&nbsp;<\/p>\n<p>&nbsp;<\/p>\n","protected":false},"excerpt":{"rendered":"<p>Le longe 100% ib\u00e9rico de bellota est le r\u00e9sultat d&rsquo;une tradition s\u00e9culaire, associ\u00e9e \u00e0 une maturation artisanale qui met en valeur son go\u00fbt pur et \u00e9l\u00e9gant. Chaque tranche offre une texture soyeuse et un ar\u00f4me inconfondible.<\/p>\n<p>600 g<\/p>\n","protected":false},"featured_media":8797,"template":"","meta":[],"product_brand":[],"product_cat":[187,179,169],"product_tag":[],"class_list":{"0":"post-5252","1":"product","2":"type-product","3":"status-publish","4":"has-post-thumbnail","6":"product_cat-embutidos-fr","7":"product_cat-meilleurs-vendeurs","8":"product_cat-premium-fr","10":"first","11":"instock","12":"taxable","13":"shipping-taxable","14":"purchasable","15":"product-type-simple"},"_links":{"self":[{"href":"https:\/\/belloterra.es\/fr\/wp-json\/wp\/v2\/product\/5252","targetHints":{"allow":["GET"]}}],"collection":[{"href":"https:\/\/belloterra.es\/fr\/wp-json\/wp\/v2\/product"}],"about":[{"href":"https:\/\/belloterra.es\/fr\/wp-json\/wp\/v2\/types\/product"}],"wp:featuredmedia":[{"embeddable":true,"href":"https:\/\/belloterra.es\/fr\/wp-json\/wp\/v2\/media\/8797"}],"wp:attachment":[{"href":"https:\/\/belloterra.es\/fr\/wp-json\/wp\/v2\/media?parent=5252"}],"wp:term":[{"taxonomy":"product_brand","embeddable":true,"href":"https:\/\/belloterra.es\/fr\/wp-json\/wp\/v2\/product_brand?post=5252"},{"taxonomy":"product_cat","embeddable":true,"href":"https:\/\/belloterra.es\/fr\/wp-json\/wp\/v2\/product_cat?post=5252"},{"taxonomy":"product_tag","embeddable":true,"href":"https:\/\/belloterra.es\/fr\/wp-json\/wp\/v2\/product_tag?post=5252"}],"curies":[{"name":"wp","href":"https:\/\/api.w.org\/{rel}","templated":true}]}}