{"id":5248,"date":"2024-07-02T11:47:35","date_gmt":"2024-07-02T11:47:35","guid":{"rendered":"https:\/\/belloterra.es\/\/producto\/lomo-de-bellota-100-iberico-5-bandeja-redonda\/"},"modified":"2025-07-09T12:08:07","modified_gmt":"2025-07-09T12:08:07","slug":"lomo-de-bellota-100-iberico-5-bandeja-redonda","status":"publish","type":"product","link":"https:\/\/belloterra.es\/fr\/produit\/lomo-de-bellota-100-iberico-5-bandeja-redonda\/","title":{"rendered":"Longe 100% Ib\u00e9rico de Bellota &#8211; 5 x Plateau rond"},"content":{"rendered":"<p>La mani\u00e8re la plus pratique de savourer le Lomo de Bellota 100 % Ib\u00e9rique, sans perdre aucune de ses qualit\u00e9s. Pr\u00e9sent\u00e9 dans un emballage sous vide simple, pr\u00eat \u00e0 \u00eatre ouvert et consomm\u00e9. Il s\u2019agit d\u2019un plateau rond con\u00e7u pour \u00eatre plac\u00e9 sur une assiette et servi directement \u00e0 table.<\/p>\n","protected":false},"excerpt":{"rendered":"<p>5 unit\u00e9s de 80 g<\/p>\n","protected":false},"featured_media":8751,"template":"","meta":[],"product_brand":[],"product_cat":[182],"product_tag":[],"class_list":{"0":"post-5248","1":"product","2":"type-product","3":"status-publish","4":"has-post-thumbnail","6":"product_cat-loncheados-fr","8":"first","9":"instock","10":"taxable","11":"shipping-taxable","12":"purchasable","13":"product-type-simple"},"_links":{"self":[{"href":"https:\/\/belloterra.es\/fr\/wp-json\/wp\/v2\/product\/5248","targetHints":{"allow":["GET"]}}],"collection":[{"href":"https:\/\/belloterra.es\/fr\/wp-json\/wp\/v2\/product"}],"about":[{"href":"https:\/\/belloterra.es\/fr\/wp-json\/wp\/v2\/types\/product"}],"wp:featuredmedia":[{"embeddable":true,"href":"https:\/\/belloterra.es\/fr\/wp-json\/wp\/v2\/media\/8751"}],"wp:attachment":[{"href":"https:\/\/belloterra.es\/fr\/wp-json\/wp\/v2\/media?parent=5248"}],"wp:term":[{"taxonomy":"product_brand","embeddable":true,"href":"https:\/\/belloterra.es\/fr\/wp-json\/wp\/v2\/product_brand?post=5248"},{"taxonomy":"product_cat","embeddable":true,"href":"https:\/\/belloterra.es\/fr\/wp-json\/wp\/v2\/product_cat?post=5248"},{"taxonomy":"product_tag","embeddable":true,"href":"https:\/\/belloterra.es\/fr\/wp-json\/wp\/v2\/product_tag?post=5248"}],"curies":[{"name":"wp","href":"https:\/\/api.w.org\/{rel}","templated":true}]}}