{"id":5236,"date":"2024-07-02T11:47:35","date_gmt":"2024-07-02T11:47:35","guid":{"rendered":"https:\/\/belloterra.es\/\/producto\/salchichon-de-bellota-iberico-5-bandeja-redonda\/"},"modified":"2025-07-09T11:13:21","modified_gmt":"2025-07-09T11:13:21","slug":"salchichon-de-bellota-iberico-5-bandeja-redonda","status":"publish","type":"product","link":"https:\/\/belloterra.es\/fr\/produit\/salchichon-de-bellota-iberico-5-bandeja-redonda\/","title":{"rendered":"Saucisson Ib\u00e9rico de Bellota &#8211; 5 x Plateau rond"},"content":{"rendered":"<article class=\"text-token-text-primary w-full\" dir=\"auto\" data-testid=\"conversation-turn-76\" data-scroll-anchor=\"true\">\n<div class=\"text-base my-auto mx-auto py-5 [--thread-content-margin:--spacing(4)] @[37rem]:[--thread-content-margin:--spacing(6)] @[72rem]:[--thread-content-margin:--spacing(16)] px-(--thread-content-margin)\">\n<div class=\"[--thread-content-max-width:32rem] @[34rem]:[--thread-content-max-width:40rem] @[64rem]:[--thread-content-max-width:48rem] mx-auto flex max-w-(--thread-content-max-width) flex-1 text-base gap-4 md:gap-5 lg:gap-6 group\/turn-messages focus-visible:outline-hidden\" tabindex=\"-1\">\n<div class=\"group\/conversation-turn relative flex w-full min-w-0 flex-col agent-turn\">\n<div class=\"relative flex-col gap-1 md:gap-3\">\n<div class=\"flex max-w-full flex-col grow\">\n<div class=\"min-h-8 text-message relative flex w-full flex-col items-end gap-2 text-start break-words whitespace-normal [.text-message+&amp;]:mt-5\" dir=\"auto\" data-message-author-role=\"assistant\" data-message-id=\"ac5d46b3-c0ee-4378-ad30-4e1edc9a9cc6\" data-message-model-slug=\"gpt-4-1-mini\">\n<div class=\"flex w-full flex-col gap-1 empty:hidden first:pt-[3px]\">\n<div class=\"markdown prose dark:prose-invert w-full break-words light\">\n<p data-start=\"35\" data-end=\"319\" data-is-last-node=\"\" data-is-only-node=\"\">La mani\u00e8re la plus pratique de savourer le Salchich\u00f3n de Bellota Ib\u00e9rique, sans perdre aucune de ses qualit\u00e9s. Pr\u00e9sent\u00e9 dans un emballage sous vide simple, pr\u00eat \u00e0 \u00eatre ouvert et consomm\u00e9. Il s\u2019agit d\u2019un plateau rond con\u00e7u pour \u00eatre plac\u00e9 sur une assiette et servi directement \u00e0 table.<\/p>\n<h2 data-start=\"35\" data-end=\"319\">Caract\u00e9ristiques du salchich\u00f3n ib\u00e9rique de bellota<\/h2>\n<p data-start=\"35\" data-end=\"319\" data-is-last-node=\"\" data-is-only-node=\"\">Ce salchich\u00f3n cular ib\u00e9rique de bellota est \u00e9labor\u00e9 \u00e0 partir de viande maigre s\u00e9lectionn\u00e9e de porcs ib\u00e9riques \u00e9lev\u00e9s en libert\u00e9 et nourris de glands. Son affinage traditionnel, associ\u00e9 \u00e0 un m\u00e9lange \u00e9quilibr\u00e9 de poivre et d\u2019\u00e9pices naturelles, rehausse son ar\u00f4me profond et sa saveur d\u00e9licate.<\/p>\n<\/div>\n<\/div>\n<\/div>\n<\/div>\n<\/div>\n<\/div>\n<\/div>\n<\/div>\n<\/article>\n","protected":false},"excerpt":{"rendered":"<p>5 unit\u00e9s de 80 g<\/p>\n","protected":false},"featured_media":8756,"template":"","meta":[],"product_brand":[],"product_cat":[182],"product_tag":[],"class_list":{"0":"post-5236","1":"product","2":"type-product","3":"status-publish","4":"has-post-thumbnail","6":"product_cat-loncheados-fr","8":"first","9":"instock","10":"taxable","11":"shipping-taxable","12":"purchasable","13":"product-type-simple"},"_links":{"self":[{"href":"https:\/\/belloterra.es\/fr\/wp-json\/wp\/v2\/product\/5236","targetHints":{"allow":["GET"]}}],"collection":[{"href":"https:\/\/belloterra.es\/fr\/wp-json\/wp\/v2\/product"}],"about":[{"href":"https:\/\/belloterra.es\/fr\/wp-json\/wp\/v2\/types\/product"}],"wp:featuredmedia":[{"embeddable":true,"href":"https:\/\/belloterra.es\/fr\/wp-json\/wp\/v2\/media\/8756"}],"wp:attachment":[{"href":"https:\/\/belloterra.es\/fr\/wp-json\/wp\/v2\/media?parent=5236"}],"wp:term":[{"taxonomy":"product_brand","embeddable":true,"href":"https:\/\/belloterra.es\/fr\/wp-json\/wp\/v2\/product_brand?post=5236"},{"taxonomy":"product_cat","embeddable":true,"href":"https:\/\/belloterra.es\/fr\/wp-json\/wp\/v2\/product_cat?post=5236"},{"taxonomy":"product_tag","embeddable":true,"href":"https:\/\/belloterra.es\/fr\/wp-json\/wp\/v2\/product_tag?post=5236"}],"curies":[{"name":"wp","href":"https:\/\/api.w.org\/{rel}","templated":true}]}}