{"id":5212,"date":"2024-07-02T11:47:36","date_gmt":"2024-07-02T11:47:36","guid":{"rendered":"https:\/\/belloterra.es\/\/producto\/jamon-de-bellota-100-iberico-d-o-cortado-a-mano-5-estuche-premium\/"},"modified":"2025-08-26T08:46:07","modified_gmt":"2025-08-26T08:46:07","slug":"jamon-de-bellota-100-iberico-d-o-cortado-a-mano-5-estuche-premium","status":"publish","type":"product","link":"https:\/\/belloterra.es\/fr\/produit\/jamon-de-bellota-100-iberico-d-o-cortado-a-mano-5-estuche-premium\/","title":{"rendered":"Jambon 100% Ib\u00e9rico de Bellota D.O. &#8211; Tranch\u00e9"},"content":{"rendered":"<h2>Caract\u00e9ristiques du Jambon de Bellota 100% Ib\u00e9rique Tranch\u00e9<\/h2>\n<p>Ce jambon provient de porcs 100% ib\u00e9riques \u00e9lev\u00e9s en libert\u00e9 dans la dehesa et nourris aux glands. Tranch\u00e9 \u00e0 la main et emball\u00e9 sous vide pour pr\u00e9server ses propri\u00e9t\u00e9s, il garantit la m\u00eame qualit\u00e9 et exp\u00e9rience qu\u2019un morceau entier, avec la commodit\u00e9 de le servir instantan\u00e9ment.<\/p>\n","protected":false},"excerpt":{"rendered":"<p>Authentique saveur ib\u00e9rique, pr\u00eat \u00e0 \u00eatre d\u00e9gust\u00e9. Le jambon de bellota sous vide, tranch\u00e9 \u00e0 la main, conserve toute son ar\u00f4me et sa texture, facilitant sa d\u00e9gustation \u00e0 tout moment. Chaque tranche est une \u0153uvre d&rsquo;art.<\/p>\n","protected":false},"featured_media":3971,"template":"","meta":[],"product_brand":[],"product_cat":[179,169,182],"product_tag":[],"class_list":{"0":"post-5212","1":"product","2":"type-product","3":"status-publish","4":"has-post-thumbnail","6":"product_cat-meilleurs-vendeurs","7":"product_cat-premium-fr","8":"product_cat-loncheados-fr","10":"first","11":"instock","12":"taxable","13":"shipping-taxable","14":"purchasable","15":"product-type-simple"},"_links":{"self":[{"href":"https:\/\/belloterra.es\/fr\/wp-json\/wp\/v2\/product\/5212","targetHints":{"allow":["GET"]}}],"collection":[{"href":"https:\/\/belloterra.es\/fr\/wp-json\/wp\/v2\/product"}],"about":[{"href":"https:\/\/belloterra.es\/fr\/wp-json\/wp\/v2\/types\/product"}],"wp:featuredmedia":[{"embeddable":true,"href":"https:\/\/belloterra.es\/fr\/wp-json\/wp\/v2\/media\/3971"}],"wp:attachment":[{"href":"https:\/\/belloterra.es\/fr\/wp-json\/wp\/v2\/media?parent=5212"}],"wp:term":[{"taxonomy":"product_brand","embeddable":true,"href":"https:\/\/belloterra.es\/fr\/wp-json\/wp\/v2\/product_brand?post=5212"},{"taxonomy":"product_cat","embeddable":true,"href":"https:\/\/belloterra.es\/fr\/wp-json\/wp\/v2\/product_cat?post=5212"},{"taxonomy":"product_tag","embeddable":true,"href":"https:\/\/belloterra.es\/fr\/wp-json\/wp\/v2\/product_tag?post=5212"}],"curies":[{"name":"wp","href":"https:\/\/api.w.org\/{rel}","templated":true}]}}