{"id":5190,"date":"2024-07-02T11:48:02","date_gmt":"2024-07-02T11:48:02","guid":{"rendered":"https:\/\/belloterra.es\/\/producto\/jamon-de-cebo-de-campo-iberico-50-r-i\/"},"modified":"2025-07-09T07:28:08","modified_gmt":"2025-07-09T07:28:08","slug":"jamon-de-cebo-de-campo-iberico-50-r-i","status":"publish","type":"product","link":"https:\/\/belloterra.es\/fr\/produit\/jamon-de-cebo-de-campo-iberico-50-r-i\/","title":{"rendered":"Jambon ib\u00e9rique de finition en plein air 50% race ib\u00e9rique"},"content":{"rendered":"<h2>Caract\u00e9ristiques du jambon ib\u00e9rique de cebo de campo<\/h2>\n<p>Ce jambon ib\u00e9rique 50% race ib\u00e9rique provient d\u2019un parent ib\u00e9rique et d\u2019un autre de race Duroc. Son alimentation \u00e0 base de c\u00e9r\u00e9ales et de l\u00e9gumineuses, ainsi que son \u00e9levage et exercice en plein air, contribuent \u00e0 une viande tendre avec un marbrage \u00e9quilibr\u00e9.<\/p>\n<h2>Jambon ib\u00e9rique avec ruban vert<\/h2>\n<p>Le jambon ib\u00e9rique avec ruban vert garantit que le porc pr\u00e9sente un certain pourcentage de race ib\u00e9rique et a \u00e9t\u00e9 \u00e9lev\u00e9 en libert\u00e9, profitant des ressources naturelles de la dehesa. Son processus de maturation artisanal lui conf\u00e8re un ar\u00f4me d\u00e9licat et une saveur douce avec des nuances subtiles.<\/p>\n","protected":false},"excerpt":{"rendered":"<p>Jambon ib\u00e9rique de finition en plein air 50% race ib\u00e9rique est un \u00e9quilibre parfait entre saveur, tradition et artisanat. \u00c9lev\u00e9 en libert\u00e9 et nourri avec des p\u00e2turages et des c\u00e9r\u00e9ales naturelles, chaque morceau d\u00e9veloppe une jutosit\u00e9 exceptionnelle avec une touche douce et persistante en bouche.<\/p>\n","protected":false},"featured_media":3923,"template":"","meta":[],"product_brand":[],"product_cat":[184],"product_tag":[],"class_list":{"0":"post-5190","1":"product","2":"type-product","3":"status-publish","4":"has-post-thumbnail","6":"product_cat-jamones-fr","8":"first","9":"instock","10":"taxable","11":"shipping-taxable","12":"purchasable","13":"product-type-variable"},"_links":{"self":[{"href":"https:\/\/belloterra.es\/fr\/wp-json\/wp\/v2\/product\/5190","targetHints":{"allow":["GET"]}}],"collection":[{"href":"https:\/\/belloterra.es\/fr\/wp-json\/wp\/v2\/product"}],"about":[{"href":"https:\/\/belloterra.es\/fr\/wp-json\/wp\/v2\/types\/product"}],"wp:featuredmedia":[{"embeddable":true,"href":"https:\/\/belloterra.es\/fr\/wp-json\/wp\/v2\/media\/3923"}],"wp:attachment":[{"href":"https:\/\/belloterra.es\/fr\/wp-json\/wp\/v2\/media?parent=5190"}],"wp:term":[{"taxonomy":"product_brand","embeddable":true,"href":"https:\/\/belloterra.es\/fr\/wp-json\/wp\/v2\/product_brand?post=5190"},{"taxonomy":"product_cat","embeddable":true,"href":"https:\/\/belloterra.es\/fr\/wp-json\/wp\/v2\/product_cat?post=5190"},{"taxonomy":"product_tag","embeddable":true,"href":"https:\/\/belloterra.es\/fr\/wp-json\/wp\/v2\/product_tag?post=5190"}],"curies":[{"name":"wp","href":"https:\/\/api.w.org\/{rel}","templated":true}]}}