{"id":5177,"date":"2024-07-02T11:48:02","date_gmt":"2024-07-02T11:48:02","guid":{"rendered":"https:\/\/belloterra.es\/\/producto\/paleta-de-bellota-100-iberica-d-o-los-pedroches\/"},"modified":"2025-12-01T08:33:07","modified_gmt":"2025-12-01T08:33:07","slug":"paleta-de-bellota-100-iberica-d-o-los-pedroches","status":"publish","type":"product","link":"https:\/\/belloterra.es\/fr\/produit\/paleta-de-bellota-100-iberica-d-o-los-pedroches\/","title":{"rendered":"\u00c9pale 100% Ib\u00e9rica de Bellota D.O. Los Pedroches"},"content":{"rendered":"<h2>Caract\u00e9ristiques de l\u00b4\u00e9pale Ib\u00e9rique de Bellota Los Pedroches<\/h2>\n<p>Provenant de cochons 100% ib\u00e9riques \u00e9lev\u00e9s en libert\u00e9 et nourris aux glands, cette paleta \u00e9tiquette noire porte le prestige de l&rsquo;Appellation d&rsquo;Origine Los Pedroches. Sa viande marbr\u00e9e, son ar\u00f4me intense et sa saveur \u00e9l\u00e9gante r\u00e9sultent d&rsquo;un processus artisanal unique.<\/p>\n<h2>D\u00e9couvrez notre \u00c9pale Ib\u00e9rique du Valle de Los Pedroches<\/h2>\n<p>Au c\u0153ur de la dehesa, o\u00f9 le temps semble suspendu et la nature dicte son rythme, na\u00eet l\u00b4\u00e9pale ib\u00e9rique de bellota Los Pedroches. Dans chaque tranche, vous ressentez l&rsquo;essence du lieu, un paradis de ch\u00eanes o\u00f9 l&rsquo;ib\u00e9rique trouve son lieu de vie id\u00e9al.<\/p>\n","protected":false},"excerpt":{"rendered":"<p>L&rsquo;excellence de la dehesa transform\u00e9e en une d\u00e9licatesse. L\u00b4\u00e9pale ib\u00e9rique de bellota Los Pedroches refl\u00e8te la tradition et le savoir-faire, avec une maturation qui sublime sa saveur inimitable. Un luxe gastronomique qui s\u00e9duit d\u00e8s la premi\u00e8re bouch\u00e9e.<\/p>\n","protected":false},"featured_media":3930,"template":"","meta":[],"product_brand":[],"product_cat":[172,169],"product_tag":[],"class_list":{"0":"post-5177","1":"product","2":"type-product","3":"status-publish","4":"has-post-thumbnail","6":"product_cat-epaules","7":"product_cat-premium-fr","9":"first","10":"instock","11":"taxable","12":"shipping-taxable","13":"purchasable","14":"product-type-variable"},"_links":{"self":[{"href":"https:\/\/belloterra.es\/fr\/wp-json\/wp\/v2\/product\/5177","targetHints":{"allow":["GET"]}}],"collection":[{"href":"https:\/\/belloterra.es\/fr\/wp-json\/wp\/v2\/product"}],"about":[{"href":"https:\/\/belloterra.es\/fr\/wp-json\/wp\/v2\/types\/product"}],"wp:featuredmedia":[{"embeddable":true,"href":"https:\/\/belloterra.es\/fr\/wp-json\/wp\/v2\/media\/3930"}],"wp:attachment":[{"href":"https:\/\/belloterra.es\/fr\/wp-json\/wp\/v2\/media?parent=5177"}],"wp:term":[{"taxonomy":"product_brand","embeddable":true,"href":"https:\/\/belloterra.es\/fr\/wp-json\/wp\/v2\/product_brand?post=5177"},{"taxonomy":"product_cat","embeddable":true,"href":"https:\/\/belloterra.es\/fr\/wp-json\/wp\/v2\/product_cat?post=5177"},{"taxonomy":"product_tag","embeddable":true,"href":"https:\/\/belloterra.es\/fr\/wp-json\/wp\/v2\/product_tag?post=5177"}],"curies":[{"name":"wp","href":"https:\/\/api.w.org\/{rel}","templated":true}]}}