{"id":5166,"date":"2024-07-02T11:48:02","date_gmt":"2024-07-02T11:48:02","guid":{"rendered":"https:\/\/belloterra.es\/\/producto\/paleta-de-cebo-de-campo-iberica-50-r-i\/"},"modified":"2025-07-09T07:24:43","modified_gmt":"2025-07-09T07:24:43","slug":"paleta-de-cebo-de-campo-iberica-50-r-i","status":"publish","type":"product","link":"https:\/\/belloterra.es\/fr\/produit\/paleta-de-cebo-de-campo-iberica-50-r-i\/","title":{"rendered":"\u00c9paule ib\u00e9rique de finition en plein air 50% race ib\u00e9rique"},"content":{"rendered":"<h2>Caract\u00e9ristiques de l\u00b4 \u00e9paule 50% ib\u00e9rique de cebo de campo<\/h2>\n<p>Cette \u00e9paule \u00e0 l\u2019\u00e9tiquette verte provient de cochons avec 50% de race ib\u00e9rique, \u00e9lev\u00e9s en plein air et nourris avec des p\u00e2turages et des c\u00e9r\u00e9ales naturelles. Son infiltration de graisse procure une bouch\u00e9e tendre et juteuse, avec des notes subtiles et un \u00e9quilibre de saveurs unique.<\/p>\n","protected":false},"excerpt":{"rendered":"<p>L\u00b4 \u00e9paule de cebo de campo ib\u00e9rique offre une texture juteuse et un ar\u00f4me enveloppant, fruit d\u2019un \u00e9levage en libert\u00e9 et d\u2019une alimentation naturelle. Elle repr\u00e9sente l\u2019\u00e9quilibre parfait entre tradition et saveur.<\/p>\n","protected":false},"featured_media":3947,"template":"","meta":[],"product_brand":[],"product_cat":[172],"product_tag":[],"class_list":{"0":"post-5166","1":"product","2":"type-product","3":"status-publish","4":"has-post-thumbnail","6":"product_cat-epaules","8":"first","9":"instock","10":"taxable","11":"shipping-taxable","12":"purchasable","13":"product-type-variable"},"_links":{"self":[{"href":"https:\/\/belloterra.es\/fr\/wp-json\/wp\/v2\/product\/5166","targetHints":{"allow":["GET"]}}],"collection":[{"href":"https:\/\/belloterra.es\/fr\/wp-json\/wp\/v2\/product"}],"about":[{"href":"https:\/\/belloterra.es\/fr\/wp-json\/wp\/v2\/types\/product"}],"wp:featuredmedia":[{"embeddable":true,"href":"https:\/\/belloterra.es\/fr\/wp-json\/wp\/v2\/media\/3947"}],"wp:attachment":[{"href":"https:\/\/belloterra.es\/fr\/wp-json\/wp\/v2\/media?parent=5166"}],"wp:term":[{"taxonomy":"product_brand","embeddable":true,"href":"https:\/\/belloterra.es\/fr\/wp-json\/wp\/v2\/product_brand?post=5166"},{"taxonomy":"product_cat","embeddable":true,"href":"https:\/\/belloterra.es\/fr\/wp-json\/wp\/v2\/product_cat?post=5166"},{"taxonomy":"product_tag","embeddable":true,"href":"https:\/\/belloterra.es\/fr\/wp-json\/wp\/v2\/product_tag?post=5166"}],"curies":[{"name":"wp","href":"https:\/\/api.w.org\/{rel}","templated":true}]}}