{"id":5127,"date":"2024-07-02T11:48:03","date_gmt":"2024-07-02T11:48:03","guid":{"rendered":"https:\/\/belloterra.es\/\/producto\/jamon-de-bellota-100-iberico-d-o-los-pedroches\/"},"modified":"2026-03-09T17:36:32","modified_gmt":"2026-03-09T17:36:32","slug":"jamon-de-bellota-100-iberico-d-o-los-pedroches","status":"publish","type":"product","link":"https:\/\/belloterra.es\/fr\/produit\/jamon-de-bellota-100-iberico-d-o-los-pedroches\/","title":{"rendered":"Jambon 100% Ib\u00e9rico de Bellota D.O. Los Pedroches"},"content":{"rendered":"<h2>Caract\u00e9ristiques du jambon ib\u00e9rique 100% bellota Los Pedroches<\/h2>\n<p>Ce jambon ib\u00e9rique DOP Los Pedroches provient de cochons 100% ib\u00e9riques \u00e9lev\u00e9s en libert\u00e9 et nourris aux glands. La Denomination d&rsquo;Origine Prot\u00e9g\u00e9e Los Pedroches garantit son authenticit\u00e9 et sa qualit\u00e9, validant un processus de production artisanale qui met en valeur ses notes douces et ses saveurs intenses.<\/p>\n<h2>Jambon ib\u00e9rique \u00e9tiquette noire<\/h2>\n<p>L&rsquo;\u00e9tiquette noire est le sceau de puret\u00e9 du v\u00e9ritable jambon ib\u00e9rique \u00e9tiquette noire. Seuls les cochons 100% ib\u00e9riques \u00e9lev\u00e9s en montanera (en libert\u00e9) re\u00e7oivent cette distinction. Son affinage lent en cave souterraine d\u00e9veloppe une texture onctueuse et une saveur profonde, prolong\u00e9e et inoubliable.<\/p>\n<h2>D\u00e9couvrez notre jambon ib\u00e9rique de la Vall\u00e9e de Los Pedroches<\/h2>\n<p>Au c\u0153ur de Cordoue, la Vall\u00e9e de Los Pedroches est un paradis naturel o\u00f9 les cochons ib\u00e9riques grandissent en parfaite harmonie avec la dehesa. La richesse de ses ch\u00eanes et son climat id\u00e9al cr\u00e9ent les conditions parfaites pour un jambon ib\u00e9rique \u00e9tiquette noire incomparable.<\/p>\n","protected":false},"excerpt":{"rendered":"<p>Le jambon ib\u00e9rique DOP Los Pedroches est un chef-d&rsquo;\u0153uvre de la gastronomie ib\u00e9rique. \u00c9lev\u00e9 dans la dehesa la plus pure et affin\u00e9 avec patience, chaque tranche est un hommage \u00e0 la tradition. Son ar\u00f4me, sa texture et sa saveur refl\u00e8tent l&rsquo;excellence absolue.<\/p>\n","protected":false},"featured_media":3905,"template":"","meta":[],"product_brand":[],"product_cat":[184,179,169],"product_tag":[],"class_list":{"0":"post-5127","1":"product","2":"type-product","3":"status-publish","4":"has-post-thumbnail","6":"product_cat-jamones-fr","7":"product_cat-meilleurs-vendeurs","8":"product_cat-premium-fr","10":"first","11":"instock","12":"sale","13":"taxable","14":"shipping-taxable","15":"purchasable","16":"product-type-variable"},"_links":{"self":[{"href":"https:\/\/belloterra.es\/fr\/wp-json\/wp\/v2\/product\/5127","targetHints":{"allow":["GET"]}}],"collection":[{"href":"https:\/\/belloterra.es\/fr\/wp-json\/wp\/v2\/product"}],"about":[{"href":"https:\/\/belloterra.es\/fr\/wp-json\/wp\/v2\/types\/product"}],"wp:featuredmedia":[{"embeddable":true,"href":"https:\/\/belloterra.es\/fr\/wp-json\/wp\/v2\/media\/3905"}],"wp:attachment":[{"href":"https:\/\/belloterra.es\/fr\/wp-json\/wp\/v2\/media?parent=5127"}],"wp:term":[{"taxonomy":"product_brand","embeddable":true,"href":"https:\/\/belloterra.es\/fr\/wp-json\/wp\/v2\/product_brand?post=5127"},{"taxonomy":"product_cat","embeddable":true,"href":"https:\/\/belloterra.es\/fr\/wp-json\/wp\/v2\/product_cat?post=5127"},{"taxonomy":"product_tag","embeddable":true,"href":"https:\/\/belloterra.es\/fr\/wp-json\/wp\/v2\/product_tag?post=5127"}],"curies":[{"name":"wp","href":"https:\/\/api.w.org\/{rel}","templated":true}]}}