{"id":5114,"date":"2024-10-15T07:22:51","date_gmt":"2024-10-15T07:22:51","guid":{"rendered":"https:\/\/belloterra.es\/\/producto\/pack-bellota-belloterra\/"},"modified":"2025-07-09T06:40:17","modified_gmt":"2025-07-09T06:40:17","slug":"pack-bellota-belloterra","status":"publish","type":"product","link":"https:\/\/belloterra.es\/fr\/produit\/pack-bellota-belloterra\/","title":{"rendered":"Gland"},"content":{"rendered":"","protected":false},"excerpt":{"rendered":"<p data-start=\"0\" data-end=\"385\">D\u00e9couvrez d\u00e8s maintenant notre Pack Bellota de 5 tranches, compos\u00e9 de Jambon de bellota 100 % ib\u00e9rique avec Appellation d\u2019Origine Los Pedroches + \u00c9paule de bellota 100 % ib\u00e9rique avec Appellation d\u2019Origine Los Pedroches + Lomo de bellota 100 % ib\u00e9rique + Salchich\u00f3n de bellota ib\u00e9rique + Chorizo de bellota ib\u00e9rique.<\/p>\n<p data-start=\"0\" data-end=\"385\">C\u2019est un pack id\u00e9al pour un cadeau ou pour surprendre vos invit\u00e9s.<\/p>\n<p data-start=\"387\" data-end=\"403\" data-is-last-node=\"\" data-is-only-node=\"\">5 unit\u00e9s x 80 g.<\/p>\n","protected":false},"featured_media":8784,"template":"","meta":[],"product_brand":[],"product_cat":[182],"product_tag":[],"class_list":{"0":"post-5114","1":"product","2":"type-product","3":"status-publish","4":"has-post-thumbnail","6":"product_cat-loncheados-fr","8":"first","9":"instock","10":"taxable","11":"shipping-taxable","12":"purchasable","13":"product-type-simple"},"_links":{"self":[{"href":"https:\/\/belloterra.es\/fr\/wp-json\/wp\/v2\/product\/5114","targetHints":{"allow":["GET"]}}],"collection":[{"href":"https:\/\/belloterra.es\/fr\/wp-json\/wp\/v2\/product"}],"about":[{"href":"https:\/\/belloterra.es\/fr\/wp-json\/wp\/v2\/types\/product"}],"wp:featuredmedia":[{"embeddable":true,"href":"https:\/\/belloterra.es\/fr\/wp-json\/wp\/v2\/media\/8784"}],"wp:attachment":[{"href":"https:\/\/belloterra.es\/fr\/wp-json\/wp\/v2\/media?parent=5114"}],"wp:term":[{"taxonomy":"product_brand","embeddable":true,"href":"https:\/\/belloterra.es\/fr\/wp-json\/wp\/v2\/product_brand?post=5114"},{"taxonomy":"product_cat","embeddable":true,"href":"https:\/\/belloterra.es\/fr\/wp-json\/wp\/v2\/product_cat?post=5114"},{"taxonomy":"product_tag","embeddable":true,"href":"https:\/\/belloterra.es\/fr\/wp-json\/wp\/v2\/product_tag?post=5114"}],"curies":[{"name":"wp","href":"https:\/\/api.w.org\/{rel}","templated":true}]}}