{"id":5110,"date":"2024-10-15T07:24:06","date_gmt":"2024-10-15T07:24:06","guid":{"rendered":"https:\/\/belloterra.es\/\/producto\/pack-campo-belloterra\/"},"modified":"2025-07-09T06:15:21","modified_gmt":"2025-07-09T06:15:21","slug":"pack-campo-belloterra","status":"publish","type":"product","link":"https:\/\/belloterra.es\/fr\/produit\/pack-campo-belloterra\/","title":{"rendered":"Campagne"},"content":{"rendered":"","protected":false},"excerpt":{"rendered":"<p>D\u00e9couvrez notre Pack de 5 tranches \u201cCampagne\u201d, compos\u00e9 de : Jambon de Cebo de Campo 50\u202f% Ib\u00e9rique + \u00c9paule de Cebo de Campo 50\u202f% Ib\u00e9rique + Longe de Cebo de Campo 50\u202f% Ib\u00e9rique + Saucisson Ib\u00e9rique de Bellota + Chorizo Ib\u00e9rique de Bellota.<\/p>\n<p>Un coffret id\u00e9al \u00e0 offrir ou pour surprendre vos invit\u00e9s.<\/p>\n<p>5 unit\u00e9s \u00d7 80 g.<\/p>\n","protected":false},"featured_media":8780,"template":"","meta":[],"product_brand":[],"product_cat":[182],"product_tag":[],"class_list":{"0":"post-5110","1":"product","2":"type-product","3":"status-publish","4":"has-post-thumbnail","6":"product_cat-loncheados-fr","8":"first","9":"instock","10":"taxable","11":"shipping-taxable","12":"purchasable","13":"product-type-simple"},"_links":{"self":[{"href":"https:\/\/belloterra.es\/fr\/wp-json\/wp\/v2\/product\/5110","targetHints":{"allow":["GET"]}}],"collection":[{"href":"https:\/\/belloterra.es\/fr\/wp-json\/wp\/v2\/product"}],"about":[{"href":"https:\/\/belloterra.es\/fr\/wp-json\/wp\/v2\/types\/product"}],"wp:featuredmedia":[{"embeddable":true,"href":"https:\/\/belloterra.es\/fr\/wp-json\/wp\/v2\/media\/8780"}],"wp:attachment":[{"href":"https:\/\/belloterra.es\/fr\/wp-json\/wp\/v2\/media?parent=5110"}],"wp:term":[{"taxonomy":"product_brand","embeddable":true,"href":"https:\/\/belloterra.es\/fr\/wp-json\/wp\/v2\/product_brand?post=5110"},{"taxonomy":"product_cat","embeddable":true,"href":"https:\/\/belloterra.es\/fr\/wp-json\/wp\/v2\/product_cat?post=5110"},{"taxonomy":"product_tag","embeddable":true,"href":"https:\/\/belloterra.es\/fr\/wp-json\/wp\/v2\/product_tag?post=5110"}],"curies":[{"name":"wp","href":"https:\/\/api.w.org\/{rel}","templated":true}]}}