{"id":5105,"date":"2024-10-15T07:43:45","date_gmt":"2024-10-15T07:43:45","guid":{"rendered":"https:\/\/belloterra.es\/\/producto\/lomo-de-cebo-de-campo-iberico-50-r-i-bandeja-redonda\/"},"modified":"2025-07-09T06:08:41","modified_gmt":"2025-07-09T06:08:41","slug":"lomo-de-cebo-de-campo-iberico-50-r-i-bandeja-redonda","status":"publish","type":"product","link":"https:\/\/belloterra.es\/fr\/produit\/lomo-de-cebo-de-campo-iberico-50-r-i-bandeja-redonda\/","title":{"rendered":"Longe de Porc Ib\u00e9rique Nourri aux C\u00e9r\u00e9ales 50% Race Ib\u00e9rique \u2013 Plateau Rond"},"content":{"rendered":"<p>La mani\u00e8re la plus pratique de d\u00e9guster la Longe de Porc Ib\u00e9rique 50\u202f% Race Ib\u00e9rique \u00c9lev\u00e9 en Plein Air, sans rien perdre de ses qualit\u00e9s. Pr\u00e9sent\u00e9e dans un format simple, emball\u00e9e sous vide, pr\u00eate \u00e0 ouvrir et \u00e0 consommer. Conditionn\u00e9e dans un plateau rond, con\u00e7u pour \u00eatre plac\u00e9 directement sur une assiette et servi \u00e0 table.<\/p>\n<h2><b>Caract\u00e9ristiques du Longe de Porc Ib\u00e9rique Nourri aux C\u00e9r\u00e9ales 50% Race Ib\u00e9rique<\/b><\/h2>\n<p><span style=\"font-weight: 400;\">Ce lomo provient de porcs ayant au moins un parent de race pure. Ils sont \u00e9lev\u00e9s en libert\u00e9 et nourris avec des c\u00e9r\u00e9ales et des herbes naturelles. Son assaisonnement avec des \u00e9pices s\u00e9lectionn\u00e9es et sa maturation artisanale lui conf\u00e8rent un ar\u00f4me envo\u00fbtant et un go\u00fbt persistant.<\/span><\/p>\n","protected":false},"excerpt":{"rendered":"<div class=\"woocommerce-product-details__short-description\">\n<p>5 unit\u00e9s \u00d7 80 g<\/p>\n<\/div>\n","protected":false},"featured_media":8788,"template":"","meta":[],"product_brand":[],"product_cat":[182],"product_tag":[],"class_list":{"0":"post-5105","1":"product","2":"type-product","3":"status-publish","4":"has-post-thumbnail","6":"product_cat-loncheados-fr","8":"first","9":"instock","10":"taxable","11":"shipping-taxable","12":"purchasable","13":"product-type-simple"},"_links":{"self":[{"href":"https:\/\/belloterra.es\/fr\/wp-json\/wp\/v2\/product\/5105","targetHints":{"allow":["GET"]}}],"collection":[{"href":"https:\/\/belloterra.es\/fr\/wp-json\/wp\/v2\/product"}],"about":[{"href":"https:\/\/belloterra.es\/fr\/wp-json\/wp\/v2\/types\/product"}],"wp:featuredmedia":[{"embeddable":true,"href":"https:\/\/belloterra.es\/fr\/wp-json\/wp\/v2\/media\/8788"}],"wp:attachment":[{"href":"https:\/\/belloterra.es\/fr\/wp-json\/wp\/v2\/media?parent=5105"}],"wp:term":[{"taxonomy":"product_brand","embeddable":true,"href":"https:\/\/belloterra.es\/fr\/wp-json\/wp\/v2\/product_brand?post=5105"},{"taxonomy":"product_cat","embeddable":true,"href":"https:\/\/belloterra.es\/fr\/wp-json\/wp\/v2\/product_cat?post=5105"},{"taxonomy":"product_tag","embeddable":true,"href":"https:\/\/belloterra.es\/fr\/wp-json\/wp\/v2\/product_tag?post=5105"}],"curies":[{"name":"wp","href":"https:\/\/api.w.org\/{rel}","templated":true}]}}