{"id":5406,"date":"2025-05-07T08:50:05","date_gmt":"2025-05-07T08:50:05","guid":{"rendered":"https:\/\/belloterra.es\/\/premios-y-certificaciones\/"},"modified":"2025-08-04T09:01:07","modified_gmt":"2025-08-04T09:01:07","slug":"premios-y-certificaciones","status":"publish","type":"page","link":"https:\/\/belloterra.es\/fr\/premios-y-certificaciones\/","title":{"rendered":"Prix et Certifications de Qualit\u00e9"},"content":{"rendered":"<section class=\" container-xl block-simple-text type1 \">\n            <div class=\"before_title\"><p>Great taste awards<\/p><\/div>\n                <div class=\"title\"><p>Prix international d\u00e9cern\u00e9 par la Guild of Fine Food.<\/p><\/div>\n                <div class=\"description\"><p>Les Great Taste Awards sont consid\u00e9r\u00e9s comme l&rsquo;un des plus grands et des plus fiables syst\u00e8mes d&rsquo;accr\u00e9ditation des produits alimentaires et des boissons dans le monde entier. Pour les producteurs, recevoir un Great Taste Award signifie une validation du d\u00e9vouement et de l&rsquo;artisanat de nos produits ib\u00e9riques.<\/p><\/div>\n    <\/section>\n\n<section class=\"block-image-and-years\">\n    <div class=\"container-xl\">\n                    <figure class=\" izq premio\">\n        <img decoding=\"async\" width=\"512\" height=\"499\" src=\"https:\/\/belloterra.es\/wp-content\/uploads\/2025\/08\/premio_great_taste2025.webp\" class=\"premio\" alt=\"\" srcset=\"https:\/\/belloterra.es\/wp-content\/uploads\/2025\/08\/premio_great_taste2025.webp 512w, https:\/\/belloterra.es\/wp-content\/uploads\/2025\/08\/premio_great_taste2025-300x292.webp 300w\" sizes=\"(max-width: 512px) 100vw, 512px\" \/>\n    <\/figure>\n        \n                    <ul class=\"years-list\">\n                                                            <li class=\"year-item \">\n                            2014\n                        <\/li>\n                                                                                <li class=\"year-item \">\n                            2015\n                        <\/li>\n                                                                                <li class=\"year-item \">\n                            2016\n                        <\/li>\n                                                                                <li class=\"year-item \">\n                            2018\n                        <\/li>\n                                                                                <li class=\"year-item \">\n                            2020\n                        <\/li>\n                                                                                <li class=\"year-item \">\n                            2022\n                        <\/li>\n                                                                                <li class=\"year-item \">\n                            2024\n                        <\/li>\n                                                <\/ul>\n            <\/div>\n<\/section>\n\n\n<section class=\" container-xl block-simple-text type1 \">\n                <div class=\"title\"><p>Les juges ont \u00e9valu\u00e9:<\/p><\/div>\n                <div class=\"description\"><p data-start=\"99\" data-end=\"382\">Un jambon d&rsquo;une belle couleur rouge fonc\u00e9 avec une bonne proportion de gras et de viande. La viande est merveilleusement juteuse et pr\u00e9sente un ar\u00f4me d\u00e9licat de porc avec une forte saveur sucr\u00e9e de noix provenant des glands. Le gras \u00e9tait d\u00e9licieusement cr\u00e9meux et fondait en bouche.<\/p>\n<p data-start=\"384\" data-end=\"665\">De belles tranches de jambon avec une couche de graisse onctueuse. L&rsquo;ar\u00f4me est s\u00e9duisant, avec des notes de porc sucr\u00e9, et la saveur est profonde, douce, avec une douceur et des notes herbac\u00e9es qui pr\u00e9servent le go\u00fbt naturel du porc affin\u00e9. Un d\u00e9licieux exemple de jambon ib\u00e9rique.<\/p>\n<p data-start=\"667\" data-end=\"872\">Un jambon brillant, finement marbr\u00e9, avec une texture douce et juteuse qui met l\u2019eau \u00e0 la bouche. La saveur est sal\u00e9e, mais aussi sucr\u00e9e, avec une profondeur de go\u00fbt charnu. Un jambon parfaitement pr\u00e9par\u00e9.<\/p><\/div>\n    <\/section>\n\n<section class=\" container-xl block-simple-text type1  first-block award \">\n            <div class=\"before_title\"><p>Encina d&rsquo;Or<\/p><\/div>\n                <div class=\"title\"><p>Meilleur jambon ib\u00e9rique de bellota de la vall\u00e9e des Pedroches<\/p><\/div>\n                <div class=\"description\"><p>L&rsquo;Encina d&rsquo;Or est une distinction prestigieuse d\u00e9cern\u00e9e au meilleur jambon de bellota 100 % ib\u00e9rique de la Denomination d&rsquo;Origine Prot\u00e9g\u00e9e (DOP) Los Pedroches. Notre jambon ib\u00e9rique de bellota a \u00e9t\u00e9 r\u00e9compens\u00e9 pour son go\u00fbt in\u00e9gal\u00e9, son ar\u00f4me intense et sa texture parfaite.<\/p><\/div>\n    <\/section>\n\n<section class=\"block-image-and-years\">\n    <div class=\"container-xl\">\n                    <figure class=\" izq premio\">\n        <img decoding=\"async\" width=\"634\" height=\"634\" src=\"https:\/\/belloterra.es\/wp-content\/uploads\/2025\/06\/logo-encina-de-oro-6-premios_op.png\" class=\"premio\" alt=\"\" srcset=\"https:\/\/belloterra.es\/wp-content\/uploads\/2025\/06\/logo-encina-de-oro-6-premios_op.png 634w, https:\/\/belloterra.es\/wp-content\/uploads\/2025\/06\/logo-encina-de-oro-6-premios_op-300x300.png 300w, https:\/\/belloterra.es\/wp-content\/uploads\/2025\/06\/logo-encina-de-oro-6-premios_op-150x150.png 150w, https:\/\/belloterra.es\/wp-content\/uploads\/2025\/06\/logo-encina-de-oro-6-premios_op-600x600.png 600w, https:\/\/belloterra.es\/wp-content\/uploads\/2025\/06\/logo-encina-de-oro-6-premios_op-100x100.png 100w\" sizes=\"(max-width: 634px) 100vw, 634px\" \/>\n    <\/figure>\n        \n                    <ul class=\"years-list\">\n                                                            <li class=\"year-item \">\n                            2008\n                        <\/li>\n                                                                                <li class=\"year-item \">\n                            2009\n                        <\/li>\n                                                                                <li class=\"year-item \">\n                            2010\n                        <\/li>\n                                                                                <li class=\"year-item \">\n                            2010\n                        <\/li>\n                                                                                <li class=\"year-item \">\n                            2012\n                        <\/li>\n                                                                                <li class=\"year-item \">\n                            2015\n                        <\/li>\n                                                                                <li class=\"year-item \">\n                            2017\n                        <\/li>\n                                                <\/ul>\n            <\/div>\n<\/section>\n\n\n<section class=\"block-grid-featured-products woocommerce\">\n    <div class=\"container-xl\">\n                    <div class=\"block-header\">\n                                    <div class=\"block-title\">\n                        <p>LISTE DES PRODUITS<\/p>\n                    <\/div>\n                \n                            <\/div>\n        \n                            <div class=\"product-grid\" id=\"swiperFeaturedProducts\">\n                                    <ul class=\"products swiper-wrapper\">\n                                                    \n                                                            <div class=\"swiper-slide\">\n                                    <li class=\"product type-product \">\n        <a href=\"https:\/\/belloterra.es\/producto\/jamon-de-bellota-100-iberico\/\" class=\"woocommerce-loop-product__link \">\n            <figure class=\"attachment-woocommerce_thumbnail\">\n                <img decoding=\"async\" class=\"image-product\" src=\"https:\/\/belloterra.es\/wp-content\/uploads\/2024\/07\/Jamon-de-Bellota-100-Iberico.jpg\" alt=\"Jam\u00f3n de Bellota 100% ib\u00e9rico\">\n                <div class=\"award\">\n                    \n                                    <\/div>\n                <div class=\"bttn bttn-primary\">D\u00e9couvrir<\/div>\n            <\/figure>\n            <div class=\"wrap\">\n                <div class=\"woocommerce-loop-product__title\">\n                    <div class=\"product-box-title\">\n                        Jam\u00f3n de Bellota 100% ib\u00e9rico\n                    <\/div>\n                <\/div>\n\n                                    <div class=\"product-box-description\">\n                                                 \n                                                    100% Race Ib\u00e9rique  \n                                                <div class=\"weight\">7\/8kg<\/div>\n                    <\/div>\n                            <\/div>\n        <\/a>\n    <\/li>\n                                <\/div>\n                                                                                \n                                                            <div class=\"swiper-slide\">\n                                    <li class=\"product type-product \">\n        <a href=\"https:\/\/belloterra.es\/producto\/jamon-de-bellota-100-iberico-d-o-los-pedroches\/\" class=\"woocommerce-loop-product__link \">\n            <figure class=\"attachment-woocommerce_thumbnail\">\n                <img decoding=\"async\" class=\"image-product\" src=\"https:\/\/belloterra.es\/wp-content\/uploads\/2024\/07\/Jamon-de-Bellota-100-Iberico-D.O.-Los-Pedroches-.jpg\" alt=\"Jam\u00f3n de Bellota 100% Ib\u00e9rico D.O. Los Pedroches\">\n                <div class=\"award\">\n                    \n                                                                        <figure class=\"  mb-0 logo-award\">\n        <img decoding=\"async\" width=\"69\" height=\"67\" src=\"https:\/\/belloterra.es\/wp-content\/uploads\/2025\/08\/Logo-Great-Taste-2025_sf.png\" class=\"mb-0 logo-award\" alt=\"\" \/>\n    <\/figure>\n                                                    <figure class=\"  mb-0 logo-award\">\n        <img decoding=\"async\" width=\"67\" height=\"67\" src=\"https:\/\/belloterra.es\/wp-content\/uploads\/2025\/06\/logo-encina-de-oro-black.png\" class=\"mb-0 logo-award\" alt=\"\" \/>\n    <\/figure>\n                                                            <\/div>\n                <div class=\"bttn bttn-primary\">D\u00e9couvrir<\/div>\n            <\/figure>\n            <div class=\"wrap\">\n                <div class=\"woocommerce-loop-product__title\">\n                    <div class=\"product-box-title\">\n                        Jam\u00f3n de Bellota 100% Ib\u00e9rico D.O. Los Pedroches\n                    <\/div>\n                <\/div>\n\n                                    <div class=\"product-box-description\">\n                                                 \n                                                    100% Race Ib\u00e9rique  \n                                                <div class=\"weight\">7\/8kg<\/div>\n                    <\/div>\n                            <\/div>\n        <\/a>\n    <\/li>\n                                <\/div>\n                                                                                \n                                                            <div class=\"swiper-slide\">\n                                    <li class=\"product type-product \">\n        <a href=\"https:\/\/belloterra.es\/producto\/jamon-de-bellota-iberico-50-r-i\/\" class=\"woocommerce-loop-product__link \">\n            <figure class=\"attachment-woocommerce_thumbnail\">\n                <img decoding=\"async\" class=\"image-product\" src=\"https:\/\/belloterra.es\/wp-content\/uploads\/2024\/07\/Jamon-de-Bellota-Iberico-50-R.I.jpg\" alt=\"Jam\u00f3n de Bellota 50% R.I.\">\n                <div class=\"award\">\n                    \n                                    <\/div>\n                <div class=\"bttn bttn-primary\">D\u00e9couvrir<\/div>\n            <\/figure>\n            <div class=\"wrap\">\n                <div class=\"woocommerce-loop-product__title\">\n                    <div class=\"product-box-title\">\n                        Jam\u00f3n de Bellota 50% R.I.\n                    <\/div>\n                <\/div>\n\n                                    <div class=\"product-box-description\">\n                                                 \n                                                    Cochons \u00e9lev\u00e9s en libert\u00e9  \n                                                <div class=\"weight\">7\/8kg<\/div>\n                    <\/div>\n                            <\/div>\n        <\/a>\n    <\/li>\n                                <\/div>\n                                                                        <\/ul>\n                            <\/div>\n        \n                               \n                                    <a href=\"https:\/\/belloterra.es\/categoria-producto\/jamones\/ \"\n                        class=\"bttn bttn-tertiary\">Tous les produits ib\u00e9riques<\/a>\n                                        <\/div>\n<\/section>\n\n\n<section class=\"container-xl block-certifications\">\n\n            <div class=\"wrap-text\">\n                            <div class=\"title\"><p>Nos certifications de qualit\u00e9<\/p><\/div>\n                                        <div class=\"description\"><p>Nous produisons chacun de nos produits selon les normes de qualit\u00e9 les plus strictes et avec des certifications garantissant leur origine et leur processus de production. De l&rsquo;\u00e9levage en libert\u00e9 \u00e0 la maturation, chaque \u00e9tape est supervis\u00e9e pour offrir le meilleur go\u00fbt.<\/p><\/div>\n                    <\/div>\n    \n            <div id=\"swiperCertifications\">\n            <div class=\"wrap-certifications swiper-wrapper\">\n                                    <div class=\"certification swiper-slide\">\n                        <figure class=\"  mb-0 logo-certification\">\n        <img decoding=\"async\" width=\"240\" height=\"211\" src=\"https:\/\/belloterra.es\/wp-content\/uploads\/2025\/07\/cert_brc.webp\" class=\"mb-0 logo-certification\" alt=\"\" \/>\n    <\/figure>\n                    <\/div>\n                                    <div class=\"certification swiper-slide\">\n                        <figure class=\"  mb-0 logo-certification\">\n        <img decoding=\"async\" width=\"240\" height=\"211\" src=\"https:\/\/belloterra.es\/wp-content\/uploads\/2025\/07\/cert_ifs-1.webp\" class=\"mb-0 logo-certification\" alt=\"\" \/>\n    <\/figure>\n                    <\/div>\n                                    <div class=\"certification swiper-slide\">\n                        <figure class=\"  mb-0 logo-certification\">\n        <img decoding=\"async\" width=\"240\" height=\"211\" src=\"https:\/\/belloterra.es\/wp-content\/uploads\/2025\/07\/cert_do-1.webp\" class=\"mb-0 logo-certification\" alt=\"\" \/>\n    <\/figure>\n                    <\/div>\n                            <\/div>\n            <div class=\"swiper-pagination\"><\/div>\n        <\/div>\n    <\/section>\n\n\n<section class=\"block-newsletter\">\n    <div class=\"container-xl\">\n                    <figure class=\" left bg\">\n        <img decoding=\"async\" width=\"527\" height=\"309\" src=\"https:\/\/belloterra.es\/wp-content\/uploads\/2025\/07\/bg_newsletter_new.webp\" class=\"bg\" alt=\"\" srcset=\"https:\/\/belloterra.es\/wp-content\/uploads\/2025\/07\/bg_newsletter_new.webp 527w, https:\/\/belloterra.es\/wp-content\/uploads\/2025\/07\/bg_newsletter_new-300x176.webp 300w\" sizes=\"(max-width: 527px) 100vw, 527px\" \/>\n    <\/figure>\n        \n        <div class=\"content\">\n                            <div class=\"title\"><p>Abonnez-vous \u00e0 notre newsletter<\/p>\n<\/div>\n            \n                            <div class=\"description\">Restez inform\u00e9 des derni\u00e8res nouveaut\u00e9s du monde des produits ib\u00e9riques.<\/div>\n            \n                            <div class=\"form\">\n                     <div class=\"forminator-ui forminator-custom-form forminator-custom-form-5365 forminator-design--default  forminator_ajax\" data-forminator-render=\"0\" data-form=\"forminator-module-5365\" data-uid=\"69ebaa338f0ec\"><br\/><\/div><form\n\t\t\t\tid=\"forminator-module-5365\"\n\t\t\t\tclass=\"forminator-ui forminator-custom-form forminator-custom-form-5365 forminator-design--default  forminator_ajax\"\n\t\t\t\tmethod=\"post\"\n\t\t\t\tdata-forminator-render=\"0\"\n\t\t\t\tdata-form-id=\"5365\"\n\t\t\t\t data-color-option=\"theme\" data-design=\"default\" data-grid=\"open\" style=\"display: none;\"\n\t\t\t\tdata-uid=\"69ebaa338f0ec\"\n\t\t\t><div role=\"alert\" aria-live=\"polite\" class=\"forminator-response-message forminator-error\" aria-hidden=\"true\"><\/div><div class=\"forminator-row\"><div id=\"email-1\" class=\"forminator-field-email forminator-col forminator-col-12 \"><div class=\"forminator-field\"><input type=\"email\" name=\"email-1\" value=\"\" placeholder=\"Saisissez votre adresse e-mail\" id=\"forminator-field-email-1_69ebaa338f0ec\" class=\"forminator-input forminator-email--field\" data-required=\"true\" aria-required=\"true\" autocomplete=\"email\" \/><\/div><\/div><\/div><div class=\"forminator-row\" style=\"margin: 0;\"><div id=\"captcha-1\" class=\"forminator-field-captcha  forminator-col-12 \"><div class=\"forminator-captcha-left forminator-g-recaptcha recaptcha-invisible\" data-theme=\"light\" data-badge=\"bottomright\" data-sitekey=\"6LdDl4MrAAAAAJKLOiKZnxSv9Li0WuTLQj5lIPPl\" data-size=\"invisible\"><\/div> <\/div><\/div><div class=\"forminator-row\"><div id=\"consent-1\" class=\"forminator-field-consent forminator-col forminator-col-12 \"><div class=\"forminator-field\"><div class=\"forminator-checkbox__wrapper\"><label id=\"forminator-field-consent-1_69ebaa338f0ec__label\" class=\"forminator-checkbox forminator-consent\"><input type=\"checkbox\" name=\"consent-1\" id=\"forminator-field-consent-1_69ebaa338f0ec\" value=\"checked\" aria-labelledby=\"forminator-field-consent-1_69ebaa338f0ec-label\" aria-describedby=\"forminator-field-consent-1_69ebaa338f0ec__description\" data-required=\"true\" aria-required=\"true\" \/><span class=\"forminator-checkbox-box\" aria-hidden=\"true\"><\/span><\/label><div id=\"forminator-field-consent-1_69ebaa338f0ec__description\" class=\"forminator-checkbox__label forminator-consent__label\"><p>J&rsquo;ai lu et j&rsquo;accepte la <a href=\"\/fr\/politique-de-confidentialite\/\">politique de confidentialit\u00e9.<\/a><\/p><\/div><\/div><\/div><\/div><\/div><input type=\"hidden\" name=\"referer_url\" value=\"\" \/><div class=\"forminator-row forminator-row-last\"><div class=\"forminator-col\"><div class=\"forminator-field\"><button class=\"forminator-button forminator-button-submit\">S&#039;abonner<\/button><\/div><\/div><\/div><input type=\"hidden\" id=\"forminator_nonce\" name=\"forminator_nonce\" value=\"18c04b2958\" \/><input type=\"hidden\" name=\"_wp_http_referer\" value=\"\/fr\/wp-json\/wp\/v2\/pages\/5406\" \/><input type=\"hidden\" name=\"form_id\" value=\"5365\"><input type=\"hidden\" name=\"page_id\" value=\"5406\"><input type=\"hidden\" name=\"form_type\" value=\"default\"><input type=\"hidden\" name=\"current_url\" value=\"https:\/\/belloterra.es\/fr\/premios-y-certificaciones\/\"><input type=\"hidden\" name=\"render_id\" value=\"0\"><input type=\"hidden\" name=\"action\" value=\"forminator_submit_form_custom-forms\"><label for=\"input_3\" class=\"forminator-hidden\" aria-hidden=\"true\">Veuillez ne pas remplir ce champ. <input id=\"input_3\" type=\"text\" name=\"input_3\" value=\"\" autocomplete=\"off\"><\/label><\/form>\n                <\/div>\n                    <\/div>\n    <\/div>\n<\/section>\n","protected":false},"excerpt":{"rendered":"","protected":false},"author":1,"featured_media":0,"parent":0,"menu_order":0,"comment_status":"closed","ping_status":"closed","template":"","meta":{"footnotes":""},"class_list":["post-5406","page","type-page","status-publish","hentry"],"_links":{"self":[{"href":"https:\/\/belloterra.es\/fr\/wp-json\/wp\/v2\/pages\/5406","targetHints":{"allow":["GET"]}}],"collection":[{"href":"https:\/\/belloterra.es\/fr\/wp-json\/wp\/v2\/pages"}],"about":[{"href":"https:\/\/belloterra.es\/fr\/wp-json\/wp\/v2\/types\/page"}],"author":[{"embeddable":true,"href":"https:\/\/belloterra.es\/fr\/wp-json\/wp\/v2\/users\/1"}],"replies":[{"embeddable":true,"href":"https:\/\/belloterra.es\/fr\/wp-json\/wp\/v2\/comments?post=5406"}],"version-history":[{"count":4,"href":"https:\/\/belloterra.es\/fr\/wp-json\/wp\/v2\/pages\/5406\/revisions"}],"predecessor-version":[{"id":7887,"href":"https:\/\/belloterra.es\/fr\/wp-json\/wp\/v2\/pages\/5406\/revisions\/7887"}],"wp:attachment":[{"href":"https:\/\/belloterra.es\/fr\/wp-json\/wp\/v2\/media?parent=5406"}],"curies":[{"name":"wp","href":"https:\/\/api.w.org\/{rel}","templated":true}]}}