{"id":5396,"date":"2025-05-07T08:49:28","date_gmt":"2025-05-07T08:49:28","guid":{"rendered":"https:\/\/belloterra.es\/\/los-maestros\/"},"modified":"2025-07-30T09:43:02","modified_gmt":"2025-07-30T09:43:02","slug":"maitres","status":"publish","type":"page","link":"https:\/\/belloterra.es\/fr\/maitres\/","title":{"rendered":"Les ma\u00eetres"},"content":{"rendered":"<section class=\" container-xl block-simple-text   first-block \">\n                <div class=\"title\"><p>Ma\u00eetres de l&rsquo;ib\u00e9rique<\/p><\/div>\n                <div class=\"description\"><p>Pour garantir une maturation parfaite ainsi qu\u2019une saveur et une texture in\u00e9galables dans chaque pi\u00e8ce, nos ma\u00eetres ont perfectionn\u00e9 l\u2019\u00e9levage et le soin du porc jusqu\u2019\u00e0 atteindre l\u2019excellence.<\/p><\/div>\n    <\/section>\n\n<section class=\"product-advantages-block\">\n\n    <div class=\"container-xl\">\n        \n                    <div class=\"advantages-list\">\n                                    <div class=\"advantage-item\">\n                                                    <figure class=\"image-banner\">\n                    <svg xmlns=\"http:\/\/www.w3.org\/2000\/svg\" width=\"71\" height=\"70\" fill=\"none\"><path stroke=\"#9F7046\" stroke-linecap=\"round\" stroke-linejoin=\"round\" stroke-miterlimit=\"10\" d=\"M18.26 39.245s.712-3.273-.26-5.217c-.802-1.604-4.86-3.89-4.86-3.89-.876 2.188-.645 5.841-.273 6.851l.272.928-.507.865a10.6 10.6 0 0 1-4.39 4.103l-1.246.622c-.513.257-.72.88-.464 1.392l1.746 3.712s6.563 1.641 11.127.323M15.7 31.238c4.842-6.903 35.805-21.623 44.77 3.05a15.17 15.17 0 0 1 .563 8.335l-2.45 11.55a1.57 1.57 0 0 1-1.537 1.244h-.013c-1.036 0-1.314-.826-1.51-1.843-.577-3.018-.453-7.666-4.17-14.082\"\/><path stroke=\"#9F7046\" stroke-linecap=\"round\" stroke-linejoin=\"round\" stroke-miterlimit=\"10\" d=\"M29.705 33.77s3.483 5.474.995 9.455c-1.954 3.127-4.521 8.4-5.533 10.521-.27.565-.841.924-1.468.924h-.024a1.623 1.623 0 0 1-1.539-2.146c.737-2.18 1.524-5.798.603-9.797m8.458.996s15.426 1.493 20.403-1.99m-4.433 2.017s0 3.889-1.167 8.183c-.294 1.087.127 2.194 1.253 2.194.568 0 1.085-.331 1.323-.846l2.48-4.67m-20.402 1.535-.193 2.124c-.133 1.462 1.39 2.502 2.704 1.845l.017-.009a1.88 1.88 0 0 0 1.031-1.542l.315-7.842m25.554-17.569s5.971-1.492 2.489 2.986\"\/><\/svg>   \n            <\/figure>\n                        \n                                                    <div class=\"texts\">\n                                                                    <div class=\"caption\"><p>20 ans<\/p><\/div>\n                                \n                                                                    <div class=\"description\"><p>d\u2019exp\u00e9rience dans l\u2019\u00e9levage<\/p><\/div>\n                                                            <\/div>\n                                            <\/div>\n                                    <div class=\"advantage-item\">\n                                                    <figure class=\"image-banner\">\n                    <svg xmlns=\"http:\/\/www.w3.org\/2000\/svg\" width=\"71\" height=\"70\" fill=\"none\"><path stroke=\"#9F7046\" stroke-linecap=\"round\" stroke-linejoin=\"round\" d=\"M37.944 13a11.97 11.97 0 0 0-2.444 7.334m14.667 9.777-1.1 10.023A20.44 20.44 0 0 1 36.405 56.83a2.44 2.44 0 0 1-1.81 0 20.44 20.44 0 0 1-12.661-16.697L20.833 30.11z\"\/><path stroke=\"#9F7046\" stroke-linecap=\"round\" stroke-linejoin=\"round\" d=\"M25.723 20.334h19.555a7.333 7.333 0 0 1 7.333 7.333 2.444 2.444 0 0 1-2.444 2.444H20.833a2.444 2.444 0 0 1-2.444-2.444 7.333 7.333 0 0 1 7.334-7.334\"\/><\/svg>   \n            <\/figure>\n                        \n                                                    <div class=\"texts\">\n                                                                    <div class=\"caption\"><p>Ma\u00eetres charcutiers<\/p><\/div>\n                                \n                                                                    <div class=\"description\"><p>experts de l\u2019Ib\u00e9rique<\/p><\/div>\n                                                            <\/div>\n                                            <\/div>\n                                    <div class=\"advantage-item\">\n                                                    <figure class=\"image-banner\">\n                    <svg xmlns=\"http:\/\/www.w3.org\/2000\/svg\" width=\"71\" height=\"70\" fill=\"none\"><path stroke=\"#9F7046\" stroke-linecap=\"round\" stroke-linejoin=\"round\" d=\"M35.5 56.002V28.7m-6.495 18.905c-3.589 0-6.498-2.896-6.498-6.374a7.67 7.67 0 0 1-4.376-2.164 7.26 7.26 0 0 1-2.09-4.31 7.17 7.17 0 0 1 1.076-4.647 7.53 7.53 0 0 1 3.787-3.033 6.13 6.13 0 0 1-.474-3.65 6.23 6.23 0 0 1 1.709-3.285 6.55 6.55 0 0 1 3.31-1.799 6.7 6.7 0 0 1 3.781.3 6.3 6.3 0 0 1 2.327-3.349 6.63 6.63 0 0 1 3.945-1.293c1.426 0 2.812.455 3.945 1.294a6.3 6.3 0 0 1 2.325 3.35 6.7 6.7 0 0 1 3.782-.3 6.55 6.55 0 0 1 3.31 1.8 6.23 6.23 0 0 1 1.709 3.284 6.13 6.13 0 0 1-.474 3.65 7.54 7.54 0 0 1 3.78 3.034 7.17 7.17 0 0 1 1.073 4.642 7.26 7.26 0 0 1-2.084 4.308A7.67 7.67 0 0 1 48.5 41.23c0 3.478-2.91 6.374-6.498 6.374m-6.503-6.304 5.415-5.25M35.5 37.1l-5.415-5.25M31.167 56h8.664\"\/><\/svg>   \n            <\/figure>\n                        \n                                                    <div class=\"texts\">\n                                                                    <div class=\"caption\"><p>La Dehesa<\/p><\/div>\n                                \n                                                                    <div class=\"description\"><p>au c\u0153ur de la vall\u00e9e de Los Pedroches<\/p><\/div>\n                                                            <\/div>\n                                            <\/div>\n                            <\/div>\n            <\/div>\n<\/section>\n\n\n<section class=\"block-media-text-standar\">\n    <div class=\"container-xl\">\n\n                    <div class=\"wrap-text \">\n                \n                                    <div class=\"content-accordion loaded closed\">\n                                                    <div class=\"title\"><p>Une tradition qui parle le langage du temps et de l\u2019excellence<\/p><\/div>\n                        \n                                                    <div class=\"seo-content show description-text\"><p>Nos ma\u00eetres charcutiers s\u00e9lectionnent chaque pi\u00e8ce avec pr\u00e9cision, contr\u00f4lent chaque \u00e9tape de la maturation et ma\u00eetrisent l\u2019art du salage et de l\u2019affinage. Leur exp\u00e9rience, guid\u00e9e par la passion et la fiert\u00e9 de perp\u00e9tuer une tradition centenaire, est la cl\u00e9 pour atteindre l\u2019\u00e9quilibre parfait entre saveur, ar\u00f4me et texture, \u00e9levant chaque jambon au rang d\u2019\u0153uvre d\u2019art.<\/p><\/div>\n                                                                    <\/div>\n                            <\/div>\n                <div class=\"image-and-text \">\n                            <div class=\"background-image\">\n                    <figure class=\"  bg-img\">\n        <img decoding=\"async\" width=\"1704\" height=\"2560\" src=\"https:\/\/belloterra.es\/wp-content\/uploads\/2025\/07\/Img_220-scaled.webp\" class=\"bg-img\" alt=\"\" srcset=\"https:\/\/belloterra.es\/wp-content\/uploads\/2025\/07\/Img_220-scaled.webp 1704w, https:\/\/belloterra.es\/wp-content\/uploads\/2025\/07\/Img_220-200x300.webp 200w, https:\/\/belloterra.es\/wp-content\/uploads\/2025\/07\/Img_220-682x1024.webp 682w, https:\/\/belloterra.es\/wp-content\/uploads\/2025\/07\/Img_220-768x1154.webp 768w, https:\/\/belloterra.es\/wp-content\/uploads\/2025\/07\/Img_220-1022x1536.webp 1022w, https:\/\/belloterra.es\/wp-content\/uploads\/2025\/07\/Img_220-1363x2048.webp 1363w, https:\/\/belloterra.es\/wp-content\/uploads\/2025\/07\/Img_220-600x901.webp 600w\" sizes=\"(max-width: 1704px) 100vw, 1704px\" \/>\n    <\/figure>\n                <\/div>\n                    <\/div>\n    <\/div>\n<\/section>\n\n<section class=\"block-media-text-standar\">\n    <div class=\"container-xl\">\n\n                    <div class=\"wrap-text left\">\n                \n                                    <div class=\"content-accordion loaded closed\">\n                                                    <div class=\"title\"><p>La ma\u00eetrise devient art, l\u2019excellence devient saveur<\/p><\/div>\n                        \n                                                    <div class=\"seo-content show description-text\"><p>Chaque pi\u00e8ce Belloterra est le reflet d\u2019une histoire \u00e9crite avec passion, fiert\u00e9 et d\u00e9vouement. Le tout est envelopp\u00e9 dans un emballage con\u00e7u pour faire de l\u2019achat de jambon une exp\u00e9rience aussi visuelle que gastronomique.<\/p>\n<p>Nous ne nous contentons pas de produire du jambon, nous cr\u00e9ons de v\u00e9ritables chefs-d\u2019\u0153uvre qui portent l\u2019empreinte de notre terre et notre engagement envers les palais qui savent appr\u00e9cier l\u2019excellence authentique.<\/p><\/div>\n                                                                    <\/div>\n                            <\/div>\n                <div class=\"image-and-text left\">\n                            <div class=\"background-image\">\n                    <figure class=\" left bg-img\">\n        <img decoding=\"async\" width=\"2560\" height=\"1704\" src=\"https:\/\/belloterra.es\/wp-content\/uploads\/2025\/07\/Img_248-scaled.webp\" class=\"bg-img\" alt=\"\" srcset=\"https:\/\/belloterra.es\/wp-content\/uploads\/2025\/07\/Img_248-scaled.webp 2560w, https:\/\/belloterra.es\/wp-content\/uploads\/2025\/07\/Img_248-300x200.webp 300w, https:\/\/belloterra.es\/wp-content\/uploads\/2025\/07\/Img_248-1024x682.webp 1024w, https:\/\/belloterra.es\/wp-content\/uploads\/2025\/07\/Img_248-768x511.webp 768w, https:\/\/belloterra.es\/wp-content\/uploads\/2025\/07\/Img_248-1536x1022.webp 1536w, https:\/\/belloterra.es\/wp-content\/uploads\/2025\/07\/Img_248-2048x1363.webp 2048w, https:\/\/belloterra.es\/wp-content\/uploads\/2025\/07\/Img_248-600x399.webp 600w\" sizes=\"(max-width: 2560px) 100vw, 2560px\" \/>\n    <\/figure>\n                <\/div>\n                    <\/div>\n    <\/div>\n<\/section>\n\n<section class=\"block-media-text-standar\">\n    <div class=\"container-xl\">\n\n                    <div class=\"wrap-text \">\n                \n                                    <div class=\"content-accordion loaded closed\">\n                                                    <div class=\"title\"><p>Profilage<\/p><\/div>\n                        \n                                                    <div class=\"seo-content show description-text\"><p>Nos ma\u00eetres charcutiers donnent forme \u00e0 chaque pi\u00e8ce, \u00e9liminant les impuret\u00e9s et garantissant une maturation uniforme. Ce processus permet au temps et \u00e0 la patience d\u2019enrichir sa saveur, sa texture et sa pr\u00e9sentation.<\/p>\n<p>\u00a0<\/p><\/div>\n                                                                    <\/div>\n                            <\/div>\n                <div class=\"image-and-text \">\n                            <div class=\"background-image\">\n                    <figure class=\"  bg-img\">\n        <img decoding=\"async\" width=\"2560\" height=\"1709\" src=\"https:\/\/belloterra.es\/wp-content\/uploads\/2025\/07\/Corte-jamon-1-scaled.webp\" class=\"bg-img\" alt=\"\" srcset=\"https:\/\/belloterra.es\/wp-content\/uploads\/2025\/07\/Corte-jamon-1-scaled.webp 2560w, https:\/\/belloterra.es\/wp-content\/uploads\/2025\/07\/Corte-jamon-1-300x200.webp 300w, https:\/\/belloterra.es\/wp-content\/uploads\/2025\/07\/Corte-jamon-1-1024x683.webp 1024w, https:\/\/belloterra.es\/wp-content\/uploads\/2025\/07\/Corte-jamon-1-768x513.webp 768w, https:\/\/belloterra.es\/wp-content\/uploads\/2025\/07\/Corte-jamon-1-1536x1025.webp 1536w, https:\/\/belloterra.es\/wp-content\/uploads\/2025\/07\/Corte-jamon-1-2048x1367.webp 2048w, https:\/\/belloterra.es\/wp-content\/uploads\/2025\/07\/Corte-jamon-1-600x400.webp 600w\" sizes=\"(max-width: 2560px) 100vw, 2560px\" \/>\n    <\/figure>\n                <\/div>\n                    <\/div>\n    <\/div>\n<\/section>\n\n<section class=\"block-media-text-standar\">\n    <div class=\"container-xl\">\n\n                    <div class=\"wrap-text left\">\n                \n                                    <div class=\"content-accordion loaded closed\">\n                                                    <div class=\"title\"><p>Salage<\/p><\/div>\n                        \n                                                    <div class=\"seo-content show description-text\"><p>Chez Belloterra, nous utilisons du sel marin biologique, appliqu\u00e9 avec pr\u00e9cision pour respecter la puret\u00e9 du produit. Son absorption lente assure une conservation optimale et un \u00e9quilibre parfait entre intensit\u00e9 et nuances de saveur.<\/p>\n<p>\u00a0<\/p><\/div>\n                                                                    <\/div>\n                            <\/div>\n                <div class=\"image-and-text left\">\n                            <div class=\"background-image\">\n                    <figure class=\" left bg-img\">\n        <img decoding=\"async\" width=\"2560\" height=\"1709\" src=\"https:\/\/belloterra.es\/wp-content\/uploads\/2025\/07\/Corte-jamon-1-scaled.webp\" class=\"bg-img\" alt=\"\" srcset=\"https:\/\/belloterra.es\/wp-content\/uploads\/2025\/07\/Corte-jamon-1-scaled.webp 2560w, https:\/\/belloterra.es\/wp-content\/uploads\/2025\/07\/Corte-jamon-1-300x200.webp 300w, https:\/\/belloterra.es\/wp-content\/uploads\/2025\/07\/Corte-jamon-1-1024x683.webp 1024w, https:\/\/belloterra.es\/wp-content\/uploads\/2025\/07\/Corte-jamon-1-768x513.webp 768w, https:\/\/belloterra.es\/wp-content\/uploads\/2025\/07\/Corte-jamon-1-1536x1025.webp 1536w, https:\/\/belloterra.es\/wp-content\/uploads\/2025\/07\/Corte-jamon-1-2048x1367.webp 2048w, https:\/\/belloterra.es\/wp-content\/uploads\/2025\/07\/Corte-jamon-1-600x400.webp 600w\" sizes=\"(max-width: 2560px) 100vw, 2560px\" \/>\n    <\/figure>\n                <\/div>\n                    <\/div>\n    <\/div>\n<\/section>\n\n<section class=\"block-media-text-standar\">\n    <div class=\"container-xl\">\n\n                    <div class=\"wrap-text right\">\n                \n                                    <div class=\"content-accordion loaded closed\">\n                                                    <div class=\"title\"><p>S\u00e9chage<\/p><\/div>\n                        \n                                                    <div class=\"seo-content show description-text\"><p>Le temps est un \u00e9l\u00e9ment cl\u00e9 dans la qualit\u00e9 de l\u2019Ib\u00e9rique. Pendant plusieurs mois, chaque jambon passe par un s\u00e9chage contr\u00f4l\u00e9, o\u00f9 le climat et le savoir-faire de nos experts harmonisent son ar\u00f4me et sa texture, transformant chaque tranche en une exp\u00e9rience unique.<\/p>\n<p>\u00a0<\/p><\/div>\n                                                                    <\/div>\n                            <\/div>\n                <div class=\"image-and-text right\">\n                            <div class=\"background-image\">\n                    <figure class=\" right bg-img\">\n        <img decoding=\"async\" width=\"2560\" height=\"1709\" src=\"https:\/\/belloterra.es\/wp-content\/uploads\/2025\/07\/Corte-jamon-1-scaled.webp\" class=\"bg-img\" alt=\"\" srcset=\"https:\/\/belloterra.es\/wp-content\/uploads\/2025\/07\/Corte-jamon-1-scaled.webp 2560w, https:\/\/belloterra.es\/wp-content\/uploads\/2025\/07\/Corte-jamon-1-300x200.webp 300w, https:\/\/belloterra.es\/wp-content\/uploads\/2025\/07\/Corte-jamon-1-1024x683.webp 1024w, https:\/\/belloterra.es\/wp-content\/uploads\/2025\/07\/Corte-jamon-1-768x513.webp 768w, https:\/\/belloterra.es\/wp-content\/uploads\/2025\/07\/Corte-jamon-1-1536x1025.webp 1536w, https:\/\/belloterra.es\/wp-content\/uploads\/2025\/07\/Corte-jamon-1-2048x1367.webp 2048w, https:\/\/belloterra.es\/wp-content\/uploads\/2025\/07\/Corte-jamon-1-600x400.webp 600w\" sizes=\"(max-width: 2560px) 100vw, 2560px\" \/>\n    <\/figure>\n                <\/div>\n                    <\/div>\n    <\/div>\n<\/section>\n\n<section class=\"block-media-text-standar\">\n    <div class=\"container-xl\">\n\n                    <div class=\"wrap-text left\">\n                \n                                    <div class=\"content-accordion loaded closed\">\n                                                    <div class=\"title\"><p>Affinage en cave<\/p><\/div>\n                        \n                                                    <div class=\"seo-content show description-text\"><p>Dans notre cave souterraine, le jambon m\u00fbrit dans un environnement naturel, o\u00f9 le temps et la patience affinent chaque pi\u00e8ce jusqu\u2019\u00e0 la perfection. Dans le silence et la p\u00e9nombre, la tradition est pr\u00e9serv\u00e9e, garantissant un v\u00e9ritable tr\u00e9sor ib\u00e9rique.<\/p>\n<p>\u00a0<\/p><\/div>\n                                                                    <\/div>\n                            <\/div>\n                <div class=\"image-and-text left\">\n                            <div class=\"background-image\">\n                    <figure class=\" left bg-img\">\n        <img decoding=\"async\" width=\"2560\" height=\"1709\" src=\"https:\/\/belloterra.es\/wp-content\/uploads\/2025\/07\/Corte-jamon-1-scaled.webp\" class=\"bg-img\" alt=\"\" srcset=\"https:\/\/belloterra.es\/wp-content\/uploads\/2025\/07\/Corte-jamon-1-scaled.webp 2560w, https:\/\/belloterra.es\/wp-content\/uploads\/2025\/07\/Corte-jamon-1-300x200.webp 300w, https:\/\/belloterra.es\/wp-content\/uploads\/2025\/07\/Corte-jamon-1-1024x683.webp 1024w, https:\/\/belloterra.es\/wp-content\/uploads\/2025\/07\/Corte-jamon-1-768x513.webp 768w, https:\/\/belloterra.es\/wp-content\/uploads\/2025\/07\/Corte-jamon-1-1536x1025.webp 1536w, https:\/\/belloterra.es\/wp-content\/uploads\/2025\/07\/Corte-jamon-1-2048x1367.webp 2048w, https:\/\/belloterra.es\/wp-content\/uploads\/2025\/07\/Corte-jamon-1-600x400.webp 600w\" sizes=\"(max-width: 2560px) 100vw, 2560px\" \/>\n    <\/figure>\n                <\/div>\n                    <\/div>\n    <\/div>\n<\/section>\n\n<section class=\"container-xl block-special-selection\">\n\n    <div class=\"content\">\n        \n        <div class=\"wrap-text\">\n                            <div class=\"title\"><p>Savourez tradition, essence et savoir-faire<\/p>\n<\/div>\n            \n            \n                            \n                                            <a href=\"https:\/\/belloterra.es\/categoria-producto\/jamones\/\"\n                            class=\"bttn bttn-primary\">\n                            D\u00e9couvrez nos jambons\n                        <\/a>\n                                                        <\/div>\n                    <figure class=\" right image-banner\">\n        <img decoding=\"async\" width=\"1080\" height=\"1080\" src=\"https:\/\/belloterra.es\/wp-content\/uploads\/2025\/07\/Diseno-sin-titulo-21.png\" class=\"image-banner\" alt=\"\" srcset=\"https:\/\/belloterra.es\/wp-content\/uploads\/2025\/07\/Diseno-sin-titulo-21.png 1080w, https:\/\/belloterra.es\/wp-content\/uploads\/2025\/07\/Diseno-sin-titulo-21-300x300.png 300w, https:\/\/belloterra.es\/wp-content\/uploads\/2025\/07\/Diseno-sin-titulo-21-1024x1024.png 1024w, https:\/\/belloterra.es\/wp-content\/uploads\/2025\/07\/Diseno-sin-titulo-21-150x150.png 150w, https:\/\/belloterra.es\/wp-content\/uploads\/2025\/07\/Diseno-sin-titulo-21-768x768.png 768w, https:\/\/belloterra.es\/wp-content\/uploads\/2025\/07\/Diseno-sin-titulo-21-600x600.png 600w, https:\/\/belloterra.es\/wp-content\/uploads\/2025\/07\/Diseno-sin-titulo-21-100x100.png 100w\" sizes=\"(max-width: 1080px) 100vw, 1080px\" \/>\n    <\/figure>\n                <\/div>\n<\/section>\n\n\n<section class=\"block-newsletter\">\n    <div class=\"container-xl\">\n                    <figure class=\" left bg\">\n        <img decoding=\"async\" width=\"527\" height=\"309\" src=\"https:\/\/belloterra.es\/wp-content\/uploads\/2025\/07\/bg_newsletter_new.webp\" class=\"bg\" alt=\"\" srcset=\"https:\/\/belloterra.es\/wp-content\/uploads\/2025\/07\/bg_newsletter_new.webp 527w, https:\/\/belloterra.es\/wp-content\/uploads\/2025\/07\/bg_newsletter_new-300x176.webp 300w\" sizes=\"(max-width: 527px) 100vw, 527px\" \/>\n    <\/figure>\n        \n        <div class=\"content\">\n                            <div class=\"title\"><p>Abonnez-vous \u00e0 notre newsletter<\/p>\n<\/div>\n            \n                            <div class=\"description\">Restez inform\u00e9 des derni\u00e8res nouveaut\u00e9s du monde des produits ib\u00e9riques.<\/div>\n            \n                            <div class=\"form\">\n                     <div class=\"forminator-ui forminator-custom-form forminator-custom-form-5365 forminator-design--default  forminator_ajax\" data-forminator-render=\"0\" data-form=\"forminator-module-5365\" data-uid=\"69eb8ede96eff\"><br\/><\/div><form\n\t\t\t\tid=\"forminator-module-5365\"\n\t\t\t\tclass=\"forminator-ui forminator-custom-form forminator-custom-form-5365 forminator-design--default  forminator_ajax\"\n\t\t\t\tmethod=\"post\"\n\t\t\t\tdata-forminator-render=\"0\"\n\t\t\t\tdata-form-id=\"5365\"\n\t\t\t\t data-color-option=\"theme\" data-design=\"default\" data-grid=\"open\" style=\"display: none;\"\n\t\t\t\tdata-uid=\"69eb8ede96eff\"\n\t\t\t><div role=\"alert\" aria-live=\"polite\" class=\"forminator-response-message forminator-error\" aria-hidden=\"true\"><\/div><div class=\"forminator-row\"><div id=\"email-1\" class=\"forminator-field-email forminator-col forminator-col-12 \"><div class=\"forminator-field\"><input type=\"email\" name=\"email-1\" value=\"\" placeholder=\"Saisissez votre adresse e-mail\" id=\"forminator-field-email-1_69eb8ede96eff\" class=\"forminator-input forminator-email--field\" data-required=\"true\" aria-required=\"true\" autocomplete=\"email\" \/><\/div><\/div><\/div><div class=\"forminator-row\" style=\"margin: 0;\"><div id=\"captcha-1\" class=\"forminator-field-captcha  forminator-col-12 \"><div class=\"forminator-captcha-left forminator-g-recaptcha recaptcha-invisible\" data-theme=\"light\" data-badge=\"bottomright\" data-sitekey=\"6LdDl4MrAAAAAJKLOiKZnxSv9Li0WuTLQj5lIPPl\" data-size=\"invisible\"><\/div> <\/div><\/div><div class=\"forminator-row\"><div id=\"consent-1\" class=\"forminator-field-consent forminator-col forminator-col-12 \"><div class=\"forminator-field\"><div class=\"forminator-checkbox__wrapper\"><label id=\"forminator-field-consent-1_69eb8ede96eff__label\" class=\"forminator-checkbox forminator-consent\"><input type=\"checkbox\" name=\"consent-1\" id=\"forminator-field-consent-1_69eb8ede96eff\" value=\"checked\" aria-labelledby=\"forminator-field-consent-1_69eb8ede96eff-label\" aria-describedby=\"forminator-field-consent-1_69eb8ede96eff__description\" data-required=\"true\" aria-required=\"true\" \/><span class=\"forminator-checkbox-box\" aria-hidden=\"true\"><\/span><\/label><div id=\"forminator-field-consent-1_69eb8ede96eff__description\" class=\"forminator-checkbox__label forminator-consent__label\"><p>J&rsquo;ai lu et j&rsquo;accepte la <a href=\"\/fr\/politique-de-confidentialite\/\">politique de confidentialit\u00e9.<\/a><\/p><\/div><\/div><\/div><\/div><\/div><input type=\"hidden\" name=\"referer_url\" value=\"\" \/><div class=\"forminator-row forminator-row-last\"><div class=\"forminator-col\"><div class=\"forminator-field\"><button class=\"forminator-button forminator-button-submit\">S&#039;abonner<\/button><\/div><\/div><\/div><input type=\"hidden\" id=\"forminator_nonce\" name=\"forminator_nonce\" value=\"18c04b2958\" \/><input type=\"hidden\" name=\"_wp_http_referer\" value=\"\/fr\/wp-json\/wp\/v2\/pages\/5396\" \/><input type=\"hidden\" name=\"form_id\" value=\"5365\"><input type=\"hidden\" name=\"page_id\" value=\"5396\"><input type=\"hidden\" name=\"form_type\" value=\"default\"><input type=\"hidden\" name=\"current_url\" value=\"https:\/\/belloterra.es\/fr\/maitres\/\"><input type=\"hidden\" name=\"render_id\" value=\"0\"><input type=\"hidden\" name=\"action\" value=\"forminator_submit_form_custom-forms\"><label for=\"input_3\" class=\"forminator-hidden\" aria-hidden=\"true\">Veuillez ne pas remplir ce champ. <input id=\"input_3\" type=\"text\" name=\"input_3\" value=\"\" autocomplete=\"off\"><\/label><\/form>\n                <\/div>\n                    <\/div>\n    <\/div>\n<\/section>\n","protected":false},"excerpt":{"rendered":"","protected":false},"author":1,"featured_media":0,"parent":0,"menu_order":0,"comment_status":"closed","ping_status":"closed","template":"","meta":{"footnotes":""},"class_list":["post-5396","page","type-page","status-publish","hentry"],"_links":{"self":[{"href":"https:\/\/belloterra.es\/fr\/wp-json\/wp\/v2\/pages\/5396","targetHints":{"allow":["GET"]}}],"collection":[{"href":"https:\/\/belloterra.es\/fr\/wp-json\/wp\/v2\/pages"}],"about":[{"href":"https:\/\/belloterra.es\/fr\/wp-json\/wp\/v2\/types\/page"}],"author":[{"embeddable":true,"href":"https:\/\/belloterra.es\/fr\/wp-json\/wp\/v2\/users\/1"}],"replies":[{"embeddable":true,"href":"https:\/\/belloterra.es\/fr\/wp-json\/wp\/v2\/comments?post=5396"}],"version-history":[{"count":9,"href":"https:\/\/belloterra.es\/fr\/wp-json\/wp\/v2\/pages\/5396\/revisions"}],"predecessor-version":[{"id":7847,"href":"https:\/\/belloterra.es\/fr\/wp-json\/wp\/v2\/pages\/5396\/revisions\/7847"}],"wp:attachment":[{"href":"https:\/\/belloterra.es\/fr\/wp-json\/wp\/v2\/media?parent=5396"}],"curies":[{"name":"wp","href":"https:\/\/api.w.org\/{rel}","templated":true}]}}