{"id":5393,"date":"2025-05-07T08:47:55","date_gmt":"2025-05-07T08:47:55","guid":{"rendered":"https:\/\/belloterra.es\/\/historia\/"},"modified":"2025-07-16T08:56:44","modified_gmt":"2025-07-16T08:56:44","slug":"histoire","status":"publish","type":"page","link":"https:\/\/belloterra.es\/fr\/histoire\/","title":{"rendered":"Histoire"},"content":{"rendered":"<section class=\"block-media-text-standar\">\n    <div class=\"container-xl\">\n\n                    <div class=\"wrap-text \">\n                \n                                    <div class=\"content-accordion loaded closed\">\n                                                    <div class=\"title\"><p>20 ans de tradition<\/p><\/div>\n                        \n                                                    <div class=\"seo-content show description-text\"><p>Belloterra c\u00e9l\u00e8bre plus de 20 ans d&rsquo;\u00e9l\u00e9vation du jambon ib\u00e9rique au rang d&rsquo;art. Depuis nos premiers pas au c\u0153ur de la r\u00e9gion de Los Pedroches, nous avons fusionn\u00e9 tradition et cr\u00e9ativit\u00e9, transformant le processus de production en un chef-d&rsquo;\u0153uvre. Un amour pour le jambon et la culture devenu un produit au go\u00fbt unique.<\/p><\/div>\n                                                                    <\/div>\n                            <\/div>\n                <div class=\"image-and-text \">\n                            <div class=\"background-image\">\n                    <figure class=\"  bg-img\">\n        <img decoding=\"async\" width=\"2560\" height=\"1704\" src=\"https:\/\/belloterra.es\/wp-content\/uploads\/2025\/07\/Img_322-scaled.webp\" class=\"bg-img\" alt=\"\" srcset=\"https:\/\/belloterra.es\/wp-content\/uploads\/2025\/07\/Img_322-scaled.webp 2560w, https:\/\/belloterra.es\/wp-content\/uploads\/2025\/07\/Img_322-300x200.webp 300w, https:\/\/belloterra.es\/wp-content\/uploads\/2025\/07\/Img_322-1024x682.webp 1024w, https:\/\/belloterra.es\/wp-content\/uploads\/2025\/07\/Img_322-768x511.webp 768w, https:\/\/belloterra.es\/wp-content\/uploads\/2025\/07\/Img_322-1536x1022.webp 1536w, https:\/\/belloterra.es\/wp-content\/uploads\/2025\/07\/Img_322-2048x1363.webp 2048w, https:\/\/belloterra.es\/wp-content\/uploads\/2025\/07\/Img_322-600x399.webp 600w\" sizes=\"(max-width: 2560px) 100vw, 2560px\" \/>\n    <\/figure>\n                <\/div>\n                    <\/div>\n    <\/div>\n<\/section>\n\n<section class=\" container-xl block-simple-text type1 \">\n                <div class=\"title\"><p>Ce qui nous rend extraordinaires<\/p><\/div>\n                <div class=\"description\"><p>Nous traitons chaque phase de la production comme un processus cr\u00e9atif, semblable \u00e0 celui d&rsquo;un peintre qui prend soin de chaque coup de pinceau de son \u0153uvre. De l&rsquo;\u00e9levage de nos cochons \u00e0 l&#8217;emballage final, chaque \u00e9tape est pens\u00e9e pour garantir un produit extraordinaire pour les palais les plus exigeants.<\/p><\/div>\n    <\/section>\n\n<section class=\"block-media-and-text-bto \">\n    <div class=\"container-xl\">\n\n                    <figure class=\" cover left\">\n        <img decoding=\"async\" width=\"2560\" height=\"1714\" src=\"https:\/\/belloterra.es\/wp-content\/uploads\/2025\/07\/Img_Cerdos-y-dehesa-scaled.webp\" class=\"left\" alt=\"\" srcset=\"https:\/\/belloterra.es\/wp-content\/uploads\/2025\/07\/Img_Cerdos-y-dehesa-scaled.webp 2560w, https:\/\/belloterra.es\/wp-content\/uploads\/2025\/07\/Img_Cerdos-y-dehesa-300x201.webp 300w, https:\/\/belloterra.es\/wp-content\/uploads\/2025\/07\/Img_Cerdos-y-dehesa-1024x685.webp 1024w, https:\/\/belloterra.es\/wp-content\/uploads\/2025\/07\/Img_Cerdos-y-dehesa-768x514.webp 768w, https:\/\/belloterra.es\/wp-content\/uploads\/2025\/07\/Img_Cerdos-y-dehesa-1536x1028.webp 1536w, https:\/\/belloterra.es\/wp-content\/uploads\/2025\/07\/Img_Cerdos-y-dehesa-2048x1371.webp 2048w, https:\/\/belloterra.es\/wp-content\/uploads\/2025\/07\/Img_Cerdos-y-dehesa-600x402.webp 600w\" sizes=\"(max-width: 2560px) 100vw, 2560px\" \/>\n    <\/figure>\n        \n        <div class=\"content left\">\n                            <div class=\"title\"><p>La dehesa<\/p><\/div>\n            \n                            <div class=\"description\"><p>Notre dehesa, situ\u00e9e au c\u0153ur de la r\u00e9gion de Los Pedroches, offre un \u00e9cosyst\u00e8me unique qui permet \u00e0 nos cochons ib\u00e9riques de vivre en libert\u00e9, se nourrissant de la meilleure mati\u00e8re premi\u00e8re : le gland de ch\u00eane. Ce cadre naturel, avec ses vastes p\u00e2turages et sa biodiversit\u00e9, est essentiel pour un \u00e9levage qui pr\u00e9serve la tradition d&rsquo;un produit de haute qualit\u00e9.<\/p><\/div>\n            \n                                                <a href=\"https:\/\/belloterra.es\/dehesa\/\" class=\"bttn bttn-primary\">\n                        En savoir plus\n                    <\/a>\n                                    <\/div>\n\n    <\/div>\n<\/section>\n\n\n<section class=\"block-media-text-standar\">\n    <div class=\"container-xl\">\n\n                    <div class=\"wrap-text right\">\n                \n                                    <div class=\"content-accordion loaded closed\">\n                                                    <div class=\"title\"><p>La passion<\/p><\/div>\n                        \n                                                    <div class=\"seo-content show description-text\"><p>La passion pour ce que nous faisons est au c\u0153ur de Belloterra. Nous ne produisons pas seulement du jambon ib\u00e9rique, mais nous le faisons avec un profond respect pour la tradition, le processus artisanal et l&rsquo;environnement qui nous entoure. Chaque pi\u00e8ce que nous \u00e9laborons porte en elle l&rsquo;effort et l&rsquo;amour de l&rsquo;authentique. Cette passion, transmise de g\u00e9n\u00e9ration en g\u00e9n\u00e9ration, se refl\u00e8te dans nos produits et dans le soin que nous apportons \u00e0 chaque d\u00e9tail.<\/p><\/div>\n                                                                    <\/div>\n                            <\/div>\n                <div class=\"image-and-text right\">\n                            <div class=\"background-image\">\n                    <figure class=\" right bg-img\">\n        <img decoding=\"async\" width=\"1127\" height=\"664\" src=\"https:\/\/belloterra.es\/wp-content\/uploads\/2025\/05\/belloterra_ganaderia.webp\" class=\"bg-img\" alt=\"\" srcset=\"https:\/\/belloterra.es\/wp-content\/uploads\/2025\/05\/belloterra_ganaderia.webp 1127w, https:\/\/belloterra.es\/wp-content\/uploads\/2025\/05\/belloterra_ganaderia-300x177.webp 300w, https:\/\/belloterra.es\/wp-content\/uploads\/2025\/05\/belloterra_ganaderia-1024x603.webp 1024w, https:\/\/belloterra.es\/wp-content\/uploads\/2025\/05\/belloterra_ganaderia-768x452.webp 768w, https:\/\/belloterra.es\/wp-content\/uploads\/2025\/05\/belloterra_ganaderia-600x354.webp 600w\" sizes=\"(max-width: 1127px) 100vw, 1127px\" \/>\n    <\/figure>\n                <\/div>\n                    <\/div>\n    <\/div>\n<\/section>\n\n<section class=\"block-media-and-text-bto \">\n    <div class=\"container-xl\">\n\n                    <figure class=\" cover left\">\n        <img decoding=\"async\" width=\"2116\" height=\"1417\" src=\"https:\/\/belloterra.es\/wp-content\/uploads\/2025\/07\/rsr-1729-6981-L.webp\" class=\"left\" alt=\"\" srcset=\"https:\/\/belloterra.es\/wp-content\/uploads\/2025\/07\/rsr-1729-6981-L.webp 2116w, https:\/\/belloterra.es\/wp-content\/uploads\/2025\/07\/rsr-1729-6981-L-300x201.webp 300w, https:\/\/belloterra.es\/wp-content\/uploads\/2025\/07\/rsr-1729-6981-L-1024x686.webp 1024w, https:\/\/belloterra.es\/wp-content\/uploads\/2025\/07\/rsr-1729-6981-L-768x514.webp 768w, https:\/\/belloterra.es\/wp-content\/uploads\/2025\/07\/rsr-1729-6981-L-1536x1029.webp 1536w, https:\/\/belloterra.es\/wp-content\/uploads\/2025\/07\/rsr-1729-6981-L-2048x1371.webp 2048w, https:\/\/belloterra.es\/wp-content\/uploads\/2025\/07\/rsr-1729-6981-L-600x402.webp 600w\" sizes=\"(max-width: 2116px) 100vw, 2116px\" \/>\n    <\/figure>\n        \n        <div class=\"content left\">\n                            <div class=\"title\"><p>Notre propre b\u00e9tail<\/p><\/div>\n            \n                            <div class=\"description\"><p>La gestion du b\u00e9tail est l&rsquo;une de nos grandes forces, nous permettant d&rsquo;avoir un contr\u00f4le total sur le processus de production, de l&rsquo;\u00e9levage \u00e0 la transformation finale du produit. Chez Belloterra, nous avons notre propre b\u00e9tail, \u00e9lev\u00e9 dans des conditions strictes qui garantissent le bien-\u00eatre des animaux. Cela nous garantit une tra\u00e7abilit\u00e9 compl\u00e8te du processus pour \u00eatre toujours \u00e0 la hauteur des attentes de nos clients.<\/p><\/div>\n            \n                                                <a href=\"https:\/\/belloterra.es\/ganaderia-propia\/\" class=\"bttn bttn-primary\">\n                        En savoir plus\n                    <\/a>\n                                    <\/div>\n\n    <\/div>\n<\/section>\n\n\n<section class=\"container-xl block-special-selection\">\n\n    <div class=\"content\">\n        \n        <div class=\"wrap-text\">\n                            <div class=\"title\"><p>Savourez tradition, essence et savoir-faire<\/p>\n<\/div>\n            \n            \n                            \n                                            <a href=\"https:\/\/belloterra.es\/categoria-producto\/jamones\/\"\n                            class=\"bttn bttn-primary\">\n                            D\u00e9couvrez nos jambons\n                        <\/a>\n                                                        <\/div>\n                    <figure class=\" right image-banner\">\n        <img decoding=\"async\" width=\"1080\" height=\"1080\" src=\"https:\/\/belloterra.es\/wp-content\/uploads\/2025\/07\/Diseno-sin-titulo-21.png\" class=\"image-banner\" alt=\"\" srcset=\"https:\/\/belloterra.es\/wp-content\/uploads\/2025\/07\/Diseno-sin-titulo-21.png 1080w, https:\/\/belloterra.es\/wp-content\/uploads\/2025\/07\/Diseno-sin-titulo-21-300x300.png 300w, https:\/\/belloterra.es\/wp-content\/uploads\/2025\/07\/Diseno-sin-titulo-21-1024x1024.png 1024w, https:\/\/belloterra.es\/wp-content\/uploads\/2025\/07\/Diseno-sin-titulo-21-150x150.png 150w, https:\/\/belloterra.es\/wp-content\/uploads\/2025\/07\/Diseno-sin-titulo-21-768x768.png 768w, https:\/\/belloterra.es\/wp-content\/uploads\/2025\/07\/Diseno-sin-titulo-21-600x600.png 600w, https:\/\/belloterra.es\/wp-content\/uploads\/2025\/07\/Diseno-sin-titulo-21-100x100.png 100w\" sizes=\"(max-width: 1080px) 100vw, 1080px\" \/>\n    <\/figure>\n                <\/div>\n<\/section>\n\n\n<section class=\"block-newsletter\">\n    <div class=\"container-xl\">\n                    <figure class=\" left bg\">\n        <img decoding=\"async\" width=\"527\" height=\"309\" src=\"https:\/\/belloterra.es\/wp-content\/uploads\/2025\/07\/bg_newsletter_new.webp\" class=\"bg\" alt=\"\" srcset=\"https:\/\/belloterra.es\/wp-content\/uploads\/2025\/07\/bg_newsletter_new.webp 527w, https:\/\/belloterra.es\/wp-content\/uploads\/2025\/07\/bg_newsletter_new-300x176.webp 300w\" sizes=\"(max-width: 527px) 100vw, 527px\" \/>\n    <\/figure>\n        \n        <div class=\"content\">\n                            <div class=\"title\"><p>Abonnez-vous \u00e0 notre newsletter<\/p>\n<\/div>\n            \n                            <div class=\"description\">Restez inform\u00e9 des derni\u00e8res nouveaut\u00e9s du monde des produits ib\u00e9riques.<\/div>\n            \n                            <div class=\"form\">\n                     <div class=\"forminator-ui forminator-custom-form forminator-custom-form-5365 forminator-design--default  forminator_ajax\" data-forminator-render=\"0\" data-form=\"forminator-module-5365\" data-uid=\"69ebaa323d213\"><br\/><\/div><form\n\t\t\t\tid=\"forminator-module-5365\"\n\t\t\t\tclass=\"forminator-ui forminator-custom-form forminator-custom-form-5365 forminator-design--default  forminator_ajax\"\n\t\t\t\tmethod=\"post\"\n\t\t\t\tdata-forminator-render=\"0\"\n\t\t\t\tdata-form-id=\"5365\"\n\t\t\t\t data-color-option=\"theme\" data-design=\"default\" data-grid=\"open\" style=\"display: none;\"\n\t\t\t\tdata-uid=\"69ebaa323d213\"\n\t\t\t><div role=\"alert\" aria-live=\"polite\" class=\"forminator-response-message forminator-error\" aria-hidden=\"true\"><\/div><div class=\"forminator-row\"><div id=\"email-1\" class=\"forminator-field-email forminator-col forminator-col-12 \"><div class=\"forminator-field\"><input type=\"email\" name=\"email-1\" value=\"\" placeholder=\"Saisissez votre adresse e-mail\" id=\"forminator-field-email-1_69ebaa323d213\" class=\"forminator-input forminator-email--field\" data-required=\"true\" aria-required=\"true\" autocomplete=\"email\" \/><\/div><\/div><\/div><div class=\"forminator-row\" style=\"margin: 0;\"><div id=\"captcha-1\" class=\"forminator-field-captcha  forminator-col-12 \"><div class=\"forminator-captcha-left forminator-g-recaptcha recaptcha-invisible\" data-theme=\"light\" data-badge=\"bottomright\" data-sitekey=\"6LdDl4MrAAAAAJKLOiKZnxSv9Li0WuTLQj5lIPPl\" data-size=\"invisible\"><\/div> <\/div><\/div><div class=\"forminator-row\"><div id=\"consent-1\" class=\"forminator-field-consent forminator-col forminator-col-12 \"><div class=\"forminator-field\"><div class=\"forminator-checkbox__wrapper\"><label id=\"forminator-field-consent-1_69ebaa323d213__label\" class=\"forminator-checkbox forminator-consent\"><input type=\"checkbox\" name=\"consent-1\" id=\"forminator-field-consent-1_69ebaa323d213\" value=\"checked\" aria-labelledby=\"forminator-field-consent-1_69ebaa323d213-label\" aria-describedby=\"forminator-field-consent-1_69ebaa323d213__description\" data-required=\"true\" aria-required=\"true\" \/><span class=\"forminator-checkbox-box\" aria-hidden=\"true\"><\/span><\/label><div id=\"forminator-field-consent-1_69ebaa323d213__description\" class=\"forminator-checkbox__label forminator-consent__label\"><p>J&rsquo;ai lu et j&rsquo;accepte la <a href=\"\/fr\/politique-de-confidentialite\/\">politique de confidentialit\u00e9.<\/a><\/p><\/div><\/div><\/div><\/div><\/div><input type=\"hidden\" name=\"referer_url\" value=\"\" \/><div class=\"forminator-row forminator-row-last\"><div class=\"forminator-col\"><div class=\"forminator-field\"><button class=\"forminator-button forminator-button-submit\">S&#039;abonner<\/button><\/div><\/div><\/div><input type=\"hidden\" id=\"forminator_nonce\" name=\"forminator_nonce\" value=\"18c04b2958\" \/><input type=\"hidden\" name=\"_wp_http_referer\" value=\"\/fr\/wp-json\/wp\/v2\/pages\/5393\" \/><input type=\"hidden\" name=\"form_id\" value=\"5365\"><input type=\"hidden\" name=\"page_id\" value=\"5393\"><input type=\"hidden\" name=\"form_type\" value=\"default\"><input type=\"hidden\" name=\"current_url\" value=\"https:\/\/belloterra.es\/fr\/histoire\/\"><input type=\"hidden\" name=\"render_id\" value=\"0\"><input type=\"hidden\" name=\"action\" value=\"forminator_submit_form_custom-forms\"><label for=\"input_3\" class=\"forminator-hidden\" aria-hidden=\"true\">Veuillez ne pas remplir ce champ. <input id=\"input_3\" type=\"text\" name=\"input_3\" value=\"\" autocomplete=\"off\"><\/label><\/form>\n                <\/div>\n                    <\/div>\n    <\/div>\n<\/section>\n","protected":false},"excerpt":{"rendered":"","protected":false},"author":1,"featured_media":0,"parent":0,"menu_order":0,"comment_status":"closed","ping_status":"closed","template":"","meta":{"footnotes":""},"class_list":["post-5393","page","type-page","status-publish","hentry"],"_links":{"self":[{"href":"https:\/\/belloterra.es\/fr\/wp-json\/wp\/v2\/pages\/5393","targetHints":{"allow":["GET"]}}],"collection":[{"href":"https:\/\/belloterra.es\/fr\/wp-json\/wp\/v2\/pages"}],"about":[{"href":"https:\/\/belloterra.es\/fr\/wp-json\/wp\/v2\/types\/page"}],"author":[{"embeddable":true,"href":"https:\/\/belloterra.es\/fr\/wp-json\/wp\/v2\/users\/1"}],"replies":[{"embeddable":true,"href":"https:\/\/belloterra.es\/fr\/wp-json\/wp\/v2\/comments?post=5393"}],"version-history":[{"count":7,"href":"https:\/\/belloterra.es\/fr\/wp-json\/wp\/v2\/pages\/5393\/revisions"}],"predecessor-version":[{"id":7624,"href":"https:\/\/belloterra.es\/fr\/wp-json\/wp\/v2\/pages\/5393\/revisions\/7624"}],"wp:attachment":[{"href":"https:\/\/belloterra.es\/fr\/wp-json\/wp\/v2\/media?parent=5393"}],"curies":[{"name":"wp","href":"https:\/\/api.w.org\/{rel}","templated":true}]}}