{"id":5390,"date":"2025-05-07T08:48:28","date_gmt":"2025-05-07T08:48:28","guid":{"rendered":"https:\/\/belloterra.es\/\/ganaderia-propia\/"},"modified":"2025-07-16T09:09:04","modified_gmt":"2025-07-16T09:09:04","slug":"ganaderia-propia","status":"publish","type":"page","link":"https:\/\/belloterra.es\/fr\/ganaderia-propia\/","title":{"rendered":"\u00c9levage propre"},"content":{"rendered":"<section class=\" container-xl block-simple-text type1  first-block \">\n                <div class=\"title\"><p>Des sp\u00e9cimens \u00e9lev\u00e9s en libert\u00e9<\/p><\/div>\n                <div class=\"description\"><p>Belloterra garantit le bien-\u00eatre de notre b\u00e9tail gr\u00e2ce \u00e0 un \u00e9levage en libert\u00e9 dans l\u2019une des dehesas les mieux pr\u00e9serv\u00e9es au monde. Nos animaux sont nourris avec des glands de ch\u00eane, riches en prot\u00e9ines et en acides amin\u00e9s essentiels au d\u00e9veloppement du porc.<\/p><\/div>\n    <\/section>\n\n\n<figure class=\"wp-block-embed is-type-video is-provider-youtube wp-block-embed-youtube container-xl wp-embed-aspect-16-9 wp-has-aspect-ratio\"><div class=\"wp-block-embed__wrapper\">\n<iframe title=\"Belloterra - Spot\" width=\"500\" height=\"281\" src=\"https:\/\/www.youtube.com\/embed\/INcipqhwzoo?feature=oembed\" frameborder=\"0\" allow=\"accelerometer; autoplay; clipboard-write; encrypted-media; gyroscope; picture-in-picture; web-share\" referrerpolicy=\"strict-origin-when-cross-origin\" allowfullscreen><\/iframe>\n<\/div><\/figure>\n\n\n<section class=\" container-xl block-simple-text type1 \">\n                <div class=\"title\"><p>Tra\u00e7abilit\u00e9 compl\u00e8te, du gland \u00e0 votre table<\/p><\/div>\n                <div class=\"description\"><p>L\u2019un de nos engagements est de contr\u00f4ler l\u2019ensemble du processus, m\u00eame au niveau g\u00e9n\u00e9tique, afin de garantir la qualit\u00e9 de chaque exemplaire. Nos ma\u00eetres artisans supervisent chaque d\u00e9tail pour assurer un produit unique au go\u00fbt in\u00e9galable.<\/p><\/div>\n    <\/section>\n\n<section class=\"product-advantages-block\">\n\n    <div class=\"container-xl\">\n        \n                    <div class=\"advantages-list\">\n                                    <div class=\"advantage-item\">\n                                                    <figure class=\"image-banner\">\n                    <svg xmlns=\"http:\/\/www.w3.org\/2000\/svg\" width=\"71\" height=\"70\" fill=\"none\"><path stroke=\"#9F7046\" stroke-linecap=\"round\" stroke-linejoin=\"round\" d=\"M37.944 13a11.97 11.97 0 0 0-2.444 7.334m14.667 9.777-1.1 10.023A20.44 20.44 0 0 1 36.405 56.83a2.44 2.44 0 0 1-1.81 0 20.44 20.44 0 0 1-12.661-16.697L20.833 30.11z\"\/><path stroke=\"#9F7046\" stroke-linecap=\"round\" stroke-linejoin=\"round\" d=\"M25.723 20.334h19.555a7.333 7.333 0 0 1 7.333 7.333 2.444 2.444 0 0 1-2.444 2.444H20.833a2.444 2.444 0 0 1-2.444-2.444 7.333 7.333 0 0 1 7.334-7.334\"\/><\/svg>   \n            <\/figure>\n                        \n                                                    <div class=\"texts\">\n                                                                    <div class=\"caption\"><p>Alimentation<\/p><\/div>\n                                \n                                                                    <div class=\"description\"><p>\u00a0\u00e0 base de glands<\/p><\/div>\n                                                            <\/div>\n                                            <\/div>\n                                    <div class=\"advantage-item\">\n                                                    <figure class=\"image-banner\">\n                    <svg xmlns=\"http:\/\/www.w3.org\/2000\/svg\" width=\"71\" height=\"70\" fill=\"none\"><path stroke=\"#9F7046\" stroke-linecap=\"round\" stroke-linejoin=\"round\" d=\"M35.5 56.002V28.7m-6.495 18.905c-3.589 0-6.498-2.896-6.498-6.374a7.67 7.67 0 0 1-4.376-2.164 7.26 7.26 0 0 1-2.09-4.31 7.17 7.17 0 0 1 1.076-4.647 7.53 7.53 0 0 1 3.787-3.033 6.13 6.13 0 0 1-.474-3.65 6.23 6.23 0 0 1 1.709-3.285 6.55 6.55 0 0 1 3.31-1.799 6.7 6.7 0 0 1 3.781.3 6.3 6.3 0 0 1 2.327-3.349 6.63 6.63 0 0 1 3.945-1.293c1.426 0 2.812.455 3.945 1.294a6.3 6.3 0 0 1 2.325 3.35 6.7 6.7 0 0 1 3.782-.3 6.55 6.55 0 0 1 3.31 1.8 6.23 6.23 0 0 1 1.709 3.284 6.13 6.13 0 0 1-.474 3.65 7.54 7.54 0 0 1 3.78 3.034 7.17 7.17 0 0 1 1.073 4.642 7.26 7.26 0 0 1-2.084 4.308A7.67 7.67 0 0 1 48.5 41.23c0 3.478-2.91 6.374-6.498 6.374m-6.503-6.304 5.415-5.25M35.5 37.1l-5.415-5.25M31.167 56h8.664\"\/><\/svg>   \n            <\/figure>\n                        \n                                                    <div class=\"texts\">\n                                                                    <div class=\"caption\"><p>\u00c9levage<\/p><\/div>\n                                \n                                                                    <div class=\"description\"><p>\u00a0en libert\u00e9<\/p><\/div>\n                                                            <\/div>\n                                            <\/div>\n                                    <div class=\"advantage-item\">\n                                                    <figure class=\"image-banner\">\n                    <svg xmlns=\"http:\/\/www.w3.org\/2000\/svg\" width=\"71\" height=\"70\" fill=\"none\"><path stroke=\"#9F7046\" stroke-linecap=\"round\" stroke-linejoin=\"round\" stroke-miterlimit=\"10\" d=\"M18.26 39.245s.712-3.273-.26-5.217c-.802-1.604-4.86-3.89-4.86-3.89-.876 2.188-.645 5.841-.273 6.851l.272.928-.507.865a10.6 10.6 0 0 1-4.39 4.103l-1.246.622c-.513.257-.72.88-.464 1.392l1.746 3.712s6.563 1.641 11.127.323M15.7 31.238c4.842-6.903 35.805-21.623 44.77 3.05a15.17 15.17 0 0 1 .563 8.335l-2.45 11.55a1.57 1.57 0 0 1-1.537 1.244h-.013c-1.036 0-1.314-.826-1.51-1.843-.577-3.018-.453-7.666-4.17-14.082\"\/><path stroke=\"#9F7046\" stroke-linecap=\"round\" stroke-linejoin=\"round\" stroke-miterlimit=\"10\" d=\"M29.705 33.77s3.483 5.474.995 9.455c-1.954 3.127-4.521 8.4-5.533 10.521-.27.565-.841.924-1.468.924h-.024a1.623 1.623 0 0 1-1.539-2.146c.737-2.18 1.524-5.798.603-9.797m8.458.996s15.426 1.493 20.403-1.99m-4.433 2.017s0 3.889-1.167 8.183c-.294 1.087.127 2.194 1.253 2.194.568 0 1.085-.331 1.323-.846l2.48-4.67m-20.402 1.535-.193 2.124c-.133 1.462 1.39 2.502 2.704 1.845l.017-.009a1.88 1.88 0 0 0 1.031-1.542l.315-7.842m25.554-17.569s5.971-1.492 2.489 2.986\"\/><\/svg>   \n            <\/figure>\n                        \n                                                    <div class=\"texts\">\n                                                                    <div class=\"caption\"><p>Bien-\u00eatre animal<\/p><\/div>\n                                \n                                                                    <div class=\"description\"><p>en \u00e9vitant stress et anxi\u00e9t\u00e9<\/p><\/div>\n                                                            <\/div>\n                                            <\/div>\n                            <\/div>\n            <\/div>\n<\/section>\n\n\n<section class=\"block-media-text-standar\">\n    <div class=\"container-xl\">\n\n                    <div class=\"wrap-text left\">\n                \n                                    <div class=\"content-accordion loaded closed\">\n                                                    <div class=\"title\"><p>Des pi\u00e8ces d\u2019une qualit\u00e9 exceptionnelle<\/p><\/div>\n                        \n                                                    <div class=\"seo-content show description-text\"><p>Affin\u00e9es avec soin dans nos caves par nos ma\u00eetres artisans. Chaque pi\u00e8ce est dot\u00e9e d\u2019une saveur unique, cr\u00e9\u00e9e pour les palais les plus exigeants qui savent appr\u00e9cier un produit artisanal.<\/p>\n<p>Un savoir-faire sur l\u2019art du jambon, transmis de g\u00e9n\u00e9ration en g\u00e9n\u00e9ration pour perp\u00e9tuer la tradition.<\/p><\/div>\n                                                                    <\/div>\n                            <\/div>\n                <div class=\"image-and-text left\">\n                            <div class=\"background-image\">\n                    <figure class=\" left bg-img\">\n        <img decoding=\"async\" width=\"2560\" height=\"1704\" src=\"https:\/\/belloterra.es\/wp-content\/uploads\/2025\/07\/Img_840-scaled.webp\" class=\"bg-img\" alt=\"\" srcset=\"https:\/\/belloterra.es\/wp-content\/uploads\/2025\/07\/Img_840-scaled.webp 2560w, https:\/\/belloterra.es\/wp-content\/uploads\/2025\/07\/Img_840-300x200.webp 300w, https:\/\/belloterra.es\/wp-content\/uploads\/2025\/07\/Img_840-1024x682.webp 1024w, https:\/\/belloterra.es\/wp-content\/uploads\/2025\/07\/Img_840-768x511.webp 768w, https:\/\/belloterra.es\/wp-content\/uploads\/2025\/07\/Img_840-1536x1022.webp 1536w, https:\/\/belloterra.es\/wp-content\/uploads\/2025\/07\/Img_840-2048x1363.webp 2048w, https:\/\/belloterra.es\/wp-content\/uploads\/2025\/07\/Img_840-600x399.webp 600w\" sizes=\"(max-width: 2560px) 100vw, 2560px\" \/>\n    <\/figure>\n                <\/div>\n                    <\/div>\n    <\/div>\n<\/section>\n\n<section class=\"block-media-and-text-bto \">\n    <div class=\"container-xl\">\n\n                    <figure class=\" cover right\">\n        <img decoding=\"async\" width=\"2123\" height=\"1417\" src=\"https:\/\/belloterra.es\/wp-content\/uploads\/2025\/07\/dsc-9954-6981-L.webp\" class=\"right\" alt=\"\" srcset=\"https:\/\/belloterra.es\/wp-content\/uploads\/2025\/07\/dsc-9954-6981-L.webp 2123w, https:\/\/belloterra.es\/wp-content\/uploads\/2025\/07\/dsc-9954-6981-L-300x200.webp 300w, https:\/\/belloterra.es\/wp-content\/uploads\/2025\/07\/dsc-9954-6981-L-1024x683.webp 1024w, https:\/\/belloterra.es\/wp-content\/uploads\/2025\/07\/dsc-9954-6981-L-768x513.webp 768w, https:\/\/belloterra.es\/wp-content\/uploads\/2025\/07\/dsc-9954-6981-L-1536x1025.webp 1536w, https:\/\/belloterra.es\/wp-content\/uploads\/2025\/07\/dsc-9954-6981-L-2048x1367.webp 2048w, https:\/\/belloterra.es\/wp-content\/uploads\/2025\/07\/dsc-9954-6981-L-600x400.webp 600w\" sizes=\"(max-width: 2123px) 100vw, 2123px\" \/>\n    <\/figure>\n        \n        <div class=\"content right\">\n                            <div class=\"title\"><p>Los Pedroches, sa dehesa, son foyer<\/p><\/div>\n            \n                            <div class=\"description\"><p>La dehesa n\u2019est pas seulement un paysage, c\u2019est un mode de vie. Avec ses prairies verdoyantes et ses majestueux ch\u00eanes-li\u00e8ges, cette terre offre un environnement unique o\u00f9 le temps semble suspendu. Ici, l\u2019air frais de la montagne se m\u00eale au chant des oiseaux, cr\u00e9ant une atmosph\u00e8re de paix et de beaut\u00e9 incomparable, un lieu idyllique pour l\u2019\u00e9levage.<\/p><\/div>\n            \n                                                <a href=\"https:\/\/belloterra.es\/dehesa\/\" class=\"bttn bttn-primary\">\n                        En savoir plus\n                    <\/a>\n                                    <\/div>\n\n    <\/div>\n<\/section>\n\n\n<section class=\"container-xl block-special-selection\">\n\n    <div class=\"content\">\n        \n        <div class=\"wrap-text\">\n                            <div class=\"title\"><p>Savourez tradition, essence et savoir-faire<\/p>\n<\/div>\n            \n            \n                            \n                                            <a href=\"https:\/\/belloterra.es\/categoria-producto\/jamones\/\"\n                            class=\"bttn bttn-primary\">\n                            D\u00e9couvrez nos jambons\n                        <\/a>\n                                                        <\/div>\n                    <figure class=\" right image-banner\">\n        <img decoding=\"async\" width=\"1080\" height=\"1080\" src=\"https:\/\/belloterra.es\/wp-content\/uploads\/2025\/07\/Diseno-sin-titulo-21.png\" class=\"image-banner\" alt=\"\" srcset=\"https:\/\/belloterra.es\/wp-content\/uploads\/2025\/07\/Diseno-sin-titulo-21.png 1080w, https:\/\/belloterra.es\/wp-content\/uploads\/2025\/07\/Diseno-sin-titulo-21-300x300.png 300w, https:\/\/belloterra.es\/wp-content\/uploads\/2025\/07\/Diseno-sin-titulo-21-1024x1024.png 1024w, https:\/\/belloterra.es\/wp-content\/uploads\/2025\/07\/Diseno-sin-titulo-21-150x150.png 150w, https:\/\/belloterra.es\/wp-content\/uploads\/2025\/07\/Diseno-sin-titulo-21-768x768.png 768w, https:\/\/belloterra.es\/wp-content\/uploads\/2025\/07\/Diseno-sin-titulo-21-600x600.png 600w, https:\/\/belloterra.es\/wp-content\/uploads\/2025\/07\/Diseno-sin-titulo-21-100x100.png 100w\" sizes=\"(max-width: 1080px) 100vw, 1080px\" \/>\n    <\/figure>\n                <\/div>\n<\/section>\n\n\n<section class=\"block-newsletter\">\n    <div class=\"container-xl\">\n                    <figure class=\" left bg\">\n        <img decoding=\"async\" width=\"527\" height=\"309\" src=\"https:\/\/belloterra.es\/wp-content\/uploads\/2025\/07\/bg_newsletter_new.webp\" class=\"bg\" alt=\"\" srcset=\"https:\/\/belloterra.es\/wp-content\/uploads\/2025\/07\/bg_newsletter_new.webp 527w, https:\/\/belloterra.es\/wp-content\/uploads\/2025\/07\/bg_newsletter_new-300x176.webp 300w\" sizes=\"(max-width: 527px) 100vw, 527px\" \/>\n    <\/figure>\n        \n        <div class=\"content\">\n                            <div class=\"title\"><p>Abonnez-vous \u00e0 notre newsletter<\/p>\n<\/div>\n            \n                            <div class=\"description\">Restez inform\u00e9 des derni\u00e8res nouveaut\u00e9s du monde des produits ib\u00e9riques.<\/div>\n            \n                            <div class=\"form\">\n                     <div class=\"forminator-ui forminator-custom-form forminator-custom-form-5365 forminator-design--default  forminator_ajax\" data-forminator-render=\"0\" data-form=\"forminator-module-5365\" data-uid=\"69eb909b9ba1b\"><br\/><\/div><form\n\t\t\t\tid=\"forminator-module-5365\"\n\t\t\t\tclass=\"forminator-ui forminator-custom-form forminator-custom-form-5365 forminator-design--default  forminator_ajax\"\n\t\t\t\tmethod=\"post\"\n\t\t\t\tdata-forminator-render=\"0\"\n\t\t\t\tdata-form-id=\"5365\"\n\t\t\t\t data-color-option=\"theme\" data-design=\"default\" data-grid=\"open\" style=\"display: none;\"\n\t\t\t\tdata-uid=\"69eb909b9ba1b\"\n\t\t\t><div role=\"alert\" aria-live=\"polite\" class=\"forminator-response-message forminator-error\" aria-hidden=\"true\"><\/div><div class=\"forminator-row\"><div id=\"email-1\" class=\"forminator-field-email forminator-col forminator-col-12 \"><div class=\"forminator-field\"><input type=\"email\" name=\"email-1\" value=\"\" placeholder=\"Saisissez votre adresse e-mail\" id=\"forminator-field-email-1_69eb909b9ba1b\" class=\"forminator-input forminator-email--field\" data-required=\"true\" aria-required=\"true\" autocomplete=\"email\" \/><\/div><\/div><\/div><div class=\"forminator-row\" style=\"margin: 0;\"><div id=\"captcha-1\" class=\"forminator-field-captcha  forminator-col-12 \"><div class=\"forminator-captcha-left forminator-g-recaptcha recaptcha-invisible\" data-theme=\"light\" data-badge=\"bottomright\" data-sitekey=\"6LdDl4MrAAAAAJKLOiKZnxSv9Li0WuTLQj5lIPPl\" data-size=\"invisible\"><\/div> <\/div><\/div><div class=\"forminator-row\"><div id=\"consent-1\" class=\"forminator-field-consent forminator-col forminator-col-12 \"><div class=\"forminator-field\"><div class=\"forminator-checkbox__wrapper\"><label id=\"forminator-field-consent-1_69eb909b9ba1b__label\" class=\"forminator-checkbox forminator-consent\"><input type=\"checkbox\" name=\"consent-1\" id=\"forminator-field-consent-1_69eb909b9ba1b\" value=\"checked\" aria-labelledby=\"forminator-field-consent-1_69eb909b9ba1b-label\" aria-describedby=\"forminator-field-consent-1_69eb909b9ba1b__description\" data-required=\"true\" aria-required=\"true\" \/><span class=\"forminator-checkbox-box\" aria-hidden=\"true\"><\/span><\/label><div id=\"forminator-field-consent-1_69eb909b9ba1b__description\" class=\"forminator-checkbox__label forminator-consent__label\"><p>J&rsquo;ai lu et j&rsquo;accepte la <a href=\"\/fr\/politique-de-confidentialite\/\">politique de confidentialit\u00e9.<\/a><\/p><\/div><\/div><\/div><\/div><\/div><input type=\"hidden\" name=\"referer_url\" value=\"\" \/><div class=\"forminator-row forminator-row-last\"><div class=\"forminator-col\"><div class=\"forminator-field\"><button class=\"forminator-button forminator-button-submit\">S&#039;abonner<\/button><\/div><\/div><\/div><input type=\"hidden\" id=\"forminator_nonce\" name=\"forminator_nonce\" value=\"18c04b2958\" \/><input type=\"hidden\" name=\"_wp_http_referer\" value=\"\/fr\/wp-json\/wp\/v2\/pages\/5390\" \/><input type=\"hidden\" name=\"form_id\" value=\"5365\"><input type=\"hidden\" name=\"page_id\" value=\"5390\"><input type=\"hidden\" name=\"form_type\" value=\"default\"><input type=\"hidden\" name=\"current_url\" value=\"https:\/\/belloterra.es\/fr\/ganaderia-propia\/\"><input type=\"hidden\" name=\"render_id\" value=\"0\"><input type=\"hidden\" name=\"action\" value=\"forminator_submit_form_custom-forms\"><label for=\"input_3\" class=\"forminator-hidden\" aria-hidden=\"true\">Veuillez ne pas remplir ce champ. <input id=\"input_3\" type=\"text\" name=\"input_3\" value=\"\" autocomplete=\"off\"><\/label><\/form>\n                <\/div>\n                    <\/div>\n    <\/div>\n<\/section>\n","protected":false},"excerpt":{"rendered":"","protected":false},"author":1,"featured_media":0,"parent":0,"menu_order":0,"comment_status":"closed","ping_status":"closed","template":"","meta":{"footnotes":""},"class_list":["post-5390","page","type-page","status-publish","hentry"],"_links":{"self":[{"href":"https:\/\/belloterra.es\/fr\/wp-json\/wp\/v2\/pages\/5390","targetHints":{"allow":["GET"]}}],"collection":[{"href":"https:\/\/belloterra.es\/fr\/wp-json\/wp\/v2\/pages"}],"about":[{"href":"https:\/\/belloterra.es\/fr\/wp-json\/wp\/v2\/types\/page"}],"author":[{"embeddable":true,"href":"https:\/\/belloterra.es\/fr\/wp-json\/wp\/v2\/users\/1"}],"replies":[{"embeddable":true,"href":"https:\/\/belloterra.es\/fr\/wp-json\/wp\/v2\/comments?post=5390"}],"version-history":[{"count":5,"href":"https:\/\/belloterra.es\/fr\/wp-json\/wp\/v2\/pages\/5390\/revisions"}],"predecessor-version":[{"id":7637,"href":"https:\/\/belloterra.es\/fr\/wp-json\/wp\/v2\/pages\/5390\/revisions\/7637"}],"wp:attachment":[{"href":"https:\/\/belloterra.es\/fr\/wp-json\/wp\/v2\/media?parent=5390"}],"curies":[{"name":"wp","href":"https:\/\/api.w.org\/{rel}","templated":true}]}}