{"id":5387,"date":"2025-05-07T08:49:02","date_gmt":"2025-05-07T08:49:02","guid":{"rendered":"https:\/\/belloterra.es\/\/dehesa\/"},"modified":"2025-07-16T11:40:51","modified_gmt":"2025-07-16T11:40:51","slug":"dehesa","status":"publish","type":"page","link":"https:\/\/belloterra.es\/fr\/dehesa\/","title":{"rendered":"Dehesa"},"content":{"rendered":"<section class=\" container-xl block-simple-text type1  first-block \">\n                <div class=\"title\"><p>La dehesa de ch\u00eanes verts la mieux conserv\u00e9e au monde<\/p><\/div>\n                <div class=\"description\"><p>Au c\u0153ur de Los Pedroches, un battement vert de ch\u00eanes o\u00f9 nos porcs sont \u00e9lev\u00e9s en libert\u00e9. Les glands se fondent avec notre \u00e9levage pour cr\u00e9er un jambon ib\u00e9rique premium d\u2019une qualit\u00e9 exceptionnelle.<\/p><\/div>\n    <\/section>\n\n\n<div class=\"wp-block-group container-xl is-layout-constrained wp-block-group-is-layout-constrained\">\n<figure class=\"wp-block-gallery has-nested-images columns-default is-cropped wp-block-gallery-1 is-layout-flex wp-block-gallery-is-layout-flex\">\n<figure class=\"wp-block-image size-large\"><img decoding=\"async\" width=\"1024\" height=\"683\" data-id=\"7642\" src=\"https:\/\/belloterra.es\/wp-content\/uploads\/2025\/07\/dsc-9902-6981-L-1024x683.webp\" alt=\"\" class=\"wp-image-7642\" srcset=\"https:\/\/belloterra.es\/wp-content\/uploads\/2025\/07\/dsc-9902-6981-L-1024x683.webp 1024w, https:\/\/belloterra.es\/wp-content\/uploads\/2025\/07\/dsc-9902-6981-L-300x200.webp 300w, https:\/\/belloterra.es\/wp-content\/uploads\/2025\/07\/dsc-9902-6981-L-768x513.webp 768w, https:\/\/belloterra.es\/wp-content\/uploads\/2025\/07\/dsc-9902-6981-L-1536x1025.webp 1536w, https:\/\/belloterra.es\/wp-content\/uploads\/2025\/07\/dsc-9902-6981-L-2048x1367.webp 2048w, https:\/\/belloterra.es\/wp-content\/uploads\/2025\/07\/dsc-9902-6981-L-600x400.webp 600w\" sizes=\"(max-width: 1024px) 100vw, 1024px\" \/><\/figure>\n\n\n\n<figure class=\"wp-block-image size-large\"><img decoding=\"async\" width=\"1024\" height=\"681\" data-id=\"7646\" src=\"https:\/\/belloterra.es\/wp-content\/uploads\/2025\/07\/rsr-5017-6975-L-1024x681.webp\" alt=\"\" class=\"wp-image-7646\" srcset=\"https:\/\/belloterra.es\/wp-content\/uploads\/2025\/07\/rsr-5017-6975-L-1024x681.webp 1024w, https:\/\/belloterra.es\/wp-content\/uploads\/2025\/07\/rsr-5017-6975-L-300x199.webp 300w, https:\/\/belloterra.es\/wp-content\/uploads\/2025\/07\/rsr-5017-6975-L-768x511.webp 768w, https:\/\/belloterra.es\/wp-content\/uploads\/2025\/07\/rsr-5017-6975-L-1536x1021.webp 1536w, https:\/\/belloterra.es\/wp-content\/uploads\/2025\/07\/rsr-5017-6975-L-2048x1362.webp 2048w, https:\/\/belloterra.es\/wp-content\/uploads\/2025\/07\/rsr-5017-6975-L-600x399.webp 600w\" sizes=\"(max-width: 1024px) 100vw, 1024px\" \/><\/figure>\n<\/figure>\n<\/div>\n\n\n<section class=\"block-text-and-video\">\n    <div class=\"container-xl\">\n        <div class=\"text-content\">\n                            <div class=\"title\"><p>Plus de 360 000 hectares, un v\u00e9ritable foyer pour notre \u00e9levage<\/p><\/div>\n            \n                            <div class=\"description\"><p>Une \u00e9tendue de 360 000 hectares de ch\u00eanaies centenaires. La richesse du sol, l\u2019air pur et l\u2019abondance de glands garantissent une alimentation naturelle et une production continue.<\/p>\n<p>Chaque pi\u00e8ce que nous \u00e9laborons dans ce cadre unique est le fruit d\u2019un processus artisanal qui respecte la tradition et l\u2019environnement. L\u2019\u00e9levage de nos porcs ib\u00e9riques exige un engagement absolu envers la conservation de la dehesa et de son \u00e9cosyst\u00e8me.<\/p><\/div>\n                    <\/div>\n\n        <div class=\"video-content\">\n                            <div class=\"aspect-w-16 aspect-h-9 w-full\">\n                    <iframe title=\"Belloterra - Spot\" width=\"500\" height=\"281\" src=\"https:\/\/www.youtube.com\/embed\/INcipqhwzoo?feature=oembed\" frameborder=\"0\" allow=\"accelerometer; autoplay; clipboard-write; encrypted-media; gyroscope; picture-in-picture; web-share\" referrerpolicy=\"strict-origin-when-cross-origin\" allowfullscreen><\/iframe>\n                <\/div>\n\n                    <\/div>\n    <\/div>\n<\/section>\n\n\n\n<section class=\"block-grid-featured-products woocommerce\">\n    <div class=\"container-xl\">\n                    <div class=\"block-header\">\n                                    <div class=\"block-title\">\n                        <p>Dans notre dehesa naissent les plus grands tr\u00e9sors ib\u00e9riques d\u2019Espagne<\/p>\n                    <\/div>\n                \n                            <\/div>\n        \n                    <div class=\"block-description\">\n                <p>Nos ma\u00eetres artisans soignent chaque d\u00e9tail du processus pour cr\u00e9er de v\u00e9ritables joyaux gastronomiques appr\u00e9ci\u00e9s dans le monde entier. Nous prenons soin de notre produit, de l\u2019\u00e9levage jusqu\u2019\u00e0 l\u2019emballage final.<\/p>\n            <\/div>\n                            <div class=\"product-grid\" id=\"swiperFeaturedProducts\">\n                                    <ul class=\"products swiper-wrapper\">\n                                                    \n                                                            <div class=\"swiper-slide\">\n                                    <li class=\"product type-product \">\n        <a href=\"https:\/\/belloterra.es\/producto\/jamon-de-bellota-100-iberico\/\" class=\"woocommerce-loop-product__link \">\n            <figure class=\"attachment-woocommerce_thumbnail\">\n                <img decoding=\"async\" class=\"image-product\" src=\"https:\/\/belloterra.es\/wp-content\/uploads\/2024\/07\/Jamon-de-Bellota-100-Iberico.jpg\" alt=\"Jam\u00f3n de Bellota 100% ib\u00e9rico\">\n                <div class=\"award\">\n                    \n                                    <\/div>\n                <div class=\"bttn bttn-primary\">D\u00e9couvrir<\/div>\n            <\/figure>\n            <div class=\"wrap\">\n                <div class=\"woocommerce-loop-product__title\">\n                    <div class=\"product-box-title\">\n                        Jam\u00f3n de Bellota 100% ib\u00e9rico\n                    <\/div>\n                <\/div>\n\n                                    <div class=\"product-box-description\">\n                                                 \n                                                    100% Race Ib\u00e9rique  \n                                                <div class=\"weight\">7\/8kg<\/div>\n                    <\/div>\n                            <\/div>\n        <\/a>\n    <\/li>\n                                <\/div>\n                                                                                \n                                                            <div class=\"swiper-slide\">\n                                    <li class=\"product type-product \">\n        <a href=\"https:\/\/belloterra.es\/producto\/jamon-de-bellota-100-iberico-d-o-los-pedroches\/\" class=\"woocommerce-loop-product__link \">\n            <figure class=\"attachment-woocommerce_thumbnail\">\n                <img decoding=\"async\" class=\"image-product\" src=\"https:\/\/belloterra.es\/wp-content\/uploads\/2024\/07\/Jamon-de-Bellota-100-Iberico-D.O.-Los-Pedroches-.jpg\" alt=\"Jam\u00f3n de Bellota 100% Ib\u00e9rico D.O. Los Pedroches\">\n                <div class=\"award\">\n                    \n                                                                        <figure class=\"  mb-0 logo-award\">\n        <img decoding=\"async\" width=\"69\" height=\"67\" src=\"https:\/\/belloterra.es\/wp-content\/uploads\/2025\/08\/Logo-Great-Taste-2025_sf.png\" class=\"mb-0 logo-award\" alt=\"\" \/>\n    <\/figure>\n                                                    <figure class=\"  mb-0 logo-award\">\n        <img decoding=\"async\" width=\"67\" height=\"67\" src=\"https:\/\/belloterra.es\/wp-content\/uploads\/2025\/06\/logo-encina-de-oro-black.png\" class=\"mb-0 logo-award\" alt=\"\" \/>\n    <\/figure>\n                                                            <\/div>\n                <div class=\"bttn bttn-primary\">D\u00e9couvrir<\/div>\n            <\/figure>\n            <div class=\"wrap\">\n                <div class=\"woocommerce-loop-product__title\">\n                    <div class=\"product-box-title\">\n                        Jam\u00f3n de Bellota 100% Ib\u00e9rico D.O. Los Pedroches\n                    <\/div>\n                <\/div>\n\n                                    <div class=\"product-box-description\">\n                                                 \n                                                    100% Race Ib\u00e9rique  \n                                                <div class=\"weight\">6\/8kg<\/div>\n                    <\/div>\n                            <\/div>\n        <\/a>\n    <\/li>\n                                <\/div>\n                                                                                \n                                                            <div class=\"swiper-slide\">\n                                    <li class=\"product type-product \">\n        <a href=\"https:\/\/belloterra.es\/producto\/jamon-de-bellota-iberico-50-r-i\/\" class=\"woocommerce-loop-product__link \">\n            <figure class=\"attachment-woocommerce_thumbnail\">\n                <img decoding=\"async\" class=\"image-product\" src=\"https:\/\/belloterra.es\/wp-content\/uploads\/2024\/07\/Jamon-de-Bellota-Iberico-50-R.I.jpg\" alt=\"Jam\u00f3n de Bellota 50% R.I.\">\n                <div class=\"award\">\n                    \n                                    <\/div>\n                <div class=\"bttn bttn-primary\">D\u00e9couvrir<\/div>\n            <\/figure>\n            <div class=\"wrap\">\n                <div class=\"woocommerce-loop-product__title\">\n                    <div class=\"product-box-title\">\n                        Jam\u00f3n de Bellota 50% R.I.\n                    <\/div>\n                <\/div>\n\n                                    <div class=\"product-box-description\">\n                                                 \n                                                    Cochons \u00e9lev\u00e9s en libert\u00e9  \n                                                <div class=\"weight\">7\/8kg<\/div>\n                    <\/div>\n                            <\/div>\n        <\/a>\n    <\/li>\n                                <\/div>\n                                                                        <\/ul>\n                            <\/div>\n        \n            <\/div>\n<\/section>\n\n\n<section class=\"container-xl block-special-selection\">\n\n    <div class=\"content\">\n        \n        <div class=\"wrap-text\">\n                            <div class=\"title\"><p>Savourez tradition, essence et savoir-faire<\/p>\n<\/div>\n            \n            \n                            \n                                            <a href=\"https:\/\/belloterra.es\/categoria-producto\/jamones\/\"\n                            class=\"bttn bttn-primary\">\n                            D\u00e9couvrez nos jambons\n                        <\/a>\n                                                        <\/div>\n                    <figure class=\" right image-banner\">\n        <img decoding=\"async\" width=\"1080\" height=\"1080\" src=\"https:\/\/belloterra.es\/wp-content\/uploads\/2025\/07\/Diseno-sin-titulo-21.png\" class=\"image-banner\" alt=\"\" srcset=\"https:\/\/belloterra.es\/wp-content\/uploads\/2025\/07\/Diseno-sin-titulo-21.png 1080w, https:\/\/belloterra.es\/wp-content\/uploads\/2025\/07\/Diseno-sin-titulo-21-300x300.png 300w, https:\/\/belloterra.es\/wp-content\/uploads\/2025\/07\/Diseno-sin-titulo-21-1024x1024.png 1024w, https:\/\/belloterra.es\/wp-content\/uploads\/2025\/07\/Diseno-sin-titulo-21-150x150.png 150w, https:\/\/belloterra.es\/wp-content\/uploads\/2025\/07\/Diseno-sin-titulo-21-768x768.png 768w, https:\/\/belloterra.es\/wp-content\/uploads\/2025\/07\/Diseno-sin-titulo-21-600x600.png 600w, https:\/\/belloterra.es\/wp-content\/uploads\/2025\/07\/Diseno-sin-titulo-21-100x100.png 100w\" sizes=\"(max-width: 1080px) 100vw, 1080px\" \/>\n    <\/figure>\n                <\/div>\n<\/section>\n\n\n<section class=\"block-newsletter\">\n    <div class=\"container-xl\">\n                    <figure class=\" left bg\">\n        <img decoding=\"async\" width=\"527\" height=\"309\" src=\"https:\/\/belloterra.es\/wp-content\/uploads\/2025\/07\/bg_newsletter_new.webp\" class=\"bg\" alt=\"\" srcset=\"https:\/\/belloterra.es\/wp-content\/uploads\/2025\/07\/bg_newsletter_new.webp 527w, https:\/\/belloterra.es\/wp-content\/uploads\/2025\/07\/bg_newsletter_new-300x176.webp 300w\" sizes=\"(max-width: 527px) 100vw, 527px\" \/>\n    <\/figure>\n        \n        <div class=\"content\">\n                            <div class=\"title\"><p>Abonnez-vous \u00e0 notre newsletter<\/p>\n<\/div>\n            \n                            <div class=\"description\">Restez inform\u00e9 des derni\u00e8res nouveaut\u00e9s du monde des produits ib\u00e9riques.<\/div>\n            \n                            <div class=\"form\">\n                     <div class=\"forminator-ui forminator-custom-form forminator-custom-form-5365 forminator-design--default  forminator_ajax\" data-forminator-render=\"0\" data-form=\"forminator-module-5365\" data-uid=\"6a091165ddc5a\"><br\/><\/div><form\n\t\t\t\tid=\"forminator-module-5365\"\n\t\t\t\tclass=\"forminator-ui forminator-custom-form forminator-custom-form-5365 forminator-design--default  forminator_ajax\"\n\t\t\t\tmethod=\"post\"\n\t\t\t\tdata-forminator-render=\"0\"\n\t\t\t\tdata-form-id=\"5365\"\n\t\t\t\t data-color-option=\"theme\" data-design=\"default\" data-grid=\"open\" style=\"display: none;\"\n\t\t\t\tdata-uid=\"6a091165ddc5a\"\n\t\t\t><div role=\"alert\" aria-live=\"polite\" class=\"forminator-response-message forminator-error\" aria-hidden=\"true\"><\/div><div class=\"forminator-row\"><div id=\"email-1\" class=\"forminator-field-email forminator-col forminator-col-12 \"><div class=\"forminator-field\"><input type=\"email\" name=\"email-1\" value=\"\" placeholder=\"Saisissez votre adresse e-mail\" id=\"forminator-field-email-1_6a091165ddc5a\" class=\"forminator-input forminator-email--field\" data-required=\"true\" aria-required=\"true\" autocomplete=\"email\" \/><\/div><\/div><\/div><div class=\"forminator-row\" style=\"margin: 0;\"><div id=\"captcha-1\" class=\"forminator-field-captcha  forminator-col-12 \"><div class=\"forminator-captcha-left forminator-g-recaptcha recaptcha-invisible\" data-theme=\"light\" data-badge=\"bottomright\" data-sitekey=\"6LdDl4MrAAAAAJKLOiKZnxSv9Li0WuTLQj5lIPPl\" data-size=\"invisible\"><\/div> <\/div><\/div><div class=\"forminator-row\"><div id=\"consent-1\" class=\"forminator-field-consent forminator-col forminator-col-12 \"><div class=\"forminator-field\"><div class=\"forminator-checkbox__wrapper\"><label id=\"forminator-field-consent-1_6a091165ddc5a__label\" class=\"forminator-checkbox forminator-consent\"><input type=\"checkbox\" name=\"consent-1\" id=\"forminator-field-consent-1_6a091165ddc5a\" value=\"checked\" aria-labelledby=\"forminator-field-consent-1_6a091165ddc5a-label\" aria-describedby=\"forminator-field-consent-1_6a091165ddc5a__description\" data-required=\"true\" aria-required=\"true\" \/><span class=\"forminator-checkbox-box\" aria-hidden=\"true\"><\/span><\/label><div id=\"forminator-field-consent-1_6a091165ddc5a__description\" class=\"forminator-checkbox__label forminator-consent__label\"><p>J&rsquo;ai lu et j&rsquo;accepte la <a href=\"\/fr\/politique-de-confidentialite\/\">politique de confidentialit\u00e9.<\/a><\/p><\/div><\/div><\/div><\/div><\/div><input type=\"hidden\" name=\"referer_url\" value=\"\" \/><div class=\"forminator-row forminator-row-last\"><div class=\"forminator-col\"><div class=\"forminator-field\"><button class=\"forminator-button forminator-button-submit\">S&#039;abonner<\/button><\/div><\/div><\/div><input type=\"hidden\" id=\"forminator_nonce\" name=\"forminator_nonce\" value=\"a3d7a8f481\" \/><input type=\"hidden\" name=\"_wp_http_referer\" value=\"\/fr\/wp-json\/wp\/v2\/pages\/5387\" \/><input type=\"hidden\" name=\"form_id\" value=\"5365\"><input type=\"hidden\" name=\"page_id\" value=\"5387\"><input type=\"hidden\" name=\"form_type\" value=\"default\"><input type=\"hidden\" name=\"current_url\" value=\"https:\/\/belloterra.es\/fr\/dehesa\/\"><input type=\"hidden\" name=\"render_id\" value=\"0\"><input type=\"hidden\" name=\"action\" value=\"forminator_submit_form_custom-forms\"><label for=\"input_3\" class=\"forminator-hidden\" aria-hidden=\"true\">Veuillez ne pas remplir ce champ. <input id=\"input_3\" type=\"text\" name=\"input_3\" value=\"\" autocomplete=\"off\"><\/label><\/form>\n                <\/div>\n                    <\/div>\n    <\/div>\n<\/section>\n","protected":false},"excerpt":{"rendered":"","protected":false},"author":1,"featured_media":0,"parent":0,"menu_order":0,"comment_status":"closed","ping_status":"closed","template":"","meta":{"footnotes":""},"class_list":["post-5387","page","type-page","status-publish","hentry"],"_links":{"self":[{"href":"https:\/\/belloterra.es\/fr\/wp-json\/wp\/v2\/pages\/5387","targetHints":{"allow":["GET"]}}],"collection":[{"href":"https:\/\/belloterra.es\/fr\/wp-json\/wp\/v2\/pages"}],"about":[{"href":"https:\/\/belloterra.es\/fr\/wp-json\/wp\/v2\/types\/page"}],"author":[{"embeddable":true,"href":"https:\/\/belloterra.es\/fr\/wp-json\/wp\/v2\/users\/1"}],"replies":[{"embeddable":true,"href":"https:\/\/belloterra.es\/fr\/wp-json\/wp\/v2\/comments?post=5387"}],"version-history":[{"count":4,"href":"https:\/\/belloterra.es\/fr\/wp-json\/wp\/v2\/pages\/5387\/revisions"}],"predecessor-version":[{"id":7671,"href":"https:\/\/belloterra.es\/fr\/wp-json\/wp\/v2\/pages\/5387\/revisions\/7671"}],"wp:attachment":[{"href":"https:\/\/belloterra.es\/fr\/wp-json\/wp\/v2\/media?parent=5387"}],"curies":[{"name":"wp","href":"https:\/\/api.w.org\/{rel}","templated":true}]}}