{"id":5374,"date":"2025-05-07T08:50:33","date_gmt":"2025-05-07T08:50:33","guid":{"rendered":"https:\/\/belloterra.es\/\/compromiso\/"},"modified":"2025-07-16T11:48:21","modified_gmt":"2025-07-16T11:48:21","slug":"notre-heritage","status":"publish","type":"page","link":"https:\/\/belloterra.es\/fr\/notre-heritage\/","title":{"rendered":"Notre h\u00e9ritage"},"content":{"rendered":"<section class=\"block-media-text-standar\">\n    <div class=\"container-xl\">\n\n                    <div class=\"wrap-text \">\n                \n                                    <div class=\"content-accordion loaded closed\">\n                                                    <div class=\"title\"><p>Engagement pour la puret\u00e9 du produit<\/p><\/div>\n                        \n                                                    <div class=\"seo-content show description-text\"><p>Depuis des g\u00e9n\u00e9rations, nous avons perfectionn\u00e9 le v\u00e9ritable tr\u00e9sor de notre terre : un jambon 100% ib\u00e9rique nourri de glands, alliant tradition et passion pour l&rsquo;artisanat. Nos porcs ib\u00e9riques, \u00e9lev\u00e9s en libert\u00e9 dans la dehesa, donnent des pi\u00e8ces uniques, affin\u00e9es avec soin pour atteindre l&rsquo;\u00e9quilibre parfait entre ar\u00f4me, texture et saveur.<\/p><\/div>\n                                                                    <\/div>\n                            <\/div>\n                <div class=\"image-and-text \">\n                            <div class=\"background-image\">\n                    <figure class=\"  bg-img\">\n        <img decoding=\"async\" width=\"2560\" height=\"1709\" src=\"https:\/\/belloterra.es\/wp-content\/uploads\/2025\/07\/Img_Corte-jamon-scaled.webp\" class=\"bg-img\" alt=\"\" srcset=\"https:\/\/belloterra.es\/wp-content\/uploads\/2025\/07\/Img_Corte-jamon-scaled.webp 2560w, https:\/\/belloterra.es\/wp-content\/uploads\/2025\/07\/Img_Corte-jamon-300x200.webp 300w, https:\/\/belloterra.es\/wp-content\/uploads\/2025\/07\/Img_Corte-jamon-1024x683.webp 1024w, https:\/\/belloterra.es\/wp-content\/uploads\/2025\/07\/Img_Corte-jamon-768x513.webp 768w, https:\/\/belloterra.es\/wp-content\/uploads\/2025\/07\/Img_Corte-jamon-1536x1025.webp 1536w, https:\/\/belloterra.es\/wp-content\/uploads\/2025\/07\/Img_Corte-jamon-2048x1367.webp 2048w, https:\/\/belloterra.es\/wp-content\/uploads\/2025\/07\/Img_Corte-jamon-600x400.webp 600w\" sizes=\"(max-width: 2560px) 100vw, 2560px\" \/>\n    <\/figure>\n                <\/div>\n                    <\/div>\n    <\/div>\n<\/section>\n\n<section class=\"block-media-and-text-bto \">\n    <div class=\"container-xl\">\n\n                    <figure class=\" cover left\">\n        <img decoding=\"async\" width=\"797\" height=\"596\" src=\"https:\/\/belloterra.es\/wp-content\/uploads\/2025\/05\/lospedroches-1.webp\" class=\"left\" alt=\"\" srcset=\"https:\/\/belloterra.es\/wp-content\/uploads\/2025\/05\/lospedroches-1.webp 797w, https:\/\/belloterra.es\/wp-content\/uploads\/2025\/05\/lospedroches-1-300x224.webp 300w, https:\/\/belloterra.es\/wp-content\/uploads\/2025\/05\/lospedroches-1-768x574.webp 768w, https:\/\/belloterra.es\/wp-content\/uploads\/2025\/05\/lospedroches-1-600x449.webp 600w\" sizes=\"(max-width: 797px) 100vw, 797px\" \/>\n    <\/figure>\n        \n        <div class=\"content left\">\n                            <div class=\"title\"><p>Bien-\u00eatre animal<\/p><\/div>\n            \n                            <div class=\"description\"><p>La cl\u00e9 du go\u00fbt commence par l&rsquo;\u00e9levage de l&rsquo;animal. Nous suivons des protocoles stricts de bien-\u00eatre animal, garantissant une croissance saine et sans stress. Cela n&rsquo;est pas seulement un engagement \u00e9thique, mais cela influence \u00e9galement la qualit\u00e9 finale du jambon.<\/p>\n<p>Cette attention port\u00e9e \u00e0 chaque d\u00e9tail de l&rsquo;\u00e9levage a fait de notre \u00e9quipe de v\u00e9ritables ma\u00eetres de l&rsquo;ib\u00e9rique.<\/p><\/div>\n            \n                                                <a href=\"https:\/\/belloterra.es\/los-maestros\/\" class=\"bttn bttn-primary\">\n                        En savoir plus\n                    <\/a>\n                                    <\/div>\n\n    <\/div>\n<\/section>\n\n\n<section class=\"block-media-text-standar\">\n    <div class=\"container-xl\">\n\n                    <div class=\"wrap-text \">\n                \n                                    <div class=\"content-accordion loaded closed\">\n                                                    <div class=\"title\"><p>Pr\u00e9servation de la nature<\/p><\/div>\n                        \n                                                    <div class=\"seo-content show description-text\"><p>La dehesa est un \u00e9cosyst\u00e8me unique qui n\u00e9cessite une gestion durable pour sa pr\u00e9servation. Dans notre processus de production, nous nous assurons que l&rsquo;\u00e9levage du porc ib\u00e9rique contribue \u00e0 maintenir cet \u00e9quilibre naturel, favorisant la r\u00e9g\u00e9n\u00e9ration des arbres et pr\u00e9servant la biodiversit\u00e9.<\/p><\/div>\n                                                                    <\/div>\n                            <\/div>\n                <div class=\"image-and-text \">\n                            <div class=\"background-image\">\n                    <figure class=\"  bg-img\">\n        <img decoding=\"async\" width=\"2123\" height=\"1417\" src=\"https:\/\/belloterra.es\/wp-content\/uploads\/2025\/07\/rsr-0756-1-6975-L.webp\" class=\"bg-img\" alt=\"\" srcset=\"https:\/\/belloterra.es\/wp-content\/uploads\/2025\/07\/rsr-0756-1-6975-L.webp 2123w, https:\/\/belloterra.es\/wp-content\/uploads\/2025\/07\/rsr-0756-1-6975-L-300x200.webp 300w, https:\/\/belloterra.es\/wp-content\/uploads\/2025\/07\/rsr-0756-1-6975-L-1024x683.webp 1024w, https:\/\/belloterra.es\/wp-content\/uploads\/2025\/07\/rsr-0756-1-6975-L-768x513.webp 768w, https:\/\/belloterra.es\/wp-content\/uploads\/2025\/07\/rsr-0756-1-6975-L-1536x1025.webp 1536w, https:\/\/belloterra.es\/wp-content\/uploads\/2025\/07\/rsr-0756-1-6975-L-2048x1367.webp 2048w, https:\/\/belloterra.es\/wp-content\/uploads\/2025\/07\/rsr-0756-1-6975-L-600x400.webp 600w\" sizes=\"(max-width: 2123px) 100vw, 2123px\" \/>\n    <\/figure>\n                <\/div>\n                    <\/div>\n    <\/div>\n<\/section>\n\n<section class=\"container-xl block-special-selection\">\n\n    <div class=\"content\">\n        \n        <div class=\"wrap-text\">\n                            <div class=\"title\"><p>Savourez tradition, essence et savoir-faire<\/p>\n<\/div>\n            \n            \n                            \n                                            <a href=\"https:\/\/belloterra.es\/categoria-producto\/jamones\/\"\n                            class=\"bttn bttn-primary\">\n                            D\u00e9couvrez nos jambons\n                        <\/a>\n                                                        <\/div>\n                    <figure class=\" right image-banner\">\n        <img decoding=\"async\" width=\"1080\" height=\"1080\" src=\"https:\/\/belloterra.es\/wp-content\/uploads\/2025\/07\/Diseno-sin-titulo-21.png\" class=\"image-banner\" alt=\"\" srcset=\"https:\/\/belloterra.es\/wp-content\/uploads\/2025\/07\/Diseno-sin-titulo-21.png 1080w, https:\/\/belloterra.es\/wp-content\/uploads\/2025\/07\/Diseno-sin-titulo-21-300x300.png 300w, https:\/\/belloterra.es\/wp-content\/uploads\/2025\/07\/Diseno-sin-titulo-21-1024x1024.png 1024w, https:\/\/belloterra.es\/wp-content\/uploads\/2025\/07\/Diseno-sin-titulo-21-150x150.png 150w, https:\/\/belloterra.es\/wp-content\/uploads\/2025\/07\/Diseno-sin-titulo-21-768x768.png 768w, https:\/\/belloterra.es\/wp-content\/uploads\/2025\/07\/Diseno-sin-titulo-21-600x600.png 600w, https:\/\/belloterra.es\/wp-content\/uploads\/2025\/07\/Diseno-sin-titulo-21-100x100.png 100w\" sizes=\"(max-width: 1080px) 100vw, 1080px\" \/>\n    <\/figure>\n                <\/div>\n<\/section>\n\n\n<section class=\"block-newsletter\">\n    <div class=\"container-xl\">\n                    <figure class=\" left bg\">\n        <img decoding=\"async\" width=\"527\" height=\"309\" src=\"https:\/\/belloterra.es\/wp-content\/uploads\/2025\/07\/bg_newsletter_new.webp\" class=\"bg\" alt=\"\" srcset=\"https:\/\/belloterra.es\/wp-content\/uploads\/2025\/07\/bg_newsletter_new.webp 527w, https:\/\/belloterra.es\/wp-content\/uploads\/2025\/07\/bg_newsletter_new-300x176.webp 300w\" sizes=\"(max-width: 527px) 100vw, 527px\" \/>\n    <\/figure>\n        \n        <div class=\"content\">\n                            <div class=\"title\"><p>Abonnez-vous \u00e0 notre newsletter<\/p>\n<\/div>\n            \n                            <div class=\"description\">Restez inform\u00e9 des derni\u00e8res nouveaut\u00e9s du monde des produits ib\u00e9riques.<\/div>\n            \n                            <div class=\"form\">\n                     <div class=\"forminator-ui forminator-custom-form forminator-custom-form-5365 forminator-design--default  forminator_ajax\" data-forminator-render=\"0\" data-form=\"forminator-module-5365\" data-uid=\"69eb93a9e245c\"><br\/><\/div><form\n\t\t\t\tid=\"forminator-module-5365\"\n\t\t\t\tclass=\"forminator-ui forminator-custom-form forminator-custom-form-5365 forminator-design--default  forminator_ajax\"\n\t\t\t\tmethod=\"post\"\n\t\t\t\tdata-forminator-render=\"0\"\n\t\t\t\tdata-form-id=\"5365\"\n\t\t\t\t data-color-option=\"theme\" data-design=\"default\" data-grid=\"open\" style=\"display: none;\"\n\t\t\t\tdata-uid=\"69eb93a9e245c\"\n\t\t\t><div role=\"alert\" aria-live=\"polite\" class=\"forminator-response-message forminator-error\" aria-hidden=\"true\"><\/div><div class=\"forminator-row\"><div id=\"email-1\" class=\"forminator-field-email forminator-col forminator-col-12 \"><div class=\"forminator-field\"><input type=\"email\" name=\"email-1\" value=\"\" placeholder=\"Saisissez votre adresse e-mail\" id=\"forminator-field-email-1_69eb93a9e245c\" class=\"forminator-input forminator-email--field\" data-required=\"true\" aria-required=\"true\" autocomplete=\"email\" \/><\/div><\/div><\/div><div class=\"forminator-row\" style=\"margin: 0;\"><div id=\"captcha-1\" class=\"forminator-field-captcha  forminator-col-12 \"><div class=\"forminator-captcha-left forminator-g-recaptcha recaptcha-invisible\" data-theme=\"light\" data-badge=\"bottomright\" data-sitekey=\"6LdDl4MrAAAAAJKLOiKZnxSv9Li0WuTLQj5lIPPl\" data-size=\"invisible\"><\/div> <\/div><\/div><div class=\"forminator-row\"><div id=\"consent-1\" class=\"forminator-field-consent forminator-col forminator-col-12 \"><div class=\"forminator-field\"><div class=\"forminator-checkbox__wrapper\"><label id=\"forminator-field-consent-1_69eb93a9e245c__label\" class=\"forminator-checkbox forminator-consent\"><input type=\"checkbox\" name=\"consent-1\" id=\"forminator-field-consent-1_69eb93a9e245c\" value=\"checked\" aria-labelledby=\"forminator-field-consent-1_69eb93a9e245c-label\" aria-describedby=\"forminator-field-consent-1_69eb93a9e245c__description\" data-required=\"true\" aria-required=\"true\" \/><span class=\"forminator-checkbox-box\" aria-hidden=\"true\"><\/span><\/label><div id=\"forminator-field-consent-1_69eb93a9e245c__description\" class=\"forminator-checkbox__label forminator-consent__label\"><p>J&rsquo;ai lu et j&rsquo;accepte la <a href=\"\/fr\/politique-de-confidentialite\/\">politique de confidentialit\u00e9.<\/a><\/p><\/div><\/div><\/div><\/div><\/div><input type=\"hidden\" name=\"referer_url\" value=\"\" \/><div class=\"forminator-row forminator-row-last\"><div class=\"forminator-col\"><div class=\"forminator-field\"><button class=\"forminator-button forminator-button-submit\">S&#039;abonner<\/button><\/div><\/div><\/div><input type=\"hidden\" id=\"forminator_nonce\" name=\"forminator_nonce\" value=\"18c04b2958\" \/><input type=\"hidden\" name=\"_wp_http_referer\" value=\"\/fr\/wp-json\/wp\/v2\/pages\/5374\" \/><input type=\"hidden\" name=\"form_id\" value=\"5365\"><input type=\"hidden\" name=\"page_id\" value=\"5374\"><input type=\"hidden\" name=\"form_type\" value=\"default\"><input type=\"hidden\" name=\"current_url\" value=\"https:\/\/belloterra.es\/fr\/notre-heritage\/\"><input type=\"hidden\" name=\"render_id\" value=\"0\"><input type=\"hidden\" name=\"action\" value=\"forminator_submit_form_custom-forms\"><label for=\"input_3\" class=\"forminator-hidden\" aria-hidden=\"true\">Veuillez ne pas remplir ce champ. <input id=\"input_3\" type=\"text\" name=\"input_3\" value=\"\" autocomplete=\"off\"><\/label><\/form>\n                <\/div>\n                    <\/div>\n    <\/div>\n<\/section>\n","protected":false},"excerpt":{"rendered":"","protected":false},"author":1,"featured_media":0,"parent":0,"menu_order":0,"comment_status":"closed","ping_status":"closed","template":"","meta":{"footnotes":""},"class_list":["post-5374","page","type-page","status-publish","hentry"],"_links":{"self":[{"href":"https:\/\/belloterra.es\/fr\/wp-json\/wp\/v2\/pages\/5374","targetHints":{"allow":["GET"]}}],"collection":[{"href":"https:\/\/belloterra.es\/fr\/wp-json\/wp\/v2\/pages"}],"about":[{"href":"https:\/\/belloterra.es\/fr\/wp-json\/wp\/v2\/types\/page"}],"author":[{"embeddable":true,"href":"https:\/\/belloterra.es\/fr\/wp-json\/wp\/v2\/users\/1"}],"replies":[{"embeddable":true,"href":"https:\/\/belloterra.es\/fr\/wp-json\/wp\/v2\/comments?post=5374"}],"version-history":[{"count":9,"href":"https:\/\/belloterra.es\/fr\/wp-json\/wp\/v2\/pages\/5374\/revisions"}],"predecessor-version":[{"id":7678,"href":"https:\/\/belloterra.es\/fr\/wp-json\/wp\/v2\/pages\/5374\/revisions\/7678"}],"wp:attachment":[{"href":"https:\/\/belloterra.es\/fr\/wp-json\/wp\/v2\/media?parent=5374"}],"curies":[{"name":"wp","href":"https:\/\/api.w.org\/{rel}","templated":true}]}}