{"id":5084,"date":"2025-05-07T08:47:25","date_gmt":"2025-05-07T08:47:25","guid":{"rendered":"https:\/\/belloterra.es\/\/inicio\/"},"modified":"2025-07-11T06:55:10","modified_gmt":"2025-07-11T06:55:10","slug":"inicio","status":"publish","type":"page","link":"https:\/\/belloterra.es\/fr\/","title":{"rendered":"Inicio"},"content":{"rendered":"\n<div class=\"wp-block-themepunch-revslider revslider\" data-modal=\"false\" data-slidertitle=\"Slider 1\" style=\"\">\n\t\t\t<!-- START Slider 1 REVOLUTION SLIDER 6.7.20 --><p class=\"rs-p-wp-fix\"><\/p>\n\t\t\t<rs-module-wrap id=\"rev_slider_2_1_wrapper\" data-source=\"gallery\" style=\"visibility:hidden;background:transparent;padding:0;margin:0px auto;margin-top:0;margin-bottom:0;\">\n\t\t\t\t<rs-module id=\"rev_slider_2_1\" style=\"\" data-version=\"6.7.20\">\n\t\t\t\t\t<rs-slides style=\"overflow: hidden; position: absolute;\">\n\t\t\t\t\t\t<rs-slide style=\"position: absolute;\" data-key=\"rs-35\" data-title=\"Slide\" data-in=\"o:0;\" data-out=\"a:false;\">\n\t\t\t\t\t\t\t<img decoding=\"async\" src=\"\/\/belloterra.es\/wp-content\/plugins\/revslider\/sr6\/assets\/assets\/dummy.png\" alt=\"\" title=\"new_videoweb_30.jpeg\" width=\"1920\" height=\"1080\" class=\"rev-slidebg tp-rs-img rs-lazyload\" data-lazyload=\"\/\/belloterra.es\/wp-content\/uploads\/revslider\/video-media\/new_videoweb_30.jpeg\" data-no-retina>\n\t\t\t\t\t\t\t<rs-bgvideo \n\t\t\t\t\t\t\t\tdata-video=\"w:100%;h:100%;nse:false;l:true;ptimer:false;vfc:true;\"\n\t\t\t\t\t\t\t\tdata-mp4=\"\/\/belloterra.es\/wp-content\/uploads\/2025\/06\/new_videoweb.mp4\"\n\t\t\t\t\t\t\t><\/rs-bgvideo>\n<!--\n\t\t\t\t\t\t\t--><rs-group\n\t\t\t\t\t\t\t\tid=\"slider-2-slide-35-layer-0\" \n\t\t\t\t\t\t\t\tdata-type=\"group\"\n\t\t\t\t\t\t\t\tdata-rsp_ch=\"on\"\n\t\t\t\t\t\t\t\tdata-xy=\"x:c;y:m;yo:36px,29px,22px,10px;\"\n\t\t\t\t\t\t\t\tdata-text=\"w:normal;s:20,16,12,5;l:0,20,15,7;\"\n\t\t\t\t\t\t\t\tdata-dim=\"w:684px,564px,428px,338px;h:206px,170px,184px,184px;\"\n\t\t\t\t\t\t\t\tdata-frame_0=\"o:1;\"\n\t\t\t\t\t\t\t\tdata-frame_999=\"o:0;st:w;sA:9000;\"\n\t\t\t\t\t\t\t\tstyle=\"z-index:6;\"\n\t\t\t\t\t\t\t><!--\n\t\t\t\t\t\t\t\t--><rs-layer\n\t\t\t\t\t\t\t\t\tid=\"slider-2-slide-35-layer-3\" \n\t\t\t\t\t\t\t\t\tdata-type=\"text\"\n\t\t\t\t\t\t\t\t\tdata-color=\"#d0b297\"\n\t\t\t\t\t\t\t\t\tdata-rsp_ch=\"on\"\n\t\t\t\t\t\t\t\t\tdata-xy=\"x:c;\"\n\t\t\t\t\t\t\t\t\tdata-pos=\"a\"\n\t\t\t\t\t\t\t\t\tdata-text=\"w:normal;s:52,42,36,36;l:62,51,43,43;ls:1.04px,0px,0px,0.72px;a:center;\"\n\t\t\t\t\t\t\t\t\tdata-dim=\"w:100%;\"\n\t\t\t\t\t\t\t\t\tdata-frame_999=\"o:0;st:w;\"\n\t\t\t\t\t\t\t\t\tstyle=\"z-index:8;font-family:'Syne';\"\n\t\t\t\t\t\t\t\t><strong>L'art de l'ib\u00e9rique : <\/strong> un voyage de la dehesa \u00e0 votre table \n\t\t\t\t\t\t\t\t<\/rs-layer><!--\n\n\t\t\t\t\t\t\t\t--><a\n\t\t\t\t\t\t\t\t\tid=\"slider-2-slide-35-layer-2\" \n\t\t\t\t\t\t\t\t\tclass=\"rs-layer\"\n\t\t\t\t\t\t\t\t\thref=\"\/fr\/categorie-produit\/premium-fr\/\" target=\"_self\"\n\t\t\t\t\t\t\t\t\tdata-type=\"text\"\n\t\t\t\t\t\t\t\t\tdata-color=\"#e5e1d8\"\n\t\t\t\t\t\t\t\t\tdata-rsp_ch=\"on\"\n\t\t\t\t\t\t\t\t\tdata-xy=\"x:c;y:b;\"\n\t\t\t\t\t\t\t\t\tdata-pos=\"a\"\n\t\t\t\t\t\t\t\t\tdata-text=\"w:normal;s:16;l:20;ls:0,0,0,0px;fw:500;td:underline;\"\n\t\t\t\t\t\t\t\t\tdata-frame_999=\"o:0;st:w;\"\n\t\t\t\t\t\t\t\t\tstyle=\"z-index:6;font-family:'Plus Jakarta Sans';cursor:pointer;\"\n\t\t\t\t\t\t\t\t>D\u00e9couvrez la s\u00e9lection Belloterra \n\t\t\t\t\t\t\t\t<\/a><!--\n\t\t\t\t\t\t\t--><\/rs-group><!--\n-->\t\t\t\t\t<\/rs-slide>\n\t\t\t\t\t<\/rs-slides>\n\t\t\t\t<\/rs-module>\n\t\t\t\t<script>\n\t\t\t\t\tsetREVStartSize({c: 'rev_slider_2_1',rl:[1240,1024,778,480],el:[1069,768,960,731],gw:[1240,1024,778,375],gh:[1069,768,960,731],type:'standard',justify:'',layout:'fullwidth',mh:\"0\"});if (window.RS_MODULES!==undefined && window.RS_MODULES.modules!==undefined && window.RS_MODULES.modules[\"revslider21\"]!==undefined) {window.RS_MODULES.modules[\"revslider21\"].once = false;window.revapi2 = undefined;if (window.RS_MODULES.checkMinimal!==undefined) window.RS_MODULES.checkMinimal()}\n\t\t\t\t<\/script>\n\t\t\t<\/rs-module-wrap>\n\t\t\t<!-- END REVOLUTION SLIDER -->\n<\/div>\n\n\n<section class=\"block-marquee\">\n        <marquee><p>100% gland ib\u00e9rique nourri, 100% naturel, 100% gland ib\u00e9rique nourri, 100% naturel, 100% gland ib\u00e9rique nourri, 100% naturel, 100% gland ib\u00e9rique nourri, 100% naturel<\/p><\/marquee>\n    <\/section>\n\n\n<section class=\"block-animated-media-text\">\n    <div class=\"container-xl\">\n        <div class=\"text-content\">\n                            <div class=\"title\">\n                    <p>L\u00e0 o\u00f9 le temps et la nature cr\u00e9ent de v\u00e9ritables <strong>tr\u00e9sors ib\u00e9riques<\/strong><\/p>\n                <\/div>\n            \n                            <div class=\"description\">\n                    <p>Chez Belloterra, chaque tranche de jambon na\u00eet dans les dehesas <b>de la vall\u00e9e de Los Pedroches, \u00e0 Cordoue<\/b>. Nos cochons ib\u00e9riques y <b>vivent en libert\u00e9, se nourrissant de glands de ch\u00eane<\/b>, riches en sucres naturels. Cette nourriture conf\u00e8re au jambon ib\u00e9rique de Los Pedroches son go\u00fbt sucr\u00e9 caract\u00e9ristique et une texture in\u00e9galable.<\/p>\n<p>Ce cadre, consid\u00e9r\u00e9 comme<b> la dehesa de ch\u00eanes la plus peupl\u00e9e et la mieux pr\u00e9serv\u00e9e du monde<\/b>, est l&rsquo;\u00e2me de nos produits. Le d\u00e9cor sur lequel nos ma\u00eetres jambonniers pr\u00e9parent un produit de luxe pour ceux qui appr\u00e9cient l&rsquo;excellence.<\/p>\n                <\/div>\n            \n                            \n                                            <a href=\"https:\/\/belloterra.es\/dehesa\/\"\n                            class=\"bttn bttn-primary\">Notre Dehesa<\/a>\n                                                        <\/div>\n        <div class=\"animated-media-container\">\n                            <div class=\"image-bg scroll-zoom\">\n                    <figure class=\" relative image-frame\">\n        <img decoding=\"async\" width=\"405\" height=\"544\" src=\"https:\/\/belloterra.es\/wp-content\/uploads\/2025\/07\/vista_dehesa.webp\" class=\"image-frame\" alt=\"\" srcset=\"https:\/\/belloterra.es\/wp-content\/uploads\/2025\/07\/vista_dehesa.webp 405w, https:\/\/belloterra.es\/wp-content\/uploads\/2025\/07\/vista_dehesa-223x300.webp 223w\" sizes=\"(max-width: 405px) 100vw, 405px\" \/>\n    <\/figure>\n                <\/div>\n            \n                    <\/div>\n    <\/div>\n<\/section>\n\n\n<section class=\"block-grid-featured-products woocommerce\">\n    <div class=\"container-xl\">\n                    <div class=\"block-header\">\n                                    <div class=\"block-title\">\n                        <p>La s\u00e9lection de nos artisans<\/p>\n                    <\/div>\n                \n                                    <div class=\"block-subtitle\">\n                        <h1>Magasin de produits ib\u00e9riques<\/h1>\n                    <\/div>\n                            <\/div>\n        \n                    <div class=\"block-description\">\n                <p>D\u00e9couvrez nos ib\u00e9riques les plus embl\u00e9matiques, issus d&rsquo;une tradition s\u00e9culaire et d&rsquo;un amour de l&rsquo;artisanat. Chaque pi\u00e8ce refl\u00e8te notre obsession de la qualit\u00e9, offrant une exp\u00e9rience gastronomique unique pour les palais les plus exigeants.<\/p>\n            <\/div>\n                            <div class=\"product-grid\" id=\"swiperFeaturedProducts\">\n                                    <ul class=\"products swiper-wrapper\">\n                                                    \n                                                            <div class=\"swiper-slide\">\n                                    <li class=\"product type-product \">\n        <a href=\"https:\/\/belloterra.es\/producto\/jamon-de-bellota-100-iberico\/\" class=\"woocommerce-loop-product__link \">\n            <figure class=\"attachment-woocommerce_thumbnail\">\n                <img decoding=\"async\" class=\"image-product\" src=\"https:\/\/belloterra.es\/wp-content\/uploads\/2024\/07\/Jamon-de-Bellota-100-Iberico.jpg\" alt=\"Jam\u00f3n de Bellota 100% ib\u00e9rico\">\n                <div class=\"award\">\n                    \n                                    <\/div>\n                <div class=\"bttn bttn-primary\">D\u00e9couvrir<\/div>\n            <\/figure>\n            <div class=\"wrap\">\n                <div class=\"woocommerce-loop-product__title\">\n                    <div class=\"product-box-title\">\n                        Jam\u00f3n de Bellota 100% ib\u00e9rico\n                    <\/div>\n                <\/div>\n\n                                    <div class=\"product-box-description\">\n                                                 \n                                                    100% Race Ib\u00e9rique  \n                                                <div class=\"weight\">7\/8kg<\/div>\n                    <\/div>\n                            <\/div>\n        <\/a>\n    <\/li>\n                                <\/div>\n                                                                                \n                                                            <div class=\"swiper-slide\">\n                                    <li class=\"product type-product \">\n        <a href=\"https:\/\/belloterra.es\/producto\/jamon-de-bellota-100-iberico-d-o-los-pedroches\/\" class=\"woocommerce-loop-product__link \">\n            <figure class=\"attachment-woocommerce_thumbnail\">\n                <img decoding=\"async\" class=\"image-product\" src=\"https:\/\/belloterra.es\/wp-content\/uploads\/2024\/07\/Jamon-de-Bellota-100-Iberico-D.O.-Los-Pedroches-.jpg\" alt=\"Jam\u00f3n de Bellota 100% Ib\u00e9rico D.O. Los Pedroches\">\n                <div class=\"award\">\n                    \n                                                                        <figure class=\"  mb-0 logo-award\">\n        <img decoding=\"async\" width=\"69\" height=\"67\" src=\"https:\/\/belloterra.es\/wp-content\/uploads\/2025\/08\/Logo-Great-Taste-2025_sf.png\" class=\"mb-0 logo-award\" alt=\"\" \/>\n    <\/figure>\n                                                    <figure class=\"  mb-0 logo-award\">\n        <img decoding=\"async\" width=\"67\" height=\"67\" src=\"https:\/\/belloterra.es\/wp-content\/uploads\/2025\/06\/logo-encina-de-oro-black.png\" class=\"mb-0 logo-award\" alt=\"\" \/>\n    <\/figure>\n                                                            <\/div>\n                <div class=\"bttn bttn-primary\">D\u00e9couvrir<\/div>\n            <\/figure>\n            <div class=\"wrap\">\n                <div class=\"woocommerce-loop-product__title\">\n                    <div class=\"product-box-title\">\n                        Jam\u00f3n de Bellota 100% Ib\u00e9rico D.O. Los Pedroches\n                    <\/div>\n                <\/div>\n\n                                    <div class=\"product-box-description\">\n                                                 \n                                                    100% Race Ib\u00e9rique  \n                                                <div class=\"weight\">7\/8kg<\/div>\n                    <\/div>\n                            <\/div>\n        <\/a>\n    <\/li>\n                                <\/div>\n                                                                                \n                                                            <div class=\"swiper-slide\">\n                                    <li class=\"product type-product \">\n        <a href=\"https:\/\/belloterra.es\/producto\/jamon-de-bellota-iberico-50-r-i\/\" class=\"woocommerce-loop-product__link \">\n            <figure class=\"attachment-woocommerce_thumbnail\">\n                <img decoding=\"async\" class=\"image-product\" src=\"https:\/\/belloterra.es\/wp-content\/uploads\/2024\/07\/Jamon-de-Bellota-Iberico-50-R.I.jpg\" alt=\"Jam\u00f3n de Bellota 50% R.I.\">\n                <div class=\"award\">\n                    \n                                    <\/div>\n                <div class=\"bttn bttn-primary\">D\u00e9couvrir<\/div>\n            <\/figure>\n            <div class=\"wrap\">\n                <div class=\"woocommerce-loop-product__title\">\n                    <div class=\"product-box-title\">\n                        Jam\u00f3n de Bellota 50% R.I.\n                    <\/div>\n                <\/div>\n\n                                    <div class=\"product-box-description\">\n                                                 \n                                                    Cochons \u00e9lev\u00e9s en libert\u00e9  \n                                                <div class=\"weight\">7\/8kg<\/div>\n                    <\/div>\n                            <\/div>\n        <\/a>\n    <\/li>\n                                <\/div>\n                                                                        <\/ul>\n                            <\/div>\n        \n                               \n                                    <a href=\"https:\/\/belloterra.es\/categoria-producto\/los-mas-vendidos\/ \"\n                        class=\"bttn bttn-tertiary\">Ver todos los productos<\/a>\n                                        <\/div>\n<\/section>\n\n\n<section class=\"section-banner-two-images\">\n    <div class=\"container-xl\">\n        <div class=\"content-titles\">\n                            <div class=\"title\"><p>Le v\u00e9ritable art ib\u00e9rique<\/p><\/div>\n            \n                            <div class=\"subtitle\"><p>Cultiv\u00e9 avec passion, offert avec fiert\u00e9<\/p><\/div>\n                    <\/div>\n\n                    <div class=\"description\"><p>Le Jambon Bellota 100% Ib\u00e9rique est une exp\u00e9rience gastronomique qui refl\u00e8te la richesse de notre terre. <b>Ce jambon repr\u00e9sente la fusion parfaite entre la nature et la tradition<\/b>. Une tradition transmise de p\u00e8re en fils.<\/p><\/div>\n        \n        <div class=\"images\">\n                            <div class=\"image-left\">\n                    <img decoding=\"async\" src=\"https:\/\/belloterra.es\/wp-content\/uploads\/2025\/05\/arte_iberico_izq.webp\" alt=\"\" loading=\"lazy\">\n                <\/div>\n            \n                            <div class=\"image-right\">\n                    <img decoding=\"async\" src=\"https:\/\/belloterra.es\/wp-content\/uploads\/2025\/07\/Sin-titulo-636-x-451-px.webp\" alt=\"\" loading=\"lazy\">\n                <\/div>\n                    <\/div>\n\n                                    \n                <div class=\"button-wrapper\">\n                    <a href=\"https:\/\/belloterra.es\/categoria-producto\/premium\/\" class=\"bttn bttn-secondary\">\n                        Jambon premium\n                    <\/a>\n                <\/div>\n                        <\/div>\n<\/section>\n\n\n<section class=\"banner-video-fullwidth\">\n            <video class=\"object-cover\" autoplay muted loop playsinline>\n            <source src=\"https:\/\/belloterra.es\/\/wp-content\/uploads\/2025\/07\/Diseno-sin-titulo.mp4\" type=\"video\/mp4\">\n            Tu navegador no soporta el video HTML5.\n        <\/video>\n    \n    <div class=\"container-xl wrap-text\">\n                    <div class=\"title\"><p>Les ma\u00eetres de l&rsquo;ib\u00e9rique : de l&rsquo;art dans chaque tranche<\/p><\/div>\n        \n        \n                    <div class=\"description\"><p>Comme un peintre devant une toile, <b>nos ma\u00eetres jambonniers<\/b> cr\u00e9ent de l&rsquo;art \u00e0 chaque coupe. Leur savoir-faire, transmis de g\u00e9n\u00e9ration en g\u00e9n\u00e9ration, se refl\u00e8te dans chaque coupe, dans chaque petit d\u00e9tail.<\/p>\n<p>Ils connaissent le langage de l&rsquo;ib\u00e9rique : ils savent \u00e9couter le temps, interpr\u00e9ter la texture et r\u00e9v\u00e9ler le go\u00fbt parfait dans chaque tranche. Chaque jambon est le r\u00e9sultat de leur <b>patience, de leur soin et de leur profond respect de la tradition.<\/b><\/p><\/div>\n        \n                                                        <a href=\"https:\/\/belloterra.es\/los-maestros\/\" class=\"bttn bttn-primary\">\n                        Les ma\u00eetres\n                    <\/a>\n                                           \n    <\/div>\n    <div class=\"overlay-simple\"><\/div>\n    <div class=\"overlay\"><\/div>\n<\/section>\n\n\n<section class=\"block-media-and-text-bto-awards  awards \">\n    <div class=\"container-xl\">\n\n                    <figure class=\" cover left\">\n        <img decoding=\"async\" width=\"734\" height=\"283\" src=\"https:\/\/belloterra.es\/wp-content\/uploads\/2025\/06\/premios.jpg\" class=\"left\" alt=\"\" srcset=\"https:\/\/belloterra.es\/wp-content\/uploads\/2025\/06\/premios.jpg 734w, https:\/\/belloterra.es\/wp-content\/uploads\/2025\/06\/premios-300x116.jpg 300w, https:\/\/belloterra.es\/wp-content\/uploads\/2025\/06\/premios-600x231.jpg 600w\" sizes=\"(max-width: 734px) 100vw, 734px\" \/>\n    <\/figure>\n        \n        <div class=\"content left\">\n                            <figure class=\"  ico-award\">\n        <img decoding=\"async\" width=\"145\" height=\"144\" src=\"https:\/\/belloterra.es\/wp-content\/uploads\/2025\/07\/premio_destacado.webp\" class=\"ico-award\" alt=\"\" srcset=\"https:\/\/belloterra.es\/wp-content\/uploads\/2025\/07\/premio_destacado.webp 145w, https:\/\/belloterra.es\/wp-content\/uploads\/2025\/07\/premio_destacado-100x100.webp 100w\" sizes=\"(max-width: 145px) 100vw, 145px\" \/>\n    <\/figure>\n            \n                            <div class=\"title\"><p>Reconnaissances de notre excellence ib\u00e9rique<\/p><\/div>\n            \n            \n                                                <a href=\"https:\/\/belloterra.es\/premios-y-certificaciones\/\" class=\"bttn bttn-primary\">\n                        Premios\n                    <\/a>\n                                    <\/div>\n\n    <\/div>\n<\/section>\n\n\n<section class=\"block-newsletter\">\n    <div class=\"container-xl\">\n                    <figure class=\" left bg\">\n        <img decoding=\"async\" width=\"527\" height=\"309\" src=\"https:\/\/belloterra.es\/wp-content\/uploads\/2025\/07\/bg_newsletter_new.webp\" class=\"bg\" alt=\"\" srcset=\"https:\/\/belloterra.es\/wp-content\/uploads\/2025\/07\/bg_newsletter_new.webp 527w, https:\/\/belloterra.es\/wp-content\/uploads\/2025\/07\/bg_newsletter_new-300x176.webp 300w\" sizes=\"(max-width: 527px) 100vw, 527px\" \/>\n    <\/figure>\n        \n        <div class=\"content\">\n                            <div class=\"title\"><p>Abonnez-vous \u00e0 notre newsletter<\/p>\n<\/div>\n            \n                            <div class=\"description\">Restez inform\u00e9 des derni\u00e8res nouveaut\u00e9s du monde des produits ib\u00e9riques.<\/div>\n            \n                            <div class=\"form\">\n                     <div class=\"forminator-ui forminator-custom-form forminator-custom-form-5365 forminator-design--default  forminator_ajax\" data-forminator-render=\"0\" data-form=\"forminator-module-5365\" data-uid=\"69eb78cab3f04\"><br\/><\/div><form\n\t\t\t\tid=\"forminator-module-5365\"\n\t\t\t\tclass=\"forminator-ui forminator-custom-form forminator-custom-form-5365 forminator-design--default  forminator_ajax\"\n\t\t\t\tmethod=\"post\"\n\t\t\t\tdata-forminator-render=\"0\"\n\t\t\t\tdata-form-id=\"5365\"\n\t\t\t\t data-color-option=\"theme\" data-design=\"default\" data-grid=\"open\" style=\"display: none;\"\n\t\t\t\tdata-uid=\"69eb78cab3f04\"\n\t\t\t><div role=\"alert\" aria-live=\"polite\" class=\"forminator-response-message forminator-error\" aria-hidden=\"true\"><\/div><div class=\"forminator-row\"><div id=\"email-1\" class=\"forminator-field-email forminator-col forminator-col-12 \"><div class=\"forminator-field\"><input type=\"email\" name=\"email-1\" value=\"\" placeholder=\"Saisissez votre adresse e-mail\" id=\"forminator-field-email-1_69eb78cab3f04\" class=\"forminator-input forminator-email--field\" data-required=\"true\" aria-required=\"true\" autocomplete=\"email\" \/><\/div><\/div><\/div><div class=\"forminator-row\" style=\"margin: 0;\"><div id=\"captcha-1\" class=\"forminator-field-captcha  forminator-col-12 \"><div class=\"forminator-captcha-left forminator-g-recaptcha recaptcha-invisible\" data-theme=\"light\" data-badge=\"bottomright\" data-sitekey=\"6LdDl4MrAAAAAJKLOiKZnxSv9Li0WuTLQj5lIPPl\" data-size=\"invisible\"><\/div> <\/div><\/div><div class=\"forminator-row\"><div id=\"consent-1\" class=\"forminator-field-consent forminator-col forminator-col-12 \"><div class=\"forminator-field\"><div class=\"forminator-checkbox__wrapper\"><label id=\"forminator-field-consent-1_69eb78cab3f04__label\" class=\"forminator-checkbox forminator-consent\"><input type=\"checkbox\" name=\"consent-1\" id=\"forminator-field-consent-1_69eb78cab3f04\" value=\"checked\" aria-labelledby=\"forminator-field-consent-1_69eb78cab3f04-label\" aria-describedby=\"forminator-field-consent-1_69eb78cab3f04__description\" data-required=\"true\" aria-required=\"true\" \/><span class=\"forminator-checkbox-box\" aria-hidden=\"true\"><\/span><\/label><div id=\"forminator-field-consent-1_69eb78cab3f04__description\" class=\"forminator-checkbox__label forminator-consent__label\"><p>J&rsquo;ai lu et j&rsquo;accepte la <a href=\"\/fr\/politique-de-confidentialite\/\">politique de confidentialit\u00e9.<\/a><\/p><\/div><\/div><\/div><\/div><\/div><input type=\"hidden\" name=\"referer_url\" value=\"\" \/><div class=\"forminator-row forminator-row-last\"><div class=\"forminator-col\"><div class=\"forminator-field\"><button class=\"forminator-button forminator-button-submit\">S&#039;abonner<\/button><\/div><\/div><\/div><input type=\"hidden\" id=\"forminator_nonce\" name=\"forminator_nonce\" value=\"18c04b2958\" \/><input type=\"hidden\" name=\"_wp_http_referer\" value=\"\/fr\/wp-json\/wp\/v2\/pages\/5084\" \/><input type=\"hidden\" name=\"form_id\" value=\"5365\"><input type=\"hidden\" name=\"page_id\" value=\"5084\"><input type=\"hidden\" name=\"form_type\" value=\"default\"><input type=\"hidden\" name=\"current_url\" value=\"https:\/\/belloterra.es\/fr\/\"><input type=\"hidden\" name=\"render_id\" value=\"0\"><input type=\"hidden\" name=\"action\" value=\"forminator_submit_form_custom-forms\"><label for=\"input_3\" class=\"forminator-hidden\" aria-hidden=\"true\">Veuillez ne pas remplir ce champ. <input id=\"input_3\" type=\"text\" name=\"input_3\" value=\"\" autocomplete=\"off\"><\/label><\/form>\n                <\/div>\n                    <\/div>\n    <\/div>\n<\/section>\n","protected":false},"excerpt":{"rendered":"","protected":false},"author":1,"featured_media":0,"parent":0,"menu_order":0,"comment_status":"closed","ping_status":"closed","template":"","meta":{"footnotes":""},"class_list":["post-5084","page","type-page","status-publish","hentry"],"_links":{"self":[{"href":"https:\/\/belloterra.es\/fr\/wp-json\/wp\/v2\/pages\/5084","targetHints":{"allow":["GET"]}}],"collection":[{"href":"https:\/\/belloterra.es\/fr\/wp-json\/wp\/v2\/pages"}],"about":[{"href":"https:\/\/belloterra.es\/fr\/wp-json\/wp\/v2\/types\/page"}],"author":[{"embeddable":true,"href":"https:\/\/belloterra.es\/fr\/wp-json\/wp\/v2\/users\/1"}],"replies":[{"embeddable":true,"href":"https:\/\/belloterra.es\/fr\/wp-json\/wp\/v2\/comments?post=5084"}],"version-history":[{"count":8,"href":"https:\/\/belloterra.es\/fr\/wp-json\/wp\/v2\/pages\/5084\/revisions"}],"predecessor-version":[{"id":5869,"href":"https:\/\/belloterra.es\/fr\/wp-json\/wp\/v2\/pages\/5084\/revisions\/5869"}],"wp:attachment":[{"href":"https:\/\/belloterra.es\/fr\/wp-json\/wp\/v2\/media?parent=5084"}],"curies":[{"name":"wp","href":"https:\/\/api.w.org\/{rel}","templated":true}]}}