{"id":5259,"date":"2024-07-02T11:47:34","date_gmt":"2024-07-02T11:47:34","guid":{"rendered":"https:\/\/belloterra.es\/\/producto\/salchichon-cular-de-bellota-iberico\/"},"modified":"2025-08-26T10:12:14","modified_gmt":"2025-08-26T10:12:14","slug":"salchichon-cular-de-bellota-iberico","status":"publish","type":"product","link":"https:\/\/belloterra.es\/en\/producto\/salchichon-cular-de-bellota-iberico\/","title":{"rendered":"Ib\u00e9rico de Bellota Salchich\u00f3n"},"content":{"rendered":"<h2>Characteristics of Iberian Acorn Salchich\u00f3n<\/h2>\n<p>This Iberian acorn cular salchich\u00f3n is made with select lean cuts from free-range Iberian pigs, fed with acorns. Its traditional curing, combined with a balanced mix of pepper and natural spices, enhances its deep aroma and delicate flavor.<\/p>\n","protected":false},"excerpt":{"rendered":"<p>Made with patience and passion, the Iberian acorn salchich\u00f3n is a delicacy that reflects the essence of Iberian meat. Its lean meat, slowly cured in natural cellars, develops a silky texture and an intense flavor.<\/p>\n<p>600 g<\/p>\n","protected":false},"featured_media":8719,"template":"","meta":[],"product_brand":[],"product_cat":[188],"product_tag":[],"class_list":{"0":"post-5259","1":"product","2":"type-product","3":"status-publish","4":"has-post-thumbnail","6":"product_cat-embutidos-en","8":"first","9":"instock","10":"taxable","11":"shipping-taxable","12":"purchasable","13":"product-type-simple"},"_links":{"self":[{"href":"https:\/\/belloterra.es\/en\/wp-json\/wp\/v2\/product\/5259","targetHints":{"allow":["GET"]}}],"collection":[{"href":"https:\/\/belloterra.es\/en\/wp-json\/wp\/v2\/product"}],"about":[{"href":"https:\/\/belloterra.es\/en\/wp-json\/wp\/v2\/types\/product"}],"wp:featuredmedia":[{"embeddable":true,"href":"https:\/\/belloterra.es\/en\/wp-json\/wp\/v2\/media\/8719"}],"wp:attachment":[{"href":"https:\/\/belloterra.es\/en\/wp-json\/wp\/v2\/media?parent=5259"}],"wp:term":[{"taxonomy":"product_brand","embeddable":true,"href":"https:\/\/belloterra.es\/en\/wp-json\/wp\/v2\/product_brand?post=5259"},{"taxonomy":"product_cat","embeddable":true,"href":"https:\/\/belloterra.es\/en\/wp-json\/wp\/v2\/product_cat?post=5259"},{"taxonomy":"product_tag","embeddable":true,"href":"https:\/\/belloterra.es\/en\/wp-json\/wp\/v2\/product_tag?post=5259"}],"curies":[{"name":"wp","href":"https:\/\/api.w.org\/{rel}","templated":true}]}}